{"id":86708,"date":"2025-07-19T19:00:59","date_gmt":"2025-07-19T19:00:59","guid":{"rendered":"https:\/\/brandss.com.py\/index\/?post_type=product&#038;p=86708"},"modified":"2026-01-12T17:46:17","modified_gmt":"2026-01-12T17:46:17","slug":"camiseta-deportivo-masculino-nike-dri-fit-legend-mangas-cortas","status":"publish","type":"product","link":"https:\/\/brandss.com.py\/index\/producto\/camiseta-deportivo-masculino-nike-dri-fit-legend-mangas-cortas\/","title":{"rendered":"CAMISETA DEPORTIVO MASCULINO NIKE DRI-FIT LEGEND MANGAS CORTAS"},"content":{"rendered":"<p><img loading=\"lazy\" decoding=\"async\" class=\"\" src=\"https:\/\/www.liderlogo.es\/wp-content\/uploads\/2022\/12\/pasted-image-0-1024x576.png\" alt=\"Significado E Historia Del Logo De Nike\" width=\"75\" height=\"42\" \/><\/p>\n<h1>DRI-FIT LEGEND<\/h1>\n<p class=\"nds-text pb4-sm css-qtj9g7 e1yhcai00 appearance-body1 color-primary weight-regular\" data-testid=\"product-description\">Como actualizaci\u00f3n de la playera Legend, esta playera absorbente de sudor es suave en todas las formas correctas. Tambi\u00e9n la recortamos con un ajuste m\u00e1s relajado y holgado que las versiones anteriores para que puedas lograr todas tus repeticiones sin perder el ritmo.<\/p>\n<div data-testid=\"benefit-section\"><\/div>\n<div data-testid=\"benefit-section\">\n<h4 class=\"nds-text pb2-sm css-1m2rxfq e1yhcai00 appearance-title4 color-primary weight-regular\" data-testid=\"benefit-header\">Beneficios<\/h4>\n<ul class=\"pb4-sm css-1vql4bw eru6lik0 nds-list\" data-testid=\"benefit-list\">\n<li class=\"nds-text css-xlkxpi e1yhcai00 appearance-body1 color-primary weight-regular\">La tecnolog\u00eda Nike Dri-FIT absorbe el sudor de la piel para acelerar la evaporaci\u00f3n, lo que ayuda a mantener la transpirabilidad y la comodidad.<\/li>\n<li class=\"nds-text css-xlkxpi e1yhcai00 appearance-body1 color-primary weight-regular\">La tela de punto se siente suave y tersa.<\/li>\n<li class=\"nds-text css-xlkxpi e1yhcai00 appearance-body1 color-primary weight-regular\">Actualizada para brindar una sensaci\u00f3n m\u00e1s relajada que es ligeramente m\u00e1s suelta en el pecho, la cintura y las caderas que las versiones anteriores.<\/li>\n<\/ul>\n<\/div>\n<div data-testid=\"benefit-section\"><\/div>\n<div data-testid=\"benefit-section\">\n<h4 class=\"nds-text pb2-sm css-1m2rxfq e1yhcai00 appearance-title4 color-primary weight-regular\" data-testid=\"benefit-header\">Datos del producto<\/h4>\n<ul class=\"pb4-sm css-1vql4bw eru6lik0 nds-list\" data-testid=\"benefit-list\">\n<li class=\"nds-text css-xlkxpi e1yhcai00 appearance-body1 color-primary weight-regular\">Ajuste est\u00e1ndar para una sensaci\u00f3n relajada y c\u00f3moda.<\/li>\n<li class=\"nds-text css-xlkxpi e1yhcai00 appearance-body1 color-primary weight-regular\">Dobladillo del cuello de tela de canal\u00e9.<\/li>\n<li class=\"nds-text css-xlkxpi e1yhcai00 appearance-body1 color-primary weight-regular\">100% poli\u00e9ster.<\/li>\n<li class=\"nds-text css-xlkxpi e1yhcai00 appearance-body1 color-primary weight-regular\">Lavar a m\u00e1quina.<\/li>\n<li class=\"nds-text css-xlkxpi e1yhcai00 appearance-body1 color-primary weight-regular\">Producto importado.<\/li>\n<li class=\"nds-text css-xlkxpi e1yhcai00 appearance-body1 color-primary weight-regular\">Color que se muestra: Rojo universitario\/Negro.<\/li>\n<li class=\"nds-text css-xlkxpi e1yhcai00 appearance-body1 color-primary weight-regular\">Estilo: DX0989-657.<\/li>\n<\/ul>\n<\/div>\n","protected":false},"excerpt":{"rendered":"<p>DRI-FIT LEGEND Como actualizaci\u00f3n de la playera Legend, esta playera absorbente de sudor es suave en todas las formas correctas.<\/p>\n","protected":false},"featured_media":86709,"comment_status":"open","ping_status":"closed","template":"","meta":{"nf_dc_page":""},"product_brand":[1333],"product_cat":[76],"product_tag":[2465],"class_list":{"0":"post-86708","1":"product","2":"type-product","3":"status-publish","4":"has-post-thumbnail","6":"product_brand-nike","7":"product_cat-masculino","8":"product_tag-dx0989-657","10":"first","11":"outofstock","12":"shipping-taxable","13":"purchasable","14":"product-type-simple"},"_links":{"self":[{"href":"https:\/\/brandss.com.py\/index\/wp-json\/wp\/v2\/product\/86708","targetHints":{"allow":["GET"]}}],"collection":[{"href":"https:\/\/brandss.com.py\/index\/wp-json\/wp\/v2\/product"}],"about":[{"href":"https:\/\/brandss.com.py\/index\/wp-json\/wp\/v2\/types\/product"}],"replies":[{"embeddable":true,"href":"https:\/\/brandss.com.py\/index\/wp-json\/wp\/v2\/comments?post=86708"}],"version-history":[{"count":1,"href":"https:\/\/brandss.com.py\/index\/wp-json\/wp\/v2\/product\/86708\/revisions"}],"predecessor-version":[{"id":86718,"href":"https:\/\/brandss.com.py\/index\/wp-json\/wp\/v2\/product\/86708\/revisions\/86718"}],"wp:featuredmedia":[{"embeddable":true,"href":"https:\/\/brandss.com.py\/index\/wp-json\/wp\/v2\/media\/86709"}],"wp:attachment":[{"href":"https:\/\/brandss.com.py\/index\/wp-json\/wp\/v2\/media?parent=86708"}],"wp:term":[{"taxonomy":"product_brand","embeddable":true,"href":"https:\/\/brandss.com.py\/index\/wp-json\/wp\/v2\/product_brand?post=86708"},{"taxonomy":"product_cat","embeddable":true,"href":"https:\/\/brandss.com.py\/index\/wp-json\/wp\/v2\/product_cat?post=86708"},{"taxonomy":"product_tag","embeddable":true,"href":"https:\/\/brandss.com.py\/index\/wp-json\/wp\/v2\/product_tag?post=86708"}],"curies":[{"name":"wp","href":"https:\/\/api.w.org\/{rel}","templated":true}]}}