{"id":86734,"date":"2025-07-21T13:07:31","date_gmt":"2025-07-21T13:07:31","guid":{"rendered":"https:\/\/brandss.com.py\/index\/?post_type=product&#038;p=86734"},"modified":"2026-01-12T18:08:13","modified_gmt":"2026-01-12T18:08:13","slug":"sujetador-deportivo-femenino-nike-swoosh-de-soporte-medio-2","status":"publish","type":"product","link":"https:\/\/brandss.com.py\/index\/producto\/sujetador-deportivo-femenino-nike-swoosh-de-soporte-medio-2\/","title":{"rendered":"SUJETADOR DEPORTIVO FEMENINO NIKE SWOOSH DE SOPORTE MEDIO"},"content":{"rendered":"<p><img loading=\"lazy\" decoding=\"async\" class=\"\" src=\"https:\/\/logos-world.net\/wp-content\/uploads\/2020\/04\/Nike-Logo.png\" alt=\"Nike Logo, symbol, meaning, history, PNG, brand\" width=\"109\" height=\"61\" \/><\/p>\n<h1>SWOOSH<\/h1>\n<div class=\"b-fullpdpdetails__item\" data-prop-name=\"productDescription\"><span>Est\u00e1s en movimiento. Tu relleno no deber\u00eda estarlo. Las almohadillas cosidas de este sujetador Swoosh se mantienen en su lugar para que puedas entrenar sin preocuparte de que se muevan o se doblen. Ideal para entrenamientos y clases de baile, su soporte medio te brinda una sujeci\u00f3n c\u00f3moda que ayuda a mantener todo en su lugar. Adem\u00e1s, el material transpirable y adaptable recupera r\u00e1pidamente su forma para que te mantengas c\u00f3moda durante todo el entrenamiento.<\/span><\/div>\n<div data-prop-name=\"productDescription\"><\/div>\n<div class=\"b-fullpdpdetails__attribute\" data-id=\"gmg_enhancedBenefits\">\n<div class=\"b-fullpdpdetails__section\">\n<div class=\"b-fullpdpdetails__title\"><strong>Ajuste y tejido adaptables<\/p>\n<p><\/strong><\/div>\n<div class=\"b-productdata__content\"><span>Cuando te esfuerzas al m\u00e1ximo, el tejido ligero y adaptable del sujetador se siente como una segunda piel para una comodidad y sujeci\u00f3n superiores. A la hora de descansar, se recupera r\u00e1pidamente y proporciona una sujeci\u00f3n ce\u00f1ida y una forma sutil. Sus fibras superel\u00e1sticas facilitan pon\u00e9rselo y quit\u00e1rselo, sin tener que agacharse para quit\u00e1rselo.<\/span><\/div>\n<div><\/div>\n<\/div>\n<div class=\"b-fullpdpdetails__section\">\n<div class=\"b-fullpdpdetails__title\"><strong>Mantente seco<\/p>\n<p><\/strong><\/div>\n<div class=\"b-productdata__content\"><span>La tecnolog\u00eda Nike Dri-FIT absorbe el sudor de la piel para una evaporaci\u00f3n m\u00e1s r\u00e1pida, ayud\u00e1ndote a mantenerte seco y c\u00f3modo. Se combina con un forro de malla para mantenerte fresco.<\/span><\/div>\n<div><\/div>\n<\/div>\n<div class=\"b-fullpdpdetails__section\">\n<div class=\"b-fullpdpdetails__title\"><strong>Un Swoosh para todos<\/p>\n<p><\/strong><\/div>\n<div class=\"b-productdata__content\"><span>El sujetador deportivo Swoosh ha sido durante mucho tiempo un aliado para tus entrenamientos y m\u00e1s all\u00e1, pero no todas las mujeres tienen las mismas necesidades. \u00bfBuscas una cobertura m\u00ednima y una sujeci\u00f3n suave? El Swoosh Light Support es el sujetador ideal para ti. Y si buscas una cobertura m\u00e1s completa y mayor ajuste, el Swoosh High Support est\u00e1 listo para acompa\u00f1arte dondequiera que vayas.<\/span><\/div>\n<\/div>\n<div>\n<div><\/div>\n<h3 class=\"b-fullpdpdetails__title\">Detalles<\/h3>\n<div class=\"b-productdata__content\">\n<ul class=\"b-list--dots\">\n<li>Cuerpo: 72 % poli\u00e9ster\/28 % elastano. Malla: 81 % poli\u00e9ster\/19 % elastano. Forro trasero: 72 % poli\u00e9ster\/28 % elastano. Tejido de la almohadilla trasera: 100 % poli\u00e9ster. Almohadilla: 100 % poliuretano.<\/li>\n<li>Lavado a m\u00e1quina.<\/li>\n<li>Importado.<\/li>\n<li>Color: Royal Pulse\/Blanco.<\/li>\n<li>Modelo: DX6821-494.<\/li>\n<\/ul>\n<\/div>\n<\/div>\n<\/div>\n","protected":false},"excerpt":{"rendered":"<p>SWOOSH Est\u00e1s en movimiento. Tu relleno no deber\u00eda estarlo. Las almohadillas cosidas de este sujetador Swoosh se mantienen en su<\/p>\n","protected":false},"featured_media":86735,"comment_status":"open","ping_status":"closed","template":"","meta":{"nf_dc_page":""},"product_brand":[1333],"product_cat":[73],"product_tag":[2469],"class_list":{"0":"post-86734","1":"product","2":"type-product","3":"status-publish","4":"has-post-thumbnail","6":"product_brand-nike","7":"product_cat-femenino","8":"product_tag-dx6821-494","10":"first","11":"outofstock","12":"shipping-taxable","13":"purchasable","14":"product-type-simple"},"_links":{"self":[{"href":"https:\/\/brandss.com.py\/index\/wp-json\/wp\/v2\/product\/86734","targetHints":{"allow":["GET"]}}],"collection":[{"href":"https:\/\/brandss.com.py\/index\/wp-json\/wp\/v2\/product"}],"about":[{"href":"https:\/\/brandss.com.py\/index\/wp-json\/wp\/v2\/types\/product"}],"replies":[{"embeddable":true,"href":"https:\/\/brandss.com.py\/index\/wp-json\/wp\/v2\/comments?post=86734"}],"version-history":[{"count":1,"href":"https:\/\/brandss.com.py\/index\/wp-json\/wp\/v2\/product\/86734\/revisions"}],"predecessor-version":[{"id":86743,"href":"https:\/\/brandss.com.py\/index\/wp-json\/wp\/v2\/product\/86734\/revisions\/86743"}],"wp:featuredmedia":[{"embeddable":true,"href":"https:\/\/brandss.com.py\/index\/wp-json\/wp\/v2\/media\/86735"}],"wp:attachment":[{"href":"https:\/\/brandss.com.py\/index\/wp-json\/wp\/v2\/media?parent=86734"}],"wp:term":[{"taxonomy":"product_brand","embeddable":true,"href":"https:\/\/brandss.com.py\/index\/wp-json\/wp\/v2\/product_brand?post=86734"},{"taxonomy":"product_cat","embeddable":true,"href":"https:\/\/brandss.com.py\/index\/wp-json\/wp\/v2\/product_cat?post=86734"},{"taxonomy":"product_tag","embeddable":true,"href":"https:\/\/brandss.com.py\/index\/wp-json\/wp\/v2\/product_tag?post=86734"}],"curies":[{"name":"wp","href":"https:\/\/api.w.org\/{rel}","templated":true}]}}