{"id":86744,"date":"2025-07-21T13:53:02","date_gmt":"2025-07-21T13:53:02","guid":{"rendered":"https:\/\/brandss.com.py\/index\/?post_type=product&#038;p=86744"},"modified":"2026-04-22T18:24:59","modified_gmt":"2026-04-22T18:24:59","slug":"calzado-deportivo-femenino-nike-metcon-9-3","status":"publish","type":"product","link":"https:\/\/brandss.com.py\/index\/producto\/calzado-deportivo-femenino-nike-metcon-9-3\/","title":{"rendered":"CALZADO DEPORTIVO FEMENINO NIKE METCON 9"},"content":{"rendered":"<p><img loading=\"lazy\" decoding=\"async\" class=\"\" src=\"https:\/\/logos-world.net\/wp-content\/uploads\/2020\/04\/Nike-Logo.png\" alt=\"Nike Logo, symbol, meaning, history, PNG, brand\" width=\"126\" height=\"71\" \/><\/p>\n<h1>METCON 9<\/h1>\n<div class=\"b-fullpdpdetails__item\" data-prop-name=\"productDescription\"><span>Sea cual sea tu motivo para entrenar, el Metcon 9 lo hace todo vale la pena. Hemos mejorado el modelo 8 con una placa Hyperlift m\u00e1s grande y una cuerda de goma. Aclamado por algunos de los mejores atletas del mundo, pensado para levantadores, el\u00edpticas y personas con muchas ganas, sigue siendo el referente que rinde d\u00eda tras d\u00eda.<\/span><\/div>\n<div data-prop-name=\"productDescription\"><\/div>\n<div data-prop-name=\"productDescription\">\n<div class=\"b-fullpdpdetails__section\">\n<div class=\"b-fullpdpdetails__title\"><strong>M\u00e1s resistente y m\u00e1s fuerte<\/strong><\/div>\n<div><\/div>\n<div class=\"b-productdata__content\">Dise\u00f1amos la placa Hyperlift en el tal\u00f3n a\u00fan m\u00e1s grande para mayor estabilidad al realizar entrenamientos exigentes como sentadillas divididas, peso muerto y otros ejercicios para la parte inferior del cuerpo. La placa ayuda a impulsar el peso hacia abajo y hacia afuera, a la vez que a\u00f1ade rigidez al tal\u00f3n. Esta firmeza te proporciona una sensaci\u00f3n de estabilidad y soporte, especialmente con cargas m\u00e1s pesadas.<\/div>\n<div><\/div>\n<\/div>\n<div class=\"b-fullpdpdetails__section\">\n<div class=\"b-fullpdpdetails__title\"><strong>Sensaci\u00f3n de seguridad<\/strong><\/div>\n<div><\/div>\n<div class=\"b-productdata__content\">El sistema de cierre de cordones se fija a la leng\u00fceta del zapato, as\u00ed que no tienes que preocuparte por engancharlo a ninguna tela. Ayuda a mantener los cordones en su lugar, as\u00ed que una vez que los atas, puedes concentrarte solo en tu entrenamiento.<\/div>\n<div><\/div>\n<\/div>\n<div class=\"b-fullpdpdetails__section\">\n<div class=\"b-fullpdpdetails__title\"><strong>Ir a la cima<\/strong><\/div>\n<div><\/div>\n<div class=\"b-productdata__content\">Extendimos la banda de goma lateral para mayor durabilidad y soporte, para que puedas escalar cualquier tipo de cuerda con la misma velocidad repetida sin preocuparte por el desgaste. Se extiende desde la entresuela hasta la parte superior y proporciona soporte en la parte superior para movimientos multidireccionales.<\/div>\n<div><\/div>\n<\/div>\n<div class=\"b-fullpdpdetails__section\">\n<div class=\"b-fullpdpdetails__title\"><strong>Durable y fresco<\/strong><\/div>\n<div><\/div>\n<div class=\"b-productdata__content\">La malla liviana y transpirable ayuda a mantener el pie fresco y al mismo tiempo tiene el tipo de durabilidad que puede soportar raspaduras, cortes y movimientos de arrastre r\u00e1pidos.<\/div>\n<div><\/div>\n<\/div>\n<div class=\"b-fullpdpdetails__section\">\n<div class=\"b-fullpdpdetails__title\"><strong>Siente la espuma<\/strong><\/div>\n<div><\/div>\n<div class=\"b-productdata__content\">Una entresuela de doble densidad (espuma firme en el exterior, espuma suave en el interior) brinda una amortiguaci\u00f3n sensible para una comodidad duradera para ejercicios cardiovasculares y movimientos continuos.<\/div>\n<\/div>\n<\/div>\n<div data-prop-name=\"productDescription\"><\/div>\n<div class=\"b-fullpdpdetails__attribute\" data-id=\"gmg_productSpecifications\">\n<div class=\"b-fullpdpdetails__section\">\n<div class=\"b-fullpdpdetails__title\"><strong>M\u00e1s beneficios<\/strong><\/div>\n<div class=\"b-productdata__content\">\n<ul class=\"b-list--dots\">\n<li><span>Una suela exterior de goma completa proporciona tracci\u00f3n duradera para movimientos din\u00e1micos como cleans y walking lunges.<\/span><\/li>\n<li><span>El tejido transpirable tiene un estampado h\u00e1ptico que crea un efecto 3D que a\u00f1ade durabilidad y textura, facilitando la limpieza del calzado. Adem\u00e1s, proporciona un soporte flexible y duradero en la zona de los dedos, de modo que no sientas ninguna restricci\u00f3n al separarlos al levantar peso.<\/span><\/li>\n<li>Color: Azul marino armer\u00eda\/Polvo ciruela\/Tormenta egea\/Violeta platino.<\/li>\n<li><span>Modelo: DZ2537-401.<\/span><\/li>\n<\/ul>\n<\/div>\n<\/div>\n<div class=\"b-fullpdpdetails__section\">\n<div class=\"b-productdata__content\"><\/div>\n<\/div>\n<\/div>\n<div class=\"b-fullpdpdetails__attribute\" data-id=\"gmg_enhancedBenefits\">\n<div class=\"b-fullpdpdetails__section\"><\/div>\n<\/div>\n","protected":false},"excerpt":{"rendered":"<p>METCON 9 Sea cual sea tu motivo para entrenar, el Metcon 9 lo hace todo vale la pena. Hemos mejorado<\/p>\n","protected":false},"featured_media":86745,"comment_status":"open","ping_status":"closed","template":"","meta":{"nf_dc_page":""},"product_brand":[1333],"product_cat":[73],"product_tag":[2471],"class_list":{"0":"post-86744","1":"product","2":"type-product","3":"status-publish","4":"has-post-thumbnail","6":"product_brand-nike","7":"product_cat-femenino","8":"product_tag-dz2537-401","10":"first","11":"outofstock","12":"shipping-taxable","13":"purchasable","14":"product-type-simple"},"_links":{"self":[{"href":"https:\/\/brandss.com.py\/index\/wp-json\/wp\/v2\/product\/86744","targetHints":{"allow":["GET"]}}],"collection":[{"href":"https:\/\/brandss.com.py\/index\/wp-json\/wp\/v2\/product"}],"about":[{"href":"https:\/\/brandss.com.py\/index\/wp-json\/wp\/v2\/types\/product"}],"replies":[{"embeddable":true,"href":"https:\/\/brandss.com.py\/index\/wp-json\/wp\/v2\/comments?post=86744"}],"version-history":[{"count":1,"href":"https:\/\/brandss.com.py\/index\/wp-json\/wp\/v2\/product\/86744\/revisions"}],"predecessor-version":[{"id":86753,"href":"https:\/\/brandss.com.py\/index\/wp-json\/wp\/v2\/product\/86744\/revisions\/86753"}],"wp:featuredmedia":[{"embeddable":true,"href":"https:\/\/brandss.com.py\/index\/wp-json\/wp\/v2\/media\/86745"}],"wp:attachment":[{"href":"https:\/\/brandss.com.py\/index\/wp-json\/wp\/v2\/media?parent=86744"}],"wp:term":[{"taxonomy":"product_brand","embeddable":true,"href":"https:\/\/brandss.com.py\/index\/wp-json\/wp\/v2\/product_brand?post=86744"},{"taxonomy":"product_cat","embeddable":true,"href":"https:\/\/brandss.com.py\/index\/wp-json\/wp\/v2\/product_cat?post=86744"},{"taxonomy":"product_tag","embeddable":true,"href":"https:\/\/brandss.com.py\/index\/wp-json\/wp\/v2\/product_tag?post=86744"}],"curies":[{"name":"wp","href":"https:\/\/api.w.org\/{rel}","templated":true}]}}