{"id":86754,"date":"2025-07-21T16:30:07","date_gmt":"2025-07-21T16:30:07","guid":{"rendered":"https:\/\/brandss.com.py\/index\/?post_type=product&#038;p=86754"},"modified":"2026-01-12T18:55:30","modified_gmt":"2026-01-12T18:55:30","slug":"camiseta-deportivo-masculino-nike-pro-dri-fit-mangas-cortas","status":"publish","type":"product","link":"https:\/\/brandss.com.py\/index\/producto\/camiseta-deportivo-masculino-nike-pro-dri-fit-mangas-cortas\/","title":{"rendered":"CAMISETA DEPORTIVO MASCULINO NIKE PRO DRI-FIT MANGAS CORTAS"},"content":{"rendered":"<p><img loading=\"lazy\" decoding=\"async\" class=\"\" src=\"https:\/\/logos-world.net\/wp-content\/uploads\/2020\/04\/Nike-Logo.png\" alt=\"Nike Logo, symbol, meaning, history, PNG, brand\" width=\"89\" height=\"50\" \/><\/p>\n<h1>PRO DRI-FIT<\/h1>\n<div class=\"vtex-store-components-3-x-productDescriptionContainer\">\n<div class=\"vtex-store-components-3-x-productDescriptionText c-muted-1\">La colecci\u00f3n Nike Pro te brinda la confianza que necesitas para superar tus metas personales. Esta playera de ajuste entallado ofrece una sensaci\u00f3n suave y el\u00e1stica que se adapta a tus deportes y ejercicios favoritos. Adem\u00e1s, presenta un dobladillo redondeado que brinda cobertura adicional y una sensaci\u00f3n de seguridad cuando lo llevas por dentro de una prenda para la parte inferior.<\/div>\n<\/div>\n<div class=\"vtex-flex-layout-0-x-flexRow vtex-flex-layout-0-x-flexRow--productSpecificationGroup\" aria-label=\"Secci\u00f3n fila\">\n<div class=\"flex mt0 mb0 pt0 pb0    justify-start vtex-flex-layout-0-x-flexRowContent vtex-flex-layout-0-x-flexRowContent--productSpecificationGroup items-stretch w-100\">\n<div class=\"pr0 items-stretch vtex-flex-layout-0-x-stretchChildrenWidth   flex\">\n<div class=\"vtex-flex-layout-0-x-flexCol  ml0 mr0 pl0 pr0      flex flex-column h-100 w-100\">\n<div class=\"vtex-flex-layout-0-x-flexColChild pb0\">\n<div class=\"vtex-flex-layout-0-x-flexRow vtex-flex-layout-0-x-flexRow--productSpecificationGroupName\" aria-label=\"Secci\u00f3n fila\">\n<div class=\"flex mt0 mb0 pt0 pb0    justify-start vtex-flex-layout-0-x-flexRowContent vtex-flex-layout-0-x-flexRowContent--productSpecificationGroupName items-stretch w-100\">\n<div class=\"pr0 items-stretch vtex-flex-layout-0-x-stretchChildrenWidth   flex\"><\/div>\n<\/div>\n<\/div>\n<\/div>\n<div class=\"vtex-flex-layout-0-x-flexColChild pb0\">\n<div class=\"vtex-flex-layout-0-x-flexRow vtex-flex-layout-0-x-flexRow--productSpecification\" aria-label=\"Secci\u00f3n fila\">\n<div class=\"flex mt0 mb0 pt0 pb0    justify-start vtex-flex-layout-0-x-flexRowContent vtex-flex-layout-0-x-flexRowContent--productSpecification items-stretch w-100\">\n<div class=\"pr7 items-stretch vtex-flex-layout-0-x-stretchChildrenWidth   flex\">\n<div class=\"vtex-flex-layout-0-x-flexCol vtex-flex-layout-0-x-flexCol--productSpecificationName  ml0 mr0 pl0 pr0      flex flex-column h-100 w-100\">\n<div class=\"vtex-flex-layout-0-x-flexColChild vtex-flex-layout-0-x-flexColChild--productSpecificationName pb0\"><\/div>\n<\/div>\n<\/div>\n<div class=\"pr0 items-stretch vtex-flex-layout-0-x-stretchChildrenWidth   flex\">\n<div class=\"vtex-flex-layout-0-x-flexCol vtex-flex-layout-0-x-flexCol--productSpecificationValue  ml0 mr0 pl0 pr0      flex flex-column h-100 w-100\">\n<div class=\"vtex-flex-layout-0-x-flexColChild vtex-flex-layout-0-x-flexColChild--productSpecificationValue pb0\"><span class=\"vtex-product-specifications-1-x-specificationValue vtex-product-specifications-1-x-specificationValue--first vtex-product-specifications-1-x-specificationValue--last\" data-specification-group=\"Especificaciones de filtro\" data-specification-name=\"Informaci\u00f3n General\" data-specification-value=\"&lt;b&gt;Dile adi\u00f3s al sudor&lt;\/b&gt;&lt;p&gt;La tecnolog\u00eda Nike Dri-FIT absorbe el sudor de la piel para acelerar la evaporaci\u00f3n, lo que ayuda a mantener la transpirabilidad y la comodidad.&lt;\/p&gt;&lt;br&gt;&lt;p&gt;&lt;b&gt;Dise\u00f1o pensado para el movimiento&lt;\/b&gt;&lt;\/p&gt;&lt;p&gt;El tejido Knit el\u00e1stico brinda una sensaci\u00f3n ce\u00f1ida al cuerpo para que puedas moverte con naturalidad durante tus entrenamientos y actividades. Las costuras planas se sienten suaves al contacto con la piel.&lt;\/p&gt;&lt;br&gt;&lt;p&gt;&lt;b&gt;Mayor cobertura&lt;\/b&gt;&lt;\/p&gt;&lt;p&gt;El dise\u00f1o de dobladillo redondeado te ayuda a mantener la protecci\u00f3n durante los estiramientos intensos y los movimientos din\u00e1micos. El largo adicional tambi\u00e9n ayuda a que la playera se mantenga en su lugar cuando la llevas por dentro de tu prenda para la parte inferior.&lt;\/p&gt;&lt;br&gt;&lt;p&gt;&lt;b&gt;Datos del producto&lt;\/b&gt;&lt;\/p&gt;&lt;ul&gt;&lt;li&gt;90% poli\u00e9ster, 10% spandex&lt;\/li&gt;&lt;li&gt;Lavar a m\u00e1quina&lt;\/li&gt;&lt;li&gt;Producto importado&lt;\/li&gt;&lt;\/ul&gt;&lt;\/div&gt;&lt;\/div&gt;\"><b>Dile adi\u00f3s al sudor<\/b><\/span>La tecnolog\u00eda Nike Dri-FIT absorbe el sudor de la piel para acelerar la evaporaci\u00f3n, lo que ayuda a mantener la transpirabilidad y la comodidad.<\/p>\n<p><span class=\"vtex-product-specifications-1-x-specificationValue vtex-product-specifications-1-x-specificationValue--first vtex-product-specifications-1-x-specificationValue--last\" data-specification-group=\"Especificaciones de filtro\" data-specification-name=\"Informaci\u00f3n General\" data-specification-value=\"&lt;b&gt;Dile adi\u00f3s al sudor&lt;\/b&gt;&lt;p&gt;La tecnolog\u00eda Nike Dri-FIT absorbe el sudor de la piel para acelerar la evaporaci\u00f3n, lo que ayuda a mantener la transpirabilidad y la comodidad.&lt;\/p&gt;&lt;br&gt;&lt;p&gt;&lt;b&gt;Dise\u00f1o pensado para el movimiento&lt;\/b&gt;&lt;\/p&gt;&lt;p&gt;El tejido Knit el\u00e1stico brinda una sensaci\u00f3n ce\u00f1ida al cuerpo para que puedas moverte con naturalidad durante tus entrenamientos y actividades. Las costuras planas se sienten suaves al contacto con la piel.&lt;\/p&gt;&lt;br&gt;&lt;p&gt;&lt;b&gt;Mayor cobertura&lt;\/b&gt;&lt;\/p&gt;&lt;p&gt;El dise\u00f1o de dobladillo redondeado te ayuda a mantener la protecci\u00f3n durante los estiramientos intensos y los movimientos din\u00e1micos. El largo adicional tambi\u00e9n ayuda a que la playera se mantenga en su lugar cuando la llevas por dentro de tu prenda para la parte inferior.&lt;\/p&gt;&lt;br&gt;&lt;p&gt;&lt;b&gt;Datos del producto&lt;\/b&gt;&lt;\/p&gt;&lt;ul&gt;&lt;li&gt;90% poli\u00e9ster, 10% spandex&lt;\/li&gt;&lt;li&gt;Lavar a m\u00e1quina&lt;\/li&gt;&lt;li&gt;Producto importado&lt;\/li&gt;&lt;\/ul&gt;&lt;\/div&gt;&lt;\/div&gt;\"><br \/>\n<\/span><b>Dise\u00f1o pensado para el movimiento<\/b><\/p>\n<p>El tejido Knit el\u00e1stico brinda una sensaci\u00f3n ce\u00f1ida al cuerpo para que puedas moverte con naturalidad durante tus entrenamientos y actividades. Las costuras planas se sienten suaves al contacto con la piel.<\/p>\n<p><span class=\"vtex-product-specifications-1-x-specificationValue vtex-product-specifications-1-x-specificationValue--first vtex-product-specifications-1-x-specificationValue--last\" data-specification-group=\"Especificaciones de filtro\" data-specification-name=\"Informaci\u00f3n General\" data-specification-value=\"&lt;b&gt;Dile adi\u00f3s al sudor&lt;\/b&gt;&lt;p&gt;La tecnolog\u00eda Nike Dri-FIT absorbe el sudor de la piel para acelerar la evaporaci\u00f3n, lo que ayuda a mantener la transpirabilidad y la comodidad.&lt;\/p&gt;&lt;br&gt;&lt;p&gt;&lt;b&gt;Dise\u00f1o pensado para el movimiento&lt;\/b&gt;&lt;\/p&gt;&lt;p&gt;El tejido Knit el\u00e1stico brinda una sensaci\u00f3n ce\u00f1ida al cuerpo para que puedas moverte con naturalidad durante tus entrenamientos y actividades. Las costuras planas se sienten suaves al contacto con la piel.&lt;\/p&gt;&lt;br&gt;&lt;p&gt;&lt;b&gt;Mayor cobertura&lt;\/b&gt;&lt;\/p&gt;&lt;p&gt;El dise\u00f1o de dobladillo redondeado te ayuda a mantener la protecci\u00f3n durante los estiramientos intensos y los movimientos din\u00e1micos. El largo adicional tambi\u00e9n ayuda a que la playera se mantenga en su lugar cuando la llevas por dentro de tu prenda para la parte inferior.&lt;\/p&gt;&lt;br&gt;&lt;p&gt;&lt;b&gt;Datos del producto&lt;\/b&gt;&lt;\/p&gt;&lt;ul&gt;&lt;li&gt;90% poli\u00e9ster, 10% spandex&lt;\/li&gt;&lt;li&gt;Lavar a m\u00e1quina&lt;\/li&gt;&lt;li&gt;Producto importado&lt;\/li&gt;&lt;\/ul&gt;&lt;\/div&gt;&lt;\/div&gt;\"><br \/>\n<\/span><b>Mayor cobertura<\/b><\/p>\n<p>El dise\u00f1o de dobladillo redondeado te ayuda a mantener la protecci\u00f3n durante los estiramientos intensos y los movimientos din\u00e1micos. El largo adicional tambi\u00e9n ayuda a que la playera se mantenga en su lugar cuando la llevas por dentro de tu prenda para la parte inferior.<\/p>\n<p><span class=\"vtex-product-specifications-1-x-specificationValue vtex-product-specifications-1-x-specificationValue--first vtex-product-specifications-1-x-specificationValue--last\" data-specification-group=\"Especificaciones de filtro\" data-specification-name=\"Informaci\u00f3n General\" data-specification-value=\"&lt;b&gt;Dile adi\u00f3s al sudor&lt;\/b&gt;&lt;p&gt;La tecnolog\u00eda Nike Dri-FIT absorbe el sudor de la piel para acelerar la evaporaci\u00f3n, lo que ayuda a mantener la transpirabilidad y la comodidad.&lt;\/p&gt;&lt;br&gt;&lt;p&gt;&lt;b&gt;Dise\u00f1o pensado para el movimiento&lt;\/b&gt;&lt;\/p&gt;&lt;p&gt;El tejido Knit el\u00e1stico brinda una sensaci\u00f3n ce\u00f1ida al cuerpo para que puedas moverte con naturalidad durante tus entrenamientos y actividades. Las costuras planas se sienten suaves al contacto con la piel.&lt;\/p&gt;&lt;br&gt;&lt;p&gt;&lt;b&gt;Mayor cobertura&lt;\/b&gt;&lt;\/p&gt;&lt;p&gt;El dise\u00f1o de dobladillo redondeado te ayuda a mantener la protecci\u00f3n durante los estiramientos intensos y los movimientos din\u00e1micos. El largo adicional tambi\u00e9n ayuda a que la playera se mantenga en su lugar cuando la llevas por dentro de tu prenda para la parte inferior.&lt;\/p&gt;&lt;br&gt;&lt;p&gt;&lt;b&gt;Datos del producto&lt;\/b&gt;&lt;\/p&gt;&lt;ul&gt;&lt;li&gt;90% poli\u00e9ster, 10% spandex&lt;\/li&gt;&lt;li&gt;Lavar a m\u00e1quina&lt;\/li&gt;&lt;li&gt;Producto importado&lt;\/li&gt;&lt;\/ul&gt;&lt;\/div&gt;&lt;\/div&gt;\"><br \/>\n<\/span><b>Datos del producto<\/b><\/p>\n<ul>\n<li>90% poli\u00e9ster, 10% spandex.<\/li>\n<li>Lavar a m\u00e1quina.<\/li>\n<li>Producto importado.<\/li>\n<li>Material: Poli\u00e9ster reciclado,Materiales sustentables,Al menos un 75% de poli\u00e9ster reciclado.<\/li>\n<li>G\u00e9nero: Hombre.<\/li>\n<li>Deporte: Entrenamiento y gym.<\/li>\n<li>Color: Azul vac\u00edo\/Blanco.<\/li>\n<li>Modelo: FB7932-492.<\/li>\n<\/ul>\n<\/div>\n<\/div>\n<\/div>\n<\/div>\n<\/div>\n<\/div>\n<\/div>\n<\/div>\n<\/div>\n<\/div>\n","protected":false},"excerpt":{"rendered":"<p>PRO DRI-FIT La colecci\u00f3n Nike Pro te brinda la confianza que necesitas para superar tus metas personales. Esta playera de<\/p>\n","protected":false},"featured_media":86755,"comment_status":"open","ping_status":"closed","template":"","meta":{"nf_dc_page":""},"product_brand":[1333],"product_cat":[76],"product_tag":[2474],"class_list":{"0":"post-86754","1":"product","2":"type-product","3":"status-publish","4":"has-post-thumbnail","6":"product_brand-nike","7":"product_cat-masculino","8":"product_tag-fb7932-492","10":"first","11":"outofstock","12":"shipping-taxable","13":"purchasable","14":"product-type-simple"},"_links":{"self":[{"href":"https:\/\/brandss.com.py\/index\/wp-json\/wp\/v2\/product\/86754","targetHints":{"allow":["GET"]}}],"collection":[{"href":"https:\/\/brandss.com.py\/index\/wp-json\/wp\/v2\/product"}],"about":[{"href":"https:\/\/brandss.com.py\/index\/wp-json\/wp\/v2\/types\/product"}],"replies":[{"embeddable":true,"href":"https:\/\/brandss.com.py\/index\/wp-json\/wp\/v2\/comments?post=86754"}],"version-history":[{"count":1,"href":"https:\/\/brandss.com.py\/index\/wp-json\/wp\/v2\/product\/86754\/revisions"}],"predecessor-version":[{"id":86762,"href":"https:\/\/brandss.com.py\/index\/wp-json\/wp\/v2\/product\/86754\/revisions\/86762"}],"wp:featuredmedia":[{"embeddable":true,"href":"https:\/\/brandss.com.py\/index\/wp-json\/wp\/v2\/media\/86755"}],"wp:attachment":[{"href":"https:\/\/brandss.com.py\/index\/wp-json\/wp\/v2\/media?parent=86754"}],"wp:term":[{"taxonomy":"product_brand","embeddable":true,"href":"https:\/\/brandss.com.py\/index\/wp-json\/wp\/v2\/product_brand?post=86754"},{"taxonomy":"product_cat","embeddable":true,"href":"https:\/\/brandss.com.py\/index\/wp-json\/wp\/v2\/product_cat?post=86754"},{"taxonomy":"product_tag","embeddable":true,"href":"https:\/\/brandss.com.py\/index\/wp-json\/wp\/v2\/product_tag?post=86754"}],"curies":[{"name":"wp","href":"https:\/\/api.w.org\/{rel}","templated":true}]}}