{"id":86763,"date":"2025-07-21T17:14:08","date_gmt":"2025-07-21T17:14:08","guid":{"rendered":"https:\/\/brandss.com.py\/index\/?post_type=product&#038;p=86763"},"modified":"2026-04-30T13:00:40","modified_gmt":"2026-04-30T13:00:40","slug":"calzado-deportivo-femenino-nike-interact-run","status":"publish","type":"product","link":"https:\/\/brandss.com.py\/index\/producto\/calzado-deportivo-femenino-nike-interact-run\/","title":{"rendered":"CALZADO DEPORTIVO FEMENINO NIKE INTERACT RUN"},"content":{"rendered":"<p><img loading=\"lazy\" decoding=\"async\" class=\"\" src=\"https:\/\/logos-world.net\/wp-content\/uploads\/2020\/04\/Nike-Logo.png\" alt=\"Nike Logo, symbol, meaning, history, PNG, brand\" width=\"112\" height=\"63\" \/><\/p>\n<h1>INTERACT RUN<\/h1>\n<div class=\"experience-component experience-productText\">\n<div class=\"product-text-wrapper hide-empty  \">\n<div class=\"product-text-content     \">\n<div class=\"product-text  released   \" data-product-field=\"longDescription\">\n<div class=\"pi-tier3\">\n<div class=\"pi-pdpmainbody\">\n<p>\u00bfPuedes ver el futuro? Avanza r\u00e1pido con el dise\u00f1o vanguardista de los Nike Interact Run. Est\u00e1n dise\u00f1ados con todas las bondades para correr que necesitas: una parte superior ligera de Flyknit, una entresuela de espuma suave y comodidad donde importa. Escanea el c\u00f3digo QR de la leng\u00fceta con tu tel\u00e9fono y consulta nuestra introducci\u00f3n en l\u00ednea a los detalles de los Nike Interact Run.<\/p>\n<p><b>Hacia el futuro<\/b><\/p>\n<p>El c\u00f3digo QR escaneable en la leng\u00fceta funciona como gu\u00eda para conocer los beneficios de rendimiento de los Interact Run. Ofrece consejos sobre c\u00f3mo ampliar el ciclo de vida de los tenis, desde opciones de mantenimiento hasta reparaciones y cuidados a largo plazo. Por \u00faltimo, cuando hayas acumulado todos los kil\u00f3metros posibles, el c\u00f3digo QR te sugerir\u00e1 formas en que podr\u00e1s reciclar y donar tus tenis una vez que cumplan su vida \u00fatil.<\/p>\n<p><b>Confeccionados con Nike Grind<\/b><\/p>\n<p>La suela con dise\u00f1o tipo waffle cuenta con al menos un 13% de material Nike Grind, elaborado a partir de residuos del proceso de fabricaci\u00f3n de tenis.<\/p>\n<p><b>Pisada suave<\/b><\/p>\n<p>La espuma suave y responsiva en la entresuela ofrece una marcha c\u00f3moda y suave para tu carrera y donde sea que te lleve el d\u00eda. La espuma m\u00e1s alta proporciona una sensaci\u00f3n de suavidad.<\/p>\n<p><b>\u00c9chate a volar<\/b><\/p>\n<p>La parte superior de Flyknit incorpora zonas de transpirabilidad en las partes del pie que se calientan m\u00e1s, especialmente en la punta. Es fuerte y duradera, lo que ayuda a mantener el pie seguro kil\u00f3metro tras kil\u00f3metro. La parte superior aireada y ventilada envuelve el pie de manera ligera y c\u00f3moda.<\/p>\n<p><b>M\u00e1s beneficios<\/b><\/p>\n<ul>\n<li>Confeccionamos la suela de goma a partir de datos obtenidos de runners para ofrecer tracci\u00f3n donde m\u00e1s la necesitas.<\/li>\n<li>Los revestimientos de la punta ofrecen durabilidad.<\/li>\n<li>Color: Negro\/Antracita-Gris Lobo.<\/li>\n<li>Modelo: FD2292-005.<\/li>\n<\/ul>\n<\/div>\n<\/div>\n<\/div>\n<\/div>\n<\/div>\n<\/div>\n","protected":false},"excerpt":{"rendered":"<p>INTERACT RUN \u00bfPuedes ver el futuro? Avanza r\u00e1pido con el dise\u00f1o vanguardista de los Nike Interact Run. Est\u00e1n dise\u00f1ados con<\/p>\n","protected":false},"featured_media":86764,"comment_status":"open","ping_status":"closed","template":"","meta":{"nf_dc_page":""},"product_brand":[],"product_cat":[73],"product_tag":[],"class_list":{"0":"post-86763","1":"product","2":"type-product","3":"status-publish","4":"has-post-thumbnail","6":"product_cat-femenino","8":"first","9":"outofstock","10":"shipping-taxable","11":"purchasable","12":"product-type-simple"},"_links":{"self":[{"href":"https:\/\/brandss.com.py\/index\/wp-json\/wp\/v2\/product\/86763","targetHints":{"allow":["GET"]}}],"collection":[{"href":"https:\/\/brandss.com.py\/index\/wp-json\/wp\/v2\/product"}],"about":[{"href":"https:\/\/brandss.com.py\/index\/wp-json\/wp\/v2\/types\/product"}],"replies":[{"embeddable":true,"href":"https:\/\/brandss.com.py\/index\/wp-json\/wp\/v2\/comments?post=86763"}],"version-history":[{"count":1,"href":"https:\/\/brandss.com.py\/index\/wp-json\/wp\/v2\/product\/86763\/revisions"}],"predecessor-version":[{"id":86772,"href":"https:\/\/brandss.com.py\/index\/wp-json\/wp\/v2\/product\/86763\/revisions\/86772"}],"wp:featuredmedia":[{"embeddable":true,"href":"https:\/\/brandss.com.py\/index\/wp-json\/wp\/v2\/media\/86764"}],"wp:attachment":[{"href":"https:\/\/brandss.com.py\/index\/wp-json\/wp\/v2\/media?parent=86763"}],"wp:term":[{"taxonomy":"product_brand","embeddable":true,"href":"https:\/\/brandss.com.py\/index\/wp-json\/wp\/v2\/product_brand?post=86763"},{"taxonomy":"product_cat","embeddable":true,"href":"https:\/\/brandss.com.py\/index\/wp-json\/wp\/v2\/product_cat?post=86763"},{"taxonomy":"product_tag","embeddable":true,"href":"https:\/\/brandss.com.py\/index\/wp-json\/wp\/v2\/product_tag?post=86763"}],"curies":[{"name":"wp","href":"https:\/\/api.w.org\/{rel}","templated":true}]}}