{"id":86773,"date":"2025-07-21T17:52:19","date_gmt":"2025-07-21T17:52:19","guid":{"rendered":"https:\/\/brandss.com.py\/index\/?post_type=product&#038;p=86773"},"modified":"2026-01-13T10:46:43","modified_gmt":"2026-01-13T10:46:43","slug":"calzado-deportivo-masculino-nike-phantom-luna-2-academy-fg-mg","status":"publish","type":"product","link":"https:\/\/brandss.com.py\/index\/producto\/calzado-deportivo-masculino-nike-phantom-luna-2-academy-fg-mg\/","title":{"rendered":"CALZADO DEPORTIVO MASCULINO NIKE PHANTOM LUNA 2 ACADEMY FG\/MG"},"content":{"rendered":"<p><img loading=\"lazy\" decoding=\"async\" class=\"\" src=\"https:\/\/logos-world.net\/wp-content\/uploads\/2020\/04\/Nike-Logo.png\" alt=\"Nike Logo, symbol, meaning, history, PNG, brand\" width=\"78\" height=\"44\" \/><\/p>\n<h1>PHANTOM LUNA 2 ACADEMY FG\/MG<\/h1>\n<h3><span>Botas de f\u00fatbol para terreno firme\u00a0<\/span><\/h3>\n<p><span>\u00bfBuscas llevar tu juego al siguiente nivel? Phantom Luna 2 Academy te ayuda a colocarte en la posici\u00f3n privilegiada de la porter\u00eda, ya seas el organizador, el asistente o el finalizador. El resto depende de ti. Creado con objetivos en mente, NikeSkin cubre el \u00e1rea de impacto del taco mientras que la tracci\u00f3n Nike Cyclone 360 ayuda a guiar tu agilidad espont\u00e1nea.<\/span><\/p>\n<p><b><span>Toque amplificado<br \/>\n<\/span><\/b><br \/>\n<span>Ampliamos la zona de toque NikeSkin de la versi\u00f3n anterior. Esto acerca a\u00fan m\u00e1s tu pie al bal\u00f3n para un mejor control al driblar y pasar en condiciones h\u00famedas o secas. Cubre el \u00e1rea de impacto del taco, extendi\u00e9ndose desde el lado del dedo gordo del pie hasta el dedo me\u00f1ique a trav\u00e9s de los cordones, lo que permite patadas limpias de bota a bal\u00f3n.<\/span><\/p>\n<p><b><span>Tracci\u00f3n r\u00e1pida<br \/>\n<\/span><\/b><br \/>\n<span>El patr\u00f3n de tracci\u00f3n Nike Cyclone 360 te ayuda a realizar movimientos r\u00e1pidos (mayor agilidad al hacer cortes) y seguros (ayuda a reducir la tracci\u00f3n rotacional), para que puedas cortar con velocidad mientras te sientes completamente seguro cuando la intensidad del juego aumenta.<\/span><\/p>\n<p><b><span>Ajuste perfecto para el campo.<br \/>\n<\/span><\/b><br \/>\n<span>El pu\u00f1o anat\u00f3mico de malla ofrece una comodidad suave alrededor del tobillo y el tal\u00f3n. Las sutiles nervaduras del pu\u00f1o permiten un contacto con el bal\u00f3n m\u00e1s arriba del tobillo para atrapar y pasar.<\/span><\/p>\n<p><b><span>M\u00e1s detalles.<\/span><\/b><\/p>\n<ul>\n<li><span>Para uso en superficies naturales y sint\u00e9ticas.<\/span><\/li>\n<li><span>Plantilla acolchada.<\/span><\/li>\n<li>Color: Blue Fury\/White.<\/li>\n<li>Material: 82 % sint\u00e9tico, 18 % textil.<\/li>\n<li>\n<div class=\"fm op_title\">\n<div class=\"centre\">Modelo: FD6725-400.<\/div>\n<\/div>\n<\/li>\n<\/ul>\n","protected":false},"excerpt":{"rendered":"<p>PHANTOM LUNA 2 ACADEMY FG\/MG Botas de f\u00fatbol para terreno firme\u00a0 \u00bfBuscas llevar tu juego al siguiente nivel? Phantom Luna<\/p>\n","protected":false},"featured_media":86774,"comment_status":"open","ping_status":"closed","template":"","meta":{"nf_dc_page":""},"product_brand":[1333],"product_cat":[76],"product_tag":[2475],"class_list":{"0":"post-86773","1":"product","2":"type-product","3":"status-publish","4":"has-post-thumbnail","6":"product_brand-nike","7":"product_cat-masculino","8":"product_tag-fd6725-400","10":"first","11":"outofstock","12":"shipping-taxable","13":"purchasable","14":"product-type-simple"},"_links":{"self":[{"href":"https:\/\/brandss.com.py\/index\/wp-json\/wp\/v2\/product\/86773","targetHints":{"allow":["GET"]}}],"collection":[{"href":"https:\/\/brandss.com.py\/index\/wp-json\/wp\/v2\/product"}],"about":[{"href":"https:\/\/brandss.com.py\/index\/wp-json\/wp\/v2\/types\/product"}],"replies":[{"embeddable":true,"href":"https:\/\/brandss.com.py\/index\/wp-json\/wp\/v2\/comments?post=86773"}],"version-history":[{"count":1,"href":"https:\/\/brandss.com.py\/index\/wp-json\/wp\/v2\/product\/86773\/revisions"}],"predecessor-version":[{"id":86785,"href":"https:\/\/brandss.com.py\/index\/wp-json\/wp\/v2\/product\/86773\/revisions\/86785"}],"wp:featuredmedia":[{"embeddable":true,"href":"https:\/\/brandss.com.py\/index\/wp-json\/wp\/v2\/media\/86774"}],"wp:attachment":[{"href":"https:\/\/brandss.com.py\/index\/wp-json\/wp\/v2\/media?parent=86773"}],"wp:term":[{"taxonomy":"product_brand","embeddable":true,"href":"https:\/\/brandss.com.py\/index\/wp-json\/wp\/v2\/product_brand?post=86773"},{"taxonomy":"product_cat","embeddable":true,"href":"https:\/\/brandss.com.py\/index\/wp-json\/wp\/v2\/product_cat?post=86773"},{"taxonomy":"product_tag","embeddable":true,"href":"https:\/\/brandss.com.py\/index\/wp-json\/wp\/v2\/product_tag?post=86773"}],"curies":[{"name":"wp","href":"https:\/\/api.w.org\/{rel}","templated":true}]}}