{"id":86812,"date":"2025-07-22T16:55:46","date_gmt":"2025-07-22T16:55:46","guid":{"rendered":"https:\/\/brandss.com.py\/index\/?post_type=product&#038;p=86812"},"modified":"2026-03-17T17:22:29","modified_gmt":"2026-03-17T17:22:29","slug":"perfume-femenino-maison-alhambra-jubilant-rose-edp-100ml","status":"publish","type":"product","link":"https:\/\/brandss.com.py\/index\/producto\/perfume-femenino-maison-alhambra-jubilant-rose-edp-100ml\/","title":{"rendered":"PERFUME FEMENINO MAISON ALHAMBRA JUBILANT ROSE EDP 100ML"},"content":{"rendered":"<p><img loading=\"lazy\" decoding=\"async\" class=\"\" src=\"https:\/\/ha-fragrances.com\/cdn\/shop\/files\/maison-alhambra-logo.png?v=1733872745&amp;width=416\" alt=\"Rose Seduction VIP Pour Femme EDP 100ML by Maison Alhambra \u2013 Elegance \u2013 HA  Fragrances\" width=\"79\" height=\"79\" \/><\/p>\n<h1>JUBILANT ROSE<\/h1>\n<p>Este aroma es muy expresivo y femenino, seductor y encantador por su sofisticaci\u00f3n y elegancia. Fue dise\u00f1ado espec\u00edficamente para una mujer elegante y brillante. La persona que lleva este perfume es siempre encantadora, combinando h\u00e1bilmente sensualidad y fuerza, confianza y feminidad. <span>Esta es una fragancia de lujo, delicada, femenina, floral-frutal. Es muy expresiva y femenina, seductora y encantadora con su sofisticaci\u00f3n. Fue dise\u00f1ada especialmente para una mujer elegante y radiante.<\/span><\/p>\n<p><span>La due\u00f1a de este perfume es siempre encantadora, combinando con maestr\u00eda sensualidad y fuerza, confianza en s\u00ed misma y feminidad.<\/span><\/p>\n<p><img loading=\"lazy\" decoding=\"async\" class=\"alignleft\" src=\"https:\/\/yaraparfum.hu\/cdn\/shop\/files\/FullSizeRender.jpg?v=1742996985\" width=\"556\" height=\"556\" \/><\/p>\n<h3>Notas Olfativas<\/h3>\n<p>&nbsp;<\/p>\n<p><span>Jubilant Rose es una fragancia femenina de la familia floral. Este perfume ofrece una experiencia olfativa fresca y refinada que se abre con una vibrante combinaci\u00f3n de notas de salida. El vibrante yuzu, con su frescura c\u00edtrica, se funde con la jugosa dulzura de la granada y el toque energizante del hielo, creando una sinfon\u00eda chispeante y estimulante que despierta los sentidos.<\/span><\/p>\n<p><span>En el coraz\u00f3n de la fragancia, florece un elegante y femenino bouquet floral. La peon\u00eda, con su delicadeza, se combina con la pureza del loto y la elegancia de la magnolia, creando un acorde floral envolvente y refinado. Esta armoniosa combinaci\u00f3n de notas de coraz\u00f3n confiere al perfume una dulzura floral que se desarrolla con gracia sobre la piel.<\/span><\/p>\n<p><span>Las notas de fondo aportan calidez y profundidad a la fragancia. El musgo crea un fondo suave y envolvente, mientras que la caoba aporta un toque amaderado, d\u00e1ndole estructura y sustancia. El \u00e1mbar completa el conjunto, destilando una sensualidad que envuelve a quien lo lleva en un abrazo femenino.<\/span><\/p>\n<p>&nbsp;<\/p>\n<p><span><strong>Notas de salida:<\/strong> Yuzu, Granada, Hielo.<\/span><\/p>\n<p><span><strong>Notas de coraz\u00f3n:<\/strong> Peon\u00eda, Loto, Magnolia<\/span><\/p>\n<p><span><strong>Notas de fondo:<\/strong> Almizcle, caoba, \u00e1mbar.<\/span><\/p>\n","protected":false},"excerpt":{"rendered":"<p>JUBILANT ROSE Este aroma es muy expresivo y femenino, seductor y encantador por su sofisticaci\u00f3n y elegancia. Fue dise\u00f1ado espec\u00edficamente<\/p>\n","protected":false},"featured_media":86813,"comment_status":"open","ping_status":"closed","template":"","meta":{"nf_dc_page":""},"product_brand":[107],"product_cat":[84],"product_tag":[712],"class_list":{"0":"post-86812","1":"product","2":"type-product","3":"status-publish","4":"has-post-thumbnail","6":"product_brand-maison-alhambra","7":"product_cat-perfumeria","8":"product_tag-712","10":"first","11":"instock","12":"shipping-taxable","13":"purchasable","14":"product-type-simple"},"_links":{"self":[{"href":"https:\/\/brandss.com.py\/index\/wp-json\/wp\/v2\/product\/86812","targetHints":{"allow":["GET"]}}],"collection":[{"href":"https:\/\/brandss.com.py\/index\/wp-json\/wp\/v2\/product"}],"about":[{"href":"https:\/\/brandss.com.py\/index\/wp-json\/wp\/v2\/types\/product"}],"replies":[{"embeddable":true,"href":"https:\/\/brandss.com.py\/index\/wp-json\/wp\/v2\/comments?post=86812"}],"version-history":[{"count":1,"href":"https:\/\/brandss.com.py\/index\/wp-json\/wp\/v2\/product\/86812\/revisions"}],"predecessor-version":[{"id":86816,"href":"https:\/\/brandss.com.py\/index\/wp-json\/wp\/v2\/product\/86812\/revisions\/86816"}],"wp:featuredmedia":[{"embeddable":true,"href":"https:\/\/brandss.com.py\/index\/wp-json\/wp\/v2\/media\/86813"}],"wp:attachment":[{"href":"https:\/\/brandss.com.py\/index\/wp-json\/wp\/v2\/media?parent=86812"}],"wp:term":[{"taxonomy":"product_brand","embeddable":true,"href":"https:\/\/brandss.com.py\/index\/wp-json\/wp\/v2\/product_brand?post=86812"},{"taxonomy":"product_cat","embeddable":true,"href":"https:\/\/brandss.com.py\/index\/wp-json\/wp\/v2\/product_cat?post=86812"},{"taxonomy":"product_tag","embeddable":true,"href":"https:\/\/brandss.com.py\/index\/wp-json\/wp\/v2\/product_tag?post=86812"}],"curies":[{"name":"wp","href":"https:\/\/api.w.org\/{rel}","templated":true}]}}