{"id":86817,"date":"2025-07-22T17:47:43","date_gmt":"2025-07-22T17:47:43","guid":{"rendered":"https:\/\/brandss.com.py\/index\/?post_type=product&#038;p=86817"},"modified":"2025-12-09T11:26:51","modified_gmt":"2025-12-09T11:26:51","slug":"perfume-masculino-maison-alhambra-your-touch-oud-edp-100ml","status":"publish","type":"product","link":"https:\/\/brandss.com.py\/index\/producto\/perfume-masculino-maison-alhambra-your-touch-oud-edp-100ml\/","title":{"rendered":"PERFUME MASCULINO MAISON ALHAMBRA YOUR TOUCH OUD EDP 100ML"},"content":{"rendered":"<p><img loading=\"lazy\" decoding=\"async\" class=\"\" src=\"https:\/\/ha-fragrances.com\/cdn\/shop\/files\/maison-alhambra-logo.png?v=1733872745&amp;width=416\" alt=\"Rose Seduction VIP Pour Femme EDP 100ML by Maison Alhambra \u2013 Elegance \u2013 HA  Fragrances\" width=\"73\" height=\"73\" \/><\/p>\n<h1>YOUR TOUCH OUD<\/h1>\n<p>Descubre la esencia envolvente de Your Touch Oud de Maison Alhambra, un perfume masculino que encarna fuerza, elegancia y misterio. Your Touch Oud es una fragancia refinada que equilibra la riqueza oriental del oud con la elegancia de los acordes florales y especiados. Su intensidad y versatilidad la convierten en una elecci\u00f3n perfecta para quienes buscan un aroma sofisticado y memorable en momentos especiales.<\/p>\n<p>Una fragancia adictiva que deja huella, como una mirada que arde en silencio!!!<\/p>\n<p><img loading=\"lazy\" decoding=\"async\" class=\"alignleft\" src=\"https:\/\/www.intenseoud.com\/cdn\/shop\/files\/6_7016dbf1-64ff-4bb8-85dd-049156cfd6ba.jpg?v=1741462436\" width=\"571\" height=\"571\" \/><\/p>\n<h3>Notas Olfativas<\/h3>\n<p>&nbsp;<\/p>\n<p><span>Your Touch Oud de Maison Alhambra es una fragancia de la fanilia oriental amaderada para hombres.\u00a0<\/span><\/p>\n<p><span>Esta intensa y sofisticada fragancia se abre con notas de miel dorada, \u00e1mbar c\u00e1lido y resinas arom\u00e1ticas, creando un comienzo suntuoso y cautivador. <\/span><\/p>\n<p><span>El alma oriental del perfume late en el coraz\u00f3n, donde la cremosa vainilla se entrelaza con la opulencia del oud, creando un irresistible contraste entre dulzura y maderas preciosas.<\/span><\/p>\n<p><span>La base, rica y vigorosa, revela la profundidad del tabaco ahumado, la calidez terrosa del pachul\u00ed y la persistencia de las notas amaderadas, dejando una estela magn\u00e9tica e inolvidable. <\/span><\/p>\n<p><span>Your Touch Oud es la fragancia perfecta para el hombre moderno que busca destacar con estilo y car\u00e1cter.<\/span><\/p>\n<p>&nbsp;<\/p>\n<p><span><strong>Notas de salida:<\/strong> Miel, \u00e1mbar, resinas.<\/span><\/p>\n<p><span><strong>Notas de coraz\u00f3n:<\/strong> vainilla, oud.<\/span><\/p>\n<p><span><strong>Notas de fondo:<\/strong> Tabaco, pachul\u00ed, notas amaderadas.<\/span><\/p>\n","protected":false},"excerpt":{"rendered":"<p>YOUR TOUCH OUD Descubre la esencia envolvente de Your Touch Oud de Maison Alhambra, un perfume masculino que encarna fuerza,<\/p>\n","protected":false},"featured_media":86818,"comment_status":"open","ping_status":"closed","template":"","meta":{"nf_dc_page":""},"product_brand":[107],"product_cat":[84],"product_tag":[1639],"class_list":{"0":"post-86817","1":"product","2":"type-product","3":"status-publish","4":"has-post-thumbnail","6":"product_brand-maison-alhambra","7":"product_cat-perfumeria","8":"product_tag-1639","10":"first","11":"instock","12":"shipping-taxable","13":"purchasable","14":"product-type-simple"},"_links":{"self":[{"href":"https:\/\/brandss.com.py\/index\/wp-json\/wp\/v2\/product\/86817","targetHints":{"allow":["GET"]}}],"collection":[{"href":"https:\/\/brandss.com.py\/index\/wp-json\/wp\/v2\/product"}],"about":[{"href":"https:\/\/brandss.com.py\/index\/wp-json\/wp\/v2\/types\/product"}],"replies":[{"embeddable":true,"href":"https:\/\/brandss.com.py\/index\/wp-json\/wp\/v2\/comments?post=86817"}],"version-history":[{"count":1,"href":"https:\/\/brandss.com.py\/index\/wp-json\/wp\/v2\/product\/86817\/revisions"}],"predecessor-version":[{"id":86824,"href":"https:\/\/brandss.com.py\/index\/wp-json\/wp\/v2\/product\/86817\/revisions\/86824"}],"wp:featuredmedia":[{"embeddable":true,"href":"https:\/\/brandss.com.py\/index\/wp-json\/wp\/v2\/media\/86818"}],"wp:attachment":[{"href":"https:\/\/brandss.com.py\/index\/wp-json\/wp\/v2\/media?parent=86817"}],"wp:term":[{"taxonomy":"product_brand","embeddable":true,"href":"https:\/\/brandss.com.py\/index\/wp-json\/wp\/v2\/product_brand?post=86817"},{"taxonomy":"product_cat","embeddable":true,"href":"https:\/\/brandss.com.py\/index\/wp-json\/wp\/v2\/product_cat?post=86817"},{"taxonomy":"product_tag","embeddable":true,"href":"https:\/\/brandss.com.py\/index\/wp-json\/wp\/v2\/product_tag?post=86817"}],"curies":[{"name":"wp","href":"https:\/\/api.w.org\/{rel}","templated":true}]}}