{"id":86825,"date":"2025-07-22T18:21:26","date_gmt":"2025-07-22T18:21:26","guid":{"rendered":"https:\/\/brandss.com.py\/index\/?post_type=product&#038;p=86825"},"modified":"2026-03-17T17:37:13","modified_gmt":"2026-03-17T17:37:13","slug":"perfume-masculino-maison-alhambra-yeah-man-edp-100ml","status":"publish","type":"product","link":"https:\/\/brandss.com.py\/index\/producto\/perfume-masculino-maison-alhambra-yeah-man-edp-100ml\/","title":{"rendered":"PERFUME MASCULINO MAISON ALHAMBRA YEAH! MAN EDP 100ML"},"content":{"rendered":"<p><img loading=\"lazy\" decoding=\"async\" class=\"\" src=\"https:\/\/ha-fragrances.com\/cdn\/shop\/files\/maison-alhambra-logo.png?v=1733872745&amp;width=416\" alt=\"Rose Seduction VIP Pour Femme EDP 100ML by Maison Alhambra \u2013 Elegance \u2013 HA  Fragrances\" width=\"94\" height=\"94\" \/><\/p>\n<h1>YEAH! MAN<\/h1>\n<p>Esta fragancia encarna la esencia del \u00e9xito y la modernidad para el hombre. Esta fragancia est\u00e1 dise\u00f1ada para el hombre audaz que sigue sus pasiones, forja su propio camino y navega por la vida con confianza. Refleja el camino desde la inspiraci\u00f3n hasta el trabajo duro, la colaboraci\u00f3n, la autosuperaci\u00f3n y el \u00e9xito final. Con una cautivadora mezcla de aromas, esta fragancia se convierte en un s\u00edmbolo de resiliencia y determinaci\u00f3n, en sinton\u00eda con el esp\u00edritu din\u00e1mico de quienes afrontan con valent\u00eda los desaf\u00edos de la vida. Maison Alhambra invita a los hombres a usar este perfume como un aroma distintivo que encapsula su trayectoria y logros.<img loading=\"lazy\" decoding=\"async\" class=\"alignleft\" src=\"https:\/\/www.intenseoud.com\/cdn\/shop\/files\/5_e9c1505f-bef4-4305-8bf6-40e139ba6e3d.jpg?v=1736455921\" width=\"588\" height=\"588\" \/><\/p>\n<h3><\/h3>\n<h3>Notas Olfativas<\/h3>\n<p>&nbsp;<\/p>\n<p><span>Esta fragancia se abre con una refrescante y ligeramente especiada combinaci\u00f3n de manzana, bergamota y jengibre, ofreciendo un comienzo vibrante y c\u00edtrico. <\/span><\/p>\n<p><span>El coraz\u00f3n aporta una mezcla de salvia arom\u00e1tica, bayas de enebro y geranio, aportando una complejidad herb\u00e1cea y ligeramente afrutada. <\/span><\/p>\n<p><span>El fondo es una rica y terrosa mezcla de haba tonka, madera de \u00e1mbar, cedro, vetiver y ol\u00edbano, que proporciona un final c\u00e1lido, ahumado y amaderado con un toque dulce. <\/span><\/p>\n<p><span>Perfecta para quienes aprecian una fragancia din\u00e1mica con notas frescas, herb\u00e1ceas y amaderadas que evolucionan hacia un fondo profundo y reconfortante.<\/span><\/p>\n<p>&nbsp;<\/p>\n<p><strong><span>Notas de salida:<\/span><\/strong><span>\u00a0manzana, bergamota, jengibre.<\/span><br \/>\n<strong><span>Notas de coraz\u00f3n:<\/span><\/strong><span>\u00a0salvia, bayas de enebro, geranio.<\/span><br \/>\n<strong><span>Notas de fondo:<\/span><\/strong><span>\u00a0haba tonka, \u00e1mbar, cedro, vetiver, ol\u00edbano.<\/span><\/p>\n","protected":false},"excerpt":{"rendered":"<p>YEAH! MAN Esta fragancia encarna la esencia del \u00e9xito y la modernidad para el hombre. Esta fragancia est\u00e1 dise\u00f1ada para<\/p>\n","protected":false},"featured_media":86826,"comment_status":"open","ping_status":"closed","template":"","meta":{"nf_dc_page":""},"product_brand":[107],"product_cat":[84],"product_tag":[148],"class_list":{"0":"post-86825","1":"product","2":"type-product","3":"status-publish","4":"has-post-thumbnail","6":"product_brand-maison-alhambra","7":"product_cat-perfumeria","8":"product_tag-148","10":"first","11":"instock","12":"sale","13":"shipping-taxable","14":"purchasable","15":"product-type-simple"},"_links":{"self":[{"href":"https:\/\/brandss.com.py\/index\/wp-json\/wp\/v2\/product\/86825","targetHints":{"allow":["GET"]}}],"collection":[{"href":"https:\/\/brandss.com.py\/index\/wp-json\/wp\/v2\/product"}],"about":[{"href":"https:\/\/brandss.com.py\/index\/wp-json\/wp\/v2\/types\/product"}],"replies":[{"embeddable":true,"href":"https:\/\/brandss.com.py\/index\/wp-json\/wp\/v2\/comments?post=86825"}],"version-history":[{"count":1,"href":"https:\/\/brandss.com.py\/index\/wp-json\/wp\/v2\/product\/86825\/revisions"}],"predecessor-version":[{"id":86831,"href":"https:\/\/brandss.com.py\/index\/wp-json\/wp\/v2\/product\/86825\/revisions\/86831"}],"wp:featuredmedia":[{"embeddable":true,"href":"https:\/\/brandss.com.py\/index\/wp-json\/wp\/v2\/media\/86826"}],"wp:attachment":[{"href":"https:\/\/brandss.com.py\/index\/wp-json\/wp\/v2\/media?parent=86825"}],"wp:term":[{"taxonomy":"product_brand","embeddable":true,"href":"https:\/\/brandss.com.py\/index\/wp-json\/wp\/v2\/product_brand?post=86825"},{"taxonomy":"product_cat","embeddable":true,"href":"https:\/\/brandss.com.py\/index\/wp-json\/wp\/v2\/product_cat?post=86825"},{"taxonomy":"product_tag","embeddable":true,"href":"https:\/\/brandss.com.py\/index\/wp-json\/wp\/v2\/product_tag?post=86825"}],"curies":[{"name":"wp","href":"https:\/\/api.w.org\/{rel}","templated":true}]}}