{"id":86845,"date":"2025-07-23T12:36:20","date_gmt":"2025-07-23T12:36:20","guid":{"rendered":"https:\/\/brandss.com.py\/index\/?post_type=product&#038;p=86845"},"modified":"2026-03-23T17:07:10","modified_gmt":"2026-03-23T17:07:10","slug":"perfume-femenino-maison-alhambra-victoria-flower-edp-100ml","status":"publish","type":"product","link":"https:\/\/brandss.com.py\/index\/producto\/perfume-femenino-maison-alhambra-victoria-flower-edp-100ml\/","title":{"rendered":"PERFUME FEMENINO MAISON ALHAMBRA VICTORIA FLOWER EDP 100ML"},"content":{"rendered":"<p><img loading=\"lazy\" decoding=\"async\" class=\"\" src=\"https:\/\/encrypted-tbn0.gstatic.com\/images?q=tbn:ANd9GcSDfozWudTdcO3Wr04KD44C49zaFW9pFvveSA&amp;s\" alt=\"Maison Alhambra Website: Luxurious Perfumes for Every Occasion\" width=\"92\" height=\"71\" \/><\/p>\n<h1>VICTORIA FLOWER<\/h1>\n<p><span>Un sofisticado ramo floral de docenas de orqu\u00eddeas, miles de fresias y un mill\u00f3n de rosas te ayudar\u00e1 a hacer realidad tu sue\u00f1o. <\/span><span>La delicada y atractiva Flor Victoria est\u00e1 dedicada a una mujer elegante y sofisticada.\u00a0 <\/span><span>Una fragancia extraordinariamente natural, sensual y al mismo tiempo elegante y delicada.<\/span><\/p>\n<p>Este perfume presenta una comp<img loading=\"lazy\" decoding=\"async\" class=\"alignleft\" src=\"https:\/\/yaraparfum.hu\/cdn\/shop\/files\/maison-alhambra-victoria-flower-edp-100-ml-423772.jpg?v=1750307202\" width=\"616\" height=\"616\" \/>osici\u00f3n sofisticada y elegante que encantar\u00e1 a las amantes de los aromas delicados y femeninos. Victoria Flower es la elecci\u00f3n perfecta para las mujeres que desean realzar su feminidad y elegancia a trav\u00e9s de una refinada fragancia floral. Ya sea que vayas a una cena rom\u00e1ntica, a un evento social o para el d\u00eda a d\u00eda, con esta fragancia te sentir\u00e1s como una aut\u00e9ntica estrella que encantar\u00e1 a quienes te rodean.<\/p>\n<h3>Notas Olfativas<\/h3>\n<p>Victoria Flower\u00a0de\u00a0Maison Alhambra\u00a0es una fragancia de la familia olfativa Floral para Mujeres.\u00a0Victoria Flower\u00a0se lanz\u00f3 en 2022. \u00a0Las notas de salida son una combinaci\u00f3n \u00fanica de osmanto, t\u00e9 y bergamota, que aporta frescura y ligereza a la fragancia, evocando la sensaci\u00f3n de una ma\u00f1ana de primavera llena de posibilidades. El coraz\u00f3n del perfume Victoria Flower florece con una rica mezcla de acordes florales, en la que destacan la orqu\u00eddea, la flor del naranjo africano, la fresia, el jazm\u00edn y la rosa. Estos ingredientes aportan profundidad y ternura femenina a la fragancia, que es a la vez encantadora y cautivadora. Cada inhalaci\u00f3n te envolver\u00e1 en un aura de elegancia que realza tu belleza y encanto natural. La base de la fragancia es c\u00e1lida y sensual, gracias a la presencia de vainilla, pachul\u00ed y almizcle. Estas notas le confieren al perfume un car\u00e1cter duradero e inolvidable, envolviendo a quien la lleva en un velo delicado y seductor.<\/p>\n<p><strong>Notas de salida:<\/strong> t\u00e9, osmanto (olivo oloroso) y bergamota.<\/p>\n<p><strong>Notas de coraz\u00f3n:<\/strong> orqu\u00eddea, flor del naranjo africano, fresia, jazm\u00edn y rosa.<\/p>\n<p><strong>Notas de fondo:<\/strong> pachul\u00ed, vainilla y almizcle.<\/p>\n","protected":false},"excerpt":{"rendered":"<p>VICTORIA FLOWER Un sofisticado ramo floral de docenas de orqu\u00eddeas, miles de fresias y un mill\u00f3n de rosas te ayudar\u00e1<\/p>\n","protected":false},"featured_media":86846,"comment_status":"open","ping_status":"closed","template":"","meta":{"nf_dc_page":""},"product_brand":[107],"product_cat":[84],"product_tag":[144],"class_list":{"0":"post-86845","1":"product","2":"type-product","3":"status-publish","4":"has-post-thumbnail","6":"product_brand-maison-alhambra","7":"product_cat-perfumeria","8":"product_tag-144","10":"first","11":"instock","12":"sale","13":"shipping-taxable","14":"purchasable","15":"product-type-simple"},"_links":{"self":[{"href":"https:\/\/brandss.com.py\/index\/wp-json\/wp\/v2\/product\/86845","targetHints":{"allow":["GET"]}}],"collection":[{"href":"https:\/\/brandss.com.py\/index\/wp-json\/wp\/v2\/product"}],"about":[{"href":"https:\/\/brandss.com.py\/index\/wp-json\/wp\/v2\/types\/product"}],"replies":[{"embeddable":true,"href":"https:\/\/brandss.com.py\/index\/wp-json\/wp\/v2\/comments?post=86845"}],"version-history":[{"count":1,"href":"https:\/\/brandss.com.py\/index\/wp-json\/wp\/v2\/product\/86845\/revisions"}],"predecessor-version":[{"id":86851,"href":"https:\/\/brandss.com.py\/index\/wp-json\/wp\/v2\/product\/86845\/revisions\/86851"}],"wp:featuredmedia":[{"embeddable":true,"href":"https:\/\/brandss.com.py\/index\/wp-json\/wp\/v2\/media\/86846"}],"wp:attachment":[{"href":"https:\/\/brandss.com.py\/index\/wp-json\/wp\/v2\/media?parent=86845"}],"wp:term":[{"taxonomy":"product_brand","embeddable":true,"href":"https:\/\/brandss.com.py\/index\/wp-json\/wp\/v2\/product_brand?post=86845"},{"taxonomy":"product_cat","embeddable":true,"href":"https:\/\/brandss.com.py\/index\/wp-json\/wp\/v2\/product_cat?post=86845"},{"taxonomy":"product_tag","embeddable":true,"href":"https:\/\/brandss.com.py\/index\/wp-json\/wp\/v2\/product_tag?post=86845"}],"curies":[{"name":"wp","href":"https:\/\/api.w.org\/{rel}","templated":true}]}}