{"id":86858,"date":"2025-07-23T13:47:41","date_gmt":"2025-07-23T13:47:41","guid":{"rendered":"https:\/\/brandss.com.py\/index\/?post_type=product&#038;p=86858"},"modified":"2026-04-30T13:00:40","modified_gmt":"2026-04-30T13:00:40","slug":"calzado-deportivo-masculino-nike-phantom-gx-ii-club-fg-mg","status":"publish","type":"product","link":"https:\/\/brandss.com.py\/index\/producto\/calzado-deportivo-masculino-nike-phantom-gx-ii-club-fg-mg\/","title":{"rendered":"CALZADO DEPORTIVO MASCULINO NIKE PHANTOM GX II CLUB FG\/MG"},"content":{"rendered":"<p><img loading=\"lazy\" decoding=\"async\" class=\"\" src=\"https:\/\/logos-world.net\/wp-content\/uploads\/2020\/04\/Nike-Logo.png\" alt=\"Nike Logo, symbol, meaning, history, PNG, brand\" width=\"107\" height=\"60\" \/><\/p>\n<h1>PHANTOM GX II CLUB FG\/MG<\/h1>\n<div class=\"experience-component experience-productText\">\n<div class=\"product-text-wrapper hide-empty  \">\n<div class=\"product-text-content     \">\n<div class=\"product-text  released   \" data-product-field=\"longDescription\">\n<div class=\"pi-tier3\">\n<div class=\"pi-pdpmainbody\">\n<p>Para comenzar o solo para jugar por diversi\u00f3n, los tacos Club te llevan al campo sin comprometer la calidad. Confeccionados con los goles en mente, los Phantom GX 2 Club tienen una textura adherente que cubre el \u00e1rea de impacto de los tacos de f\u00fatbol y, adem\u00e1s, cuentan con una tracci\u00f3n confiable para ayudar a guiar tu agilidad sin precedentes.<\/p>\n<p><b>Tacto adherente<\/b><\/p>\n<p>La textura adherente cubre el \u00e1rea de impacto, se extiende desde el lado del dedo gordo y pasa por la zona de las agujetas hasta el dedo me\u00f1ique para permitir un contacto perfecto entre los tacos y el bal\u00f3n.<\/p>\n<p><b>Tracci\u00f3n confiable<\/b><\/p>\n<p>La placa de la suela se amolda de inmediato para ayudarte a jugar r\u00e1pido desde la primera vez que te lo pones.<\/p>\n<p><b>Ajuste c\u00f3modo<\/b><\/p>\n<p>El cuero sint\u00e9tico en la parte superior ayuda a mantener la comodidad en el campo.<\/p>\n<p><b>Datos del producto<\/b><\/p>\n<ul>\n<li>Para usar en superficies naturales y sint\u00e9ticas<\/li>\n<li>Plantilla con amortiguaci\u00f3n.<\/li>\n<li>Color: Negro\/Jungla Intenso\/Negro.<\/li>\n<li>Modelo: FJ2557-002.<\/li>\n<\/ul>\n<\/div>\n<\/div>\n<\/div>\n<\/div>\n<\/div>\n<\/div>\n","protected":false},"excerpt":{"rendered":"<p>PHANTOM GX II CLUB FG\/MG Para comenzar o solo para jugar por diversi\u00f3n, los tacos Club te llevan al campo<\/p>\n","protected":false},"featured_media":86859,"comment_status":"open","ping_status":"closed","template":"","meta":{"nf_dc_page":""},"product_brand":[1333],"product_cat":[76],"product_tag":[2477],"class_list":{"0":"post-86858","1":"product","2":"type-product","3":"status-publish","4":"has-post-thumbnail","6":"product_brand-nike","7":"product_cat-masculino","8":"product_tag-fj2557-002","10":"first","11":"outofstock","12":"shipping-taxable","13":"purchasable","14":"product-type-simple"},"_links":{"self":[{"href":"https:\/\/brandss.com.py\/index\/wp-json\/wp\/v2\/product\/86858","targetHints":{"allow":["GET"]}}],"collection":[{"href":"https:\/\/brandss.com.py\/index\/wp-json\/wp\/v2\/product"}],"about":[{"href":"https:\/\/brandss.com.py\/index\/wp-json\/wp\/v2\/types\/product"}],"replies":[{"embeddable":true,"href":"https:\/\/brandss.com.py\/index\/wp-json\/wp\/v2\/comments?post=86858"}],"version-history":[{"count":1,"href":"https:\/\/brandss.com.py\/index\/wp-json\/wp\/v2\/product\/86858\/revisions"}],"predecessor-version":[{"id":86868,"href":"https:\/\/brandss.com.py\/index\/wp-json\/wp\/v2\/product\/86858\/revisions\/86868"}],"wp:featuredmedia":[{"embeddable":true,"href":"https:\/\/brandss.com.py\/index\/wp-json\/wp\/v2\/media\/86859"}],"wp:attachment":[{"href":"https:\/\/brandss.com.py\/index\/wp-json\/wp\/v2\/media?parent=86858"}],"wp:term":[{"taxonomy":"product_brand","embeddable":true,"href":"https:\/\/brandss.com.py\/index\/wp-json\/wp\/v2\/product_brand?post=86858"},{"taxonomy":"product_cat","embeddable":true,"href":"https:\/\/brandss.com.py\/index\/wp-json\/wp\/v2\/product_cat?post=86858"},{"taxonomy":"product_tag","embeddable":true,"href":"https:\/\/brandss.com.py\/index\/wp-json\/wp\/v2\/product_tag?post=86858"}],"curies":[{"name":"wp","href":"https:\/\/api.w.org\/{rel}","templated":true}]}}