{"id":86869,"date":"2025-07-23T14:10:00","date_gmt":"2025-07-23T14:10:00","guid":{"rendered":"https:\/\/brandss.com.py\/index\/?post_type=product&#038;p=86869"},"modified":"2026-04-30T13:00:00","modified_gmt":"2026-04-30T13:00:00","slug":"short-deportivo-femenino-nike-one-dri-fit","status":"publish","type":"product","link":"https:\/\/brandss.com.py\/index\/producto\/short-deportivo-femenino-nike-one-dri-fit\/","title":{"rendered":"SHORT DEPORTIVO FEMENINO NIKE ONE DRI-FIT"},"content":{"rendered":"<p><img loading=\"lazy\" decoding=\"async\" class=\"\" src=\"https:\/\/logos-world.net\/wp-content\/uploads\/2020\/04\/Nike-Logo.png\" alt=\"Nike Logo, symbol, meaning, history, PNG, brand\" width=\"82\" height=\"46\" \/><\/p>\n<h1>ONE DRI-FIT<\/h1>\n<p><main id=\"maincontent\" class=\"b-page__main\"><\/p>\n<div class=\"b-pdp product product-detail product-wrapper js-product-to-wishlist js-gtm-product-id js-product-detail\" data-pid=\"NKFN3206-010\" data-variation-group-id=\"NKFN3206-010\" data-brand-category-id=\"\" data-gtm-onload=\"pdpView\" data-gtm-event-label=\"Nike One || NKFN3206-010 || Promotional price || 129.00\" data-gtm-enhance-commerce-details=\"{&quot;event&quot;:&quot;detailViewed&quot;,&quot;ecommerce&quot;:{&quot;detail&quot;:{&quot;products&quot;:[{&quot;item_id&quot;:&quot;NKFN3206-C&quot;,&quot;item_variant_id&quot;:&quot;NKFN3206-010&quot;,&quot;item_size_id&quot;:&quot;&quot;,&quot;item_name&quot;:&quot;nike one&quot;,&quot;item_brand&quot;:&quot;nike&quot;,&quot;index&quot;:1,&quot;discount&quot;:71,&quot;coupon&quot;:&quot;&quot;,&quot;item_category&quot;:&quot;women&quot;,&quot;item_category2&quot;:&quot;clothing&quot;,&quot;item_category3&quot;:&quot;training &amp; gym&quot;,&quot;item_category4&quot;:&quot;bottoms&quot;,&quot;item_category5&quot;:&quot;shorts&quot;,&quot;item_category6&quot;:&quot;&quot;,&quot;item_list_id&quot;:&quot;&quot;,&quot;item_list_name&quot;:&quot;&quot;,&quot;price&quot;:129,&quot;item_origin&quot;:&quot;pdp&quot;,&quot;item_variant&quot;:&quot;black&quot;,&quot;item_size&quot;:&quot;&quot;,&quot;item_search_term&quot;:&quot;&quot;,&quot;item_original_price&quot;:200,&quot;item_instock_sizes&quot;:&quot;XS,S,M&quot;,&quot;item_outstock_sizes&quot;:&quot;L,XL&quot;}]}}}\">\n<div class=\"b-pdp__inner\">\n<div class=\"b-pdp__content\">\n<div class=\"b-pdp__productholder js-pdp__productholder l-container\">\n<div id=\"fullDetailsModal\" class=\"modal modal--pdpfulldetail m-width-md m-close-type-1 m-body-type-1 js-modal js-modal-pdpfulldetail m-width-md m-close-type-1 m-body-type-1 fade show\" role=\"dialog\" aria-labelledby=\"fullDetailsModal\" data-json-config=\"{&quot;openOnPageLoad&quot;: false}\">\n<div class=\"modal-dialog  modal-dialog--pdpfulldetail m-width-md m-close-type-1 m-body-type-1 \" role=\"document\">\n<div class=\"modal-content \">\n<div class=\"modal-body\">\n<div class=\"b-fullpdpdetails\">\n<div class=\"b-fullpdpdetails__content\">\n<div class=\"b-fullpdpdetails__item\" data-prop-name=\"productDescription\"><span>Ya sea para entrenar o para relajarte, estos shorts de ciclista son perfectos para lo que sea. Su tejido de peso medio y suavidad se estira con cada movimiento y se seca r\u00e1pidamente. Adem\u00e1s, su cintura alta se adapta a tus tops cortos favoritos para un look de pies a cabeza con el que te sentir\u00e1s segura y c\u00f3moda todo el d\u00eda.<\/span><\/div>\n<div data-prop-name=\"productDescription\"><\/div>\n<div class=\"b-fullpdpdetails__attribute\" data-id=\"gmg_enhancedBenefits\">\n<div class=\"b-fullpdpdetails__section\">\n<h5 class=\"b-fullpdpdetails__title\"><span>Cobertura segura<\/span><\/h5>\n<div><\/div>\n<div class=\"b-productdata__content\"><span>La tela opaca y la cintura alta te ayudan a cubrir tus gl\u00fateos sin importar cu\u00e1nto te estires. Menos costuras para un ajuste suave y favorecedor.<\/span><\/div>\n<div><\/div>\n<\/div>\n<div class=\"b-fullpdpdetails__section\">\n<h5 class=\"b-fullpdpdetails__title\"><span>Listo para todo<\/span><\/h5>\n<div><\/div>\n<div class=\"b-productdata__content\"><span>Un bolsillo en la parte posterior de la cintura es lo suficientemente grande como para guardar tu tel\u00e9fono inteligente.<\/span><\/div>\n<div><\/div>\n<\/div>\n<div class=\"b-fullpdpdetails__section\">\n<h5 class=\"b-fullpdpdetails__title\"><span>Mantente seco<\/span><\/h5>\n<div><\/div>\n<div class=\"b-productdata__content\"><span>La tecnolog\u00eda Nike Dri-FIT aleja el sudor de tu piel para una evaporaci\u00f3n m\u00e1s r\u00e1pida, lo que te ayuda a mantenerte seco y c\u00f3modo.<\/span><\/div>\n<div><\/div>\n<\/div>\n<div class=\"b-fullpdpdetails__section\">\n<h5 class=\"b-fullpdpdetails__title\"><span>Algo para todos<\/span><\/h5>\n<div><\/div>\n<div class=\"b-productdata__content\"><span>Nadie sirve para todo, y por eso ofrecemos estos leggings y shorts en m\u00faltiples largos para cada actividad y estado de \u00e1nimo. Adem\u00e1s, combinan a la perfecci\u00f3n con cualquiera de nuestros tops y sujetadores Nike One, disponibles en varios colores para completar tu look.<\/span><\/div>\n<\/div>\n<div><\/div>\n<h5>Detalles<\/h5>\n<div>\n<ul class=\"b-list--dots\">\n<li><span><strong>Color:<\/strong> Ej\u00e9rcito claro, negro.<\/span><\/li>\n<li><span><strong>Modelo:<\/strong> FN3206-320.<\/span><\/li>\n<\/ul>\n<\/div>\n<\/div>\n<\/div>\n<\/div>\n<\/div>\n<\/div>\n<\/div>\n<\/div>\n<\/div>\n<div class=\"b-pdp__recs-container l-container--left\">\n<div class=\"b-pdp__recs js-pdp__recs b-pdp__recs--regular b-pdp__recs--frequently-bought frequently-bought h-flex-order--2\" data-enhanced-ecommerce-list=\"Frequently bought with\" data-gtm-recommendation-widget=\"frequently bought with\" data-gtm-recommendation-click=\"pdpRecommendationClick\" data-gtm-recommendation-add-to-wishlist=\"pdpRecommendationAddToWishlist\" data-gtm-recommendation-add-to-cart=\"pdpRecommendationAddToCart\" data-gtm-recommendation-scroll=\"pdpRecommendationScroll\" data-gtm-event-label=\"&lt;div class=&quot;woocommerce &quot;&gt;&lt;div class=&quot;wd-products-element&quot;&gt;\t\t\t&lt;div class=&quot;wd-sticky-loader wd-content-loader&quot;&gt;&lt;span class=&quot;wd-loader&quot;&gt;&lt;\/span&gt;&lt;\/div&gt;\n\t\t\n&lt;div class=&quot;products wd-products wd-grid-g grid-columns-3 elements-grid pagination-pagination&quot; data-source=&quot;main_loop&quot; data-min_price=&quot;&quot; data-max_price=&quot;&quot; data-columns=&quot;3&quot; style=&quot;--wd-col-lg:3;--wd-col-md:3;--wd-col-sm:2;--wd-gap-lg:20px;--wd-gap-sm:10px;&quot;&gt;\n&lt;div class=&quot;wd-product wd-hover-base wd-hover-with-fade wd-col product-grid-item product product-no-swatches type-product post-81746 status-publish instock product_cat-hogar product_tag-1232 has-post-thumbnail shipping-taxable purchasable product-type-simple&quot; data-loop=&quot;1&quot; data-id=&quot;81746&quot;&gt;\n\t\n\t\n&lt;div class=&quot;product-wrapper&quot;&gt;\n\t&lt;div class=&quot;content-product-imagin&quot;&gt;&lt;\/div&gt;\n\t&lt;div class=&quot;product-element-top wd-quick-shop&quot;&gt;\n\t\t&lt;a href=&quot;https:\/\/brandss.com.py\/index\/producto\/smartfy-av01b-abridor-de-vino-electrico-recargable-negro\/&quot; class=&quot;product-image-link&quot; tabindex=&quot;-1&quot; aria-label=&quot;ABRIDOR EL\u00c9CTRICO DE VINO SMARTFY AV01B RECARGABLE BLACK&quot;&gt;\n\t\t\t&lt;img width=&quot;430&quot; height=&quot;430&quot; src=&quot;https:\/\/brandss.com.py\/index\/wp-content\/uploads\/2025\/05\/8c604da426b70dc9837aa14de7d6122d.jpg-600x600-1-430x430.webp&quot; class=&quot;attachment-woocommerce_thumbnail size-woocommerce_thumbnail&quot; alt=&quot;&quot; srcset=&quot;https:\/\/brandss.com.py\/index\/wp-content\/uploads\/2025\/05\/8c604da426b70dc9837aa14de7d6122d.jpg-600x600-1-430x430.webp 430w, https:\/\/brandss.com.py\/index\/wp-content\/uploads\/2025\/05\/8c604da426b70dc9837aa14de7d6122d.jpg-600x600-1-300x300.webp 300w, https:\/\/brandss.com.py\/index\/wp-content\/uploads\/2025\/05\/8c604da426b70dc9837aa14de7d6122d.jpg-600x600-1-150x150.webp 150w, https:\/\/brandss.com.py\/index\/wp-content\/uploads\/2025\/05\/8c604da426b70dc9837aa14de7d6122d.jpg-600x600-1.webp 600w&quot; sizes=&quot;(max-width: 430px) 100vw, 430px&quot; \/&gt;\t\t&lt;\/a&gt;\n\n\t\t\t\t\t&lt;div class=&quot;hover-img&quot;&gt;\n\t\t\t\t&lt;img width=&quot;430&quot; height=&quot;430&quot; src=&quot;https:\/\/brandss.com.py\/index\/wp-content\/uploads\/2025\/05\/ea422ee79b71774e5a9e59fc719cb482-430x430.jpg&quot; class=&quot;attachment-woocommerce_thumbnail size-woocommerce_thumbnail&quot; alt=&quot;&quot; srcset=&quot;https:\/\/brandss.com.py\/index\/wp-content\/uploads\/2025\/05\/ea422ee79b71774e5a9e59fc719cb482-430x430.jpg 430w, https:\/\/brandss.com.py\/index\/wp-content\/uploads\/2025\/05\/ea422ee79b71774e5a9e59fc719cb482-300x300.jpg 300w, https:\/\/brandss.com.py\/index\/wp-content\/uploads\/2025\/05\/ea422ee79b71774e5a9e59fc719cb482-800x800.jpg 800w, https:\/\/brandss.com.py\/index\/wp-content\/uploads\/2025\/05\/ea422ee79b71774e5a9e59fc719cb482-150x150.jpg 150w, https:\/\/brandss.com.py\/index\/wp-content\/uploads\/2025\/05\/ea422ee79b71774e5a9e59fc719cb482-768x768.jpg 768w, https:\/\/brandss.com.py\/index\/wp-content\/uploads\/2025\/05\/ea422ee79b71774e5a9e59fc719cb482-700x700.jpg 700w, https:\/\/brandss.com.py\/index\/wp-content\/uploads\/2025\/05\/ea422ee79b71774e5a9e59fc719cb482.jpg 1500w&quot; sizes=&quot;(max-width: 430px) 100vw, 430px&quot; \/&gt;\t\t\t&lt;\/div&gt;\n\t\t\t\n\t\t&lt;div class=&quot;wrapp-swatches&quot;&gt;\t\t&lt;div class=&quot;wd-compare-btn product-compare-button wd-action-btn wd-style-icon wd-compare-icon&quot;&gt;\n\t\t\t&lt;a href=&quot;https:\/\/brandss.com.py\/index\/compare\/&quot; data-id=&quot;81746&quot; rel=&quot;nofollow&quot; data-added-text=&quot;Compare products&quot;&gt;\n\t\t\t\t&lt;span class=&quot;wd-added-icon&quot;&gt;&lt;\/span&gt;\n\t\t\t\t&lt;span class=&quot;wd-action-text&quot;&gt;Add to compare&lt;\/span&gt;\n\t\t\t&lt;\/a&gt;\n\t\t&lt;\/div&gt;\n\t\t&lt;\/div&gt;\n\t&lt;\/div&gt;\n\n\t&lt;div class=&quot;product-element-bottom product-information&quot;&gt;\n\t\t&lt;h3 class=&quot;wd-entities-title&quot;&gt;&lt;a href=&quot;https:\/\/brandss.com.py\/index\/producto\/smartfy-av01b-abridor-de-vino-electrico-recargable-negro\/&quot;&gt;ABRIDOR EL\u00c9CTRICO DE VINO SMARTFY AV01B RECARGABLE BLACK&lt;\/a&gt;&lt;\/h3&gt;\t\t\t\t&lt;div class=&quot;wd-product-cats&quot;&gt;\n\t\t\t&lt;a href=&quot;https:\/\/brandss.com.py\/index\/categoria-producto\/hogar\/&quot; rel=&quot;tag&quot;&gt;HOGAR&lt;\/a&gt;\t\t&lt;\/div&gt;\n\t\t\t\t&lt;div class=&quot;product-rating-price&quot;&gt;\n\t\t\t&lt;div class=&quot;wrapp-product-price&quot;&gt;\n\t\t\t\t\n\t&lt;span class=&quot;price&quot;&gt;&lt;span class=&quot;woocommerce-Price-amount amount&quot;&gt;&lt;bdi&gt;&lt;span class=&quot;woocommerce-Price-currencySymbol&quot;&gt;&#036;&lt;\/span&gt;11.00&lt;\/bdi&gt;&lt;\/span&gt;&lt;\/span&gt;\n\t\t\t\t\t\t\t&lt;\/div&gt;\n\t\t&lt;\/div&gt;\n\t\t\t\t&lt;div class=&quot;fade-in-block wd-scroll&quot;&gt;\n\t\t\t&lt;div class=&quot;hover-content wd-more-desc&quot;&gt;\n\t\t\t\t&lt;div class=&quot;hover-content-inner wd-more-desc-inner&quot;&gt;\n\t\t\t\t\tAV01B El abridor de vino Smartfy AV01B combina estilo, funcionalidad y practicidad para brindarte una experiencia \u00fanica al abrir botellas\t\t\t\t&lt;\/div&gt;\n\t\t\t\t&lt;a href=&quot;#&quot; rel=&quot;nofollow&quot; class=&quot;wd-more-desc-btn&quot; aria-label=&quot;Read more description&quot;&gt;&lt;\/a&gt;\n\t\t\t&lt;\/div&gt;\n\t\t\t&lt;div class=&quot; wd-bottom-actions&quot;&gt;\n\t\t\t\t&lt;div class=&quot;wrap-wishlist-button&quot;&gt;\t\t\t&lt;div class=&quot;wd-wishlist-btn wd-action-btn wd-style-icon wd-wishlist-icon&quot;&gt;\n\t\t\t\t&lt;a class=&quot;&quot; href=&quot;https:\/\/brandss.com.py\/index\/producto\/smartfy-av01b-abridor-de-vino-electrico-recargable-negro\/&quot; data-key=&quot;3009a0f5c9&quot; data-product-id=&quot;81746&quot; rel=&quot;nofollow&quot; data-added-text=&quot;Browse wishlist&quot;&gt;\n\t\t\t\t\t&lt;span class=&quot;wd-added-icon&quot;&gt;&lt;\/span&gt;\n\t\t\t\t\t&lt;span class=&quot;wd-action-text&quot;&gt;Add to wishlist&lt;\/span&gt;\n\t\t\t\t&lt;\/a&gt;\n\t\t\t&lt;\/div&gt;\n\t\t&lt;\/div&gt;\n\t\t\t\t&lt;div class=&quot;wd-add-btn wd-add-btn-replace&quot;&gt;\n\t\t\t\t\t&lt;a href=&quot;\/index\/wp-json\/wp\/v2\/product\/86869?add-to-cart=81746&quot; aria-describedby=&quot;woocommerce_loop_add_to_cart_link_describedby_81746&quot; data-quantity=&quot;1&quot; class=&quot;button product_type_simple add_to_cart_button ajax_add_to_cart add-to-cart-loop&quot; data-product_id=&quot;81746&quot; data-product_sku=&quot;7848004420317&quot; aria-label=&quot;A\u00f1adir al carrito: &ldquo;ABRIDOR EL\u00c9CTRICO DE VINO SMARTFY AV01B RECARGABLE BLACK&rdquo;&quot; rel=&quot;nofollow&quot; data-success_message=&quot;\u00abABRIDOR EL\u00c9CTRICO DE VINO SMARTFY AV01B RECARGABLE BLACK\u00bb se ha a\u00f1adido a tu carrito&quot; role=&quot;button&quot;&gt;&lt;span&gt;A\u00f1adir al carrito&lt;\/span&gt;&lt;\/a&gt;\t&lt;span id=&quot;woocommerce_loop_add_to_cart_link_describedby_81746&quot; class=&quot;screen-reader-text&quot;&gt;\n\t\t\t&lt;\/span&gt;\n\t\t\t\t\t\t\t\t\t\t\t\t\t\t\t\t\t\t\t\t&lt;\/div&gt;\n\t\t\t\t&lt;div class=&quot;wrap-quickview-button&quot;&gt;\t\t&lt;div class=&quot;quick-view wd-action-btn wd-style-icon wd-quick-view-icon&quot;&gt;\n\t\t\t&lt;a\n\t\t\t\thref=&quot;https:\/\/brandss.com.py\/index\/producto\/smartfy-av01b-abridor-de-vino-electrico-recargable-negro\/&quot;\n\t\t\t\tclass=&quot;open-quick-view quick-view-button&quot;\n\t\t\t\trel=&quot;nofollow&quot;\n\t\t\t\tdata-id=&quot;81746&quot;\n\t\t\t\t&gt;Quick view&lt;\/a&gt;\n\t\t&lt;\/div&gt;\n\t\t&lt;\/div&gt;\n\t\t\t&lt;\/div&gt;\n\n\t\t\t\t\t\t\n\t\t\t\t\t&lt;\/div&gt;\n\t&lt;\/div&gt;\n&lt;\/div&gt;\n&lt;\/div&gt;\n&lt;\/div&gt;\n&lt;\/div&gt;&lt;\/div&gt; || [selected product id] || [selected product index]\">\n<div id=\"cq_recomm_slot-231bb938d3791fd620e93dd38e\"><\/div>\n<\/div>\n<\/div>\n<\/div>\n<\/div>\n<\/div>\n<p><\/main><\/p>\n","protected":false},"excerpt":{"rendered":"<p>ONE DRI-FIT Ya sea para entrenar o para relajarte, estos shorts de ciclista son perfectos para lo que sea. Su<\/p>\n","protected":false},"featured_media":86870,"comment_status":"open","ping_status":"closed","template":"","meta":{"nf_dc_page":""},"product_brand":[1333],"product_cat":[73],"product_tag":[2481],"class_list":{"0":"post-86869","1":"product","2":"type-product","3":"status-publish","4":"has-post-thumbnail","6":"product_brand-nike","7":"product_cat-femenino","8":"product_tag-fn3206-320","10":"first","11":"outofstock","12":"shipping-taxable","13":"purchasable","14":"product-type-simple"},"_links":{"self":[{"href":"https:\/\/brandss.com.py\/index\/wp-json\/wp\/v2\/product\/86869","targetHints":{"allow":["GET"]}}],"collection":[{"href":"https:\/\/brandss.com.py\/index\/wp-json\/wp\/v2\/product"}],"about":[{"href":"https:\/\/brandss.com.py\/index\/wp-json\/wp\/v2\/types\/product"}],"replies":[{"embeddable":true,"href":"https:\/\/brandss.com.py\/index\/wp-json\/wp\/v2\/comments?post=86869"}],"version-history":[{"count":1,"href":"https:\/\/brandss.com.py\/index\/wp-json\/wp\/v2\/product\/86869\/revisions"}],"predecessor-version":[{"id":86878,"href":"https:\/\/brandss.com.py\/index\/wp-json\/wp\/v2\/product\/86869\/revisions\/86878"}],"wp:featuredmedia":[{"embeddable":true,"href":"https:\/\/brandss.com.py\/index\/wp-json\/wp\/v2\/media\/86870"}],"wp:attachment":[{"href":"https:\/\/brandss.com.py\/index\/wp-json\/wp\/v2\/media?parent=86869"}],"wp:term":[{"taxonomy":"product_brand","embeddable":true,"href":"https:\/\/brandss.com.py\/index\/wp-json\/wp\/v2\/product_brand?post=86869"},{"taxonomy":"product_cat","embeddable":true,"href":"https:\/\/brandss.com.py\/index\/wp-json\/wp\/v2\/product_cat?post=86869"},{"taxonomy":"product_tag","embeddable":true,"href":"https:\/\/brandss.com.py\/index\/wp-json\/wp\/v2\/product_tag?post=86869"}],"curies":[{"name":"wp","href":"https:\/\/api.w.org\/{rel}","templated":true}]}}