{"id":86890,"date":"2025-07-23T16:46:32","date_gmt":"2025-07-23T16:46:32","guid":{"rendered":"https:\/\/brandss.com.py\/index\/?post_type=product&#038;p=86890"},"modified":"2026-04-09T10:44:09","modified_gmt":"2026-04-09T10:44:09","slug":"sujetador-deportivo-femenino-nike-alate-minimalist-de-sujecion-ligera","status":"publish","type":"product","link":"https:\/\/brandss.com.py\/index\/producto\/sujetador-deportivo-femenino-nike-alate-minimalist-de-sujecion-ligera\/","title":{"rendered":"SUJETADOR DEPORTIVO FEMENINO NIKE ALATE MINIMALIST DE SUJECI\u00d3N LIGERA"},"content":{"rendered":"<p><img loading=\"lazy\" decoding=\"async\" class=\"\" src=\"https:\/\/logos-world.net\/wp-content\/uploads\/2020\/04\/Nike-Logo.png\" alt=\"Nike Logo, symbol, meaning, history, PNG, brand\" width=\"93\" height=\"53\" \/><\/p>\n<h1>ALATE MINIMALIST<\/h1>\n<p class=\"nds-text pb4-sm css-qtj9g7 e1yhcai00 appearance-body1 color-primary weight-regular\" data-testid=\"product-description\">Incre\u00edblemente suave y ligera, la prenda Alate Minimalista ofrece una comodidad sin esfuerzo. Su soporte ligero proporciona una sujeci\u00f3n suave, mientras que el acolchado el\u00e1stico cosido proporciona una sutil forma y cobertura. Su dise\u00f1o discreto y sus tirantes ajustables y convertibles se adaptan a ti y a tu atuendo todo el d\u00eda, todos los d\u00edas.<\/p>\n<div data-testid=\"benefit-section\">\n<h4 class=\"nds-text pb2-sm css-1m2rxfq e1yhcai00 appearance-title4 color-primary weight-regular\" data-testid=\"benefit-header\">Un Alate para cada cuerpo<\/h4>\n<p class=\"nds-text pb4-sm css-ris3xr e1yhcai00 appearance-body2 color-primary weight-regular\" data-testid=\"single-benefit-text\">Alate se centra en la comodidad durante todo el d\u00eda, lo que significa diferentes cosas para cada persona. \u00bfBuscas una cobertura completa? Alate Coverage podr\u00eda ser la opci\u00f3n perfecta. Y si buscas un mayor soporte que sea f\u00e1cil de personalizar, prueba Alate High Support.<\/p>\n<h4 class=\"nds-text pb2-sm css-1m2rxfq e1yhcai00 appearance-title4 color-primary weight-regular\" data-testid=\"benefit-header\">Dise\u00f1ado para todo tipo de ropa<\/h4>\n<p class=\"nds-text pb4-sm css-ris3xr e1yhcai00 appearance-body2 color-primary weight-regular\" data-testid=\"single-benefit-text\">Las almohadillas supersuaves y el\u00e1sticas, fijadas al sujetador, ayudan a mantener todo en su lugar mientras te mueves. La forma de reloj de arena entre las copas las separa y proporciona transpirabilidad. Con la elasticidad y flexibilidad necesarias, el sujetador recupera y mantiene su forma entre usos para que siempre tengas el ajuste perfecto.<\/p>\n<h4 class=\"nds-text pb2-sm css-1m2rxfq e1yhcai00 appearance-title4 color-primary weight-regular\" data-testid=\"benefit-header\">Apenas all\u00ed<\/h4>\n<p class=\"nds-text pb4-sm css-ris3xr e1yhcai00 appearance-body2 color-primary weight-regular\" data-testid=\"single-benefit-text\">Incre\u00edblemente ligero y ligeramente cepillado, el tejido suave y el\u00e1stico se adapta a tu figura natural y se siente como si apenas lo llevaras puesto. La malla interior supersuave realza la ligereza y la transpirabilidad.<\/p>\n<\/div>\n<div data-testid=\"benefit-section\"><\/div>\n<div data-testid=\"benefit-section\">\n<h4 class=\"nds-text pb2-sm css-1m2rxfq e1yhcai00 appearance-title4 color-primary weight-regular\" data-testid=\"benefit-header\">M\u00e1s beneficios<\/h4>\n<ul class=\"pb4-sm css-1vql4bw eru6lik0 nds-list\" data-testid=\"benefit-list\">\n<li class=\"nds-text css-xlkxpi e1yhcai00 appearance-body1 color-primary weight-regular\">La tecnolog\u00eda Nike Dri-FIT aleja el sudor de tu piel para una evaporaci\u00f3n m\u00e1s r\u00e1pida, lo que te ayuda a mantenerte seco y c\u00f3modo.<\/li>\n<li class=\"nds-text css-xlkxpi e1yhcai00 appearance-body1 color-primary weight-regular\">Las perforaciones en el centro del frente a\u00f1aden transpirabilidad en el \u00e1rea de mucho calor.<\/li>\n<\/ul>\n<\/div>\n<div data-testid=\"benefit-section\">\n<h4 class=\"nds-text pb2-sm css-1m2rxfq e1yhcai00 appearance-title4 color-primary weight-regular\" data-testid=\"benefit-header\">Detalles del producto<\/h4>\n<ul class=\"pb4-sm css-1vql4bw eru6lik0 nds-list\" data-testid=\"benefit-list\">\n<li class=\"nds-text css-xlkxpi e1yhcai00 appearance-body1 color-primary weight-regular\">Cuerpo: 74 % poli\u00e9ster\/26 % elastano. Forro de los paneles: 74 % poli\u00e9ster\/26 % elastano. Malla: 59 % poli\u00e9ster\/41 % elastano. Acolchado: 100 % poliuretano. Tejido del respaldo del acolchado: 100 % poli\u00e9ster.<\/li>\n<li class=\"nds-text css-xlkxpi e1yhcai00 appearance-body1 color-primary weight-regular\">Cierre de gancho y ojal.<\/li>\n<li class=\"nds-text css-xlkxpi e1yhcai00 appearance-body1 color-primary weight-regular\">Lavado a m\u00e1quina.<\/li>\n<li class=\"nds-text css-xlkxpi e1yhcai00 appearance-body1 color-primary weight-regular\">Importado.<\/li>\n<li class=\"nds-text css-xlkxpi e1yhcai00 appearance-body1 color-primary weight-regular\">Color: blanco, gris fr\u00edo.<\/li>\n<li class=\"nds-text css-xlkxpi e1yhcai00 appearance-body1 color-primary weight-regular\">Modelo: FQ3550-100.<\/li>\n<\/ul>\n<\/div>\n","protected":false},"excerpt":{"rendered":"<p>ALATE MINIMALIST Incre\u00edblemente suave y ligera, la prenda Alate Minimalista ofrece una comodidad sin esfuerzo. Su soporte ligero proporciona una<\/p>\n","protected":false},"featured_media":86891,"comment_status":"open","ping_status":"closed","template":"","meta":{"nf_dc_page":""},"product_brand":[1333],"product_cat":[73],"product_tag":[2484],"class_list":{"0":"post-86890","1":"product","2":"type-product","3":"status-publish","4":"has-post-thumbnail","6":"product_brand-nike","7":"product_cat-femenino","8":"product_tag-fq3550-100","10":"first","11":"outofstock","12":"shipping-taxable","13":"purchasable","14":"product-type-simple"},"_links":{"self":[{"href":"https:\/\/brandss.com.py\/index\/wp-json\/wp\/v2\/product\/86890","targetHints":{"allow":["GET"]}}],"collection":[{"href":"https:\/\/brandss.com.py\/index\/wp-json\/wp\/v2\/product"}],"about":[{"href":"https:\/\/brandss.com.py\/index\/wp-json\/wp\/v2\/types\/product"}],"replies":[{"embeddable":true,"href":"https:\/\/brandss.com.py\/index\/wp-json\/wp\/v2\/comments?post=86890"}],"version-history":[{"count":2,"href":"https:\/\/brandss.com.py\/index\/wp-json\/wp\/v2\/product\/86890\/revisions"}],"predecessor-version":[{"id":86899,"href":"https:\/\/brandss.com.py\/index\/wp-json\/wp\/v2\/product\/86890\/revisions\/86899"}],"wp:featuredmedia":[{"embeddable":true,"href":"https:\/\/brandss.com.py\/index\/wp-json\/wp\/v2\/media\/86891"}],"wp:attachment":[{"href":"https:\/\/brandss.com.py\/index\/wp-json\/wp\/v2\/media?parent=86890"}],"wp:term":[{"taxonomy":"product_brand","embeddable":true,"href":"https:\/\/brandss.com.py\/index\/wp-json\/wp\/v2\/product_brand?post=86890"},{"taxonomy":"product_cat","embeddable":true,"href":"https:\/\/brandss.com.py\/index\/wp-json\/wp\/v2\/product_cat?post=86890"},{"taxonomy":"product_tag","embeddable":true,"href":"https:\/\/brandss.com.py\/index\/wp-json\/wp\/v2\/product_tag?post=86890"}],"curies":[{"name":"wp","href":"https:\/\/api.w.org\/{rel}","templated":true}]}}