{"id":86912,"date":"2025-07-23T18:41:31","date_gmt":"2025-07-23T18:41:31","guid":{"rendered":"https:\/\/brandss.com.py\/index\/?post_type=product&#038;p=86912"},"modified":"2026-02-11T10:19:45","modified_gmt":"2026-02-11T10:19:45","slug":"calzado-deportivo-masculino-nike-zoom-mecurial-vapor-16-academy-tf","status":"publish","type":"product","link":"https:\/\/brandss.com.py\/index\/producto\/calzado-deportivo-masculino-nike-zoom-mecurial-vapor-16-academy-tf\/","title":{"rendered":"CALZADO DEPORTIVO MASCULINO NIKE ZOOM MECURIAL VAPOR 16 ACADEMY TF"},"content":{"rendered":"<p><img loading=\"lazy\" decoding=\"async\" class=\"\" src=\"https:\/\/logos-world.net\/wp-content\/uploads\/2020\/04\/Nike-Logo.png\" alt=\"Nike Logo, symbol, meaning, history, PNG, brand\" width=\"110\" height=\"62\" \/><\/p>\n<h1>ZOOM MECURIAL VAPOR 16 ACADEMY TF<\/h1>\n<p class=\"info\"><span>S\u00e9 decisivo en los momentos importantes con las Nike Air Zoom Mercurial Vapor 16 Academy TF, una combinaci\u00f3n de colores exclusiva inspirada en el estatus de Cristiano como h\u00e9roe nacional. Como era de esperar, el calzado tambi\u00e9n cuenta con la el\u00e1stica unidad Zoom Air de las Mercurial para una aceleraci\u00f3n instant\u00e1nea, para que puedas ser m\u00e1s r\u00e1pido cuando lo necesites, al igual que Ronaldo. As\u00ed es, Zoom Air. Ubicado en el tal\u00f3n, proporciona una amortiguaci\u00f3n reactiva que te anima a entrar en acci\u00f3n, trabajando con una tracci\u00f3n agresiva para permitir los movimientos din\u00e1micos que importan en el \u00faltimo tercio. No es solo la suela exterior la que es m\u00e1s r\u00e1pida que nunca. Cada aspecto de la parte superior est\u00e1 optimizado para la velocidad. Un cierre de punto transpirable y un forro Speed Cage recortado se combinan para brindar un soporte ligero y flexible, mientras que la capa exterior tiene una textura dise\u00f1ada para brindar una sensaci\u00f3n natural del bal\u00f3n al driblar a ritmo. El sistema de cordones central mejorado proporciona un ajuste c\u00f3modo y se adapta a una variedad de formas de pie. Ahora es r\u00e1pido.<\/span><\/p>\n<div><\/div>\n<h3><b>Material NikeSkin con franja en V\u2026<\/b><\/h3>\n<p>El calzado de c\u00e9sped artificial Nike Mercurial Vapor 16 Academy incorporan NikeSkin con chevrones integrados\u00a0\u00a0para un control del bal\u00f3n \u00f3ptimo y una sensaci\u00f3n similar a la de ir descalzo. La malla el\u00e1stica de los modelos anteriores se ha sustituido por un tejido de punto adaptable que proporciona flexibilidad, sujeci\u00f3n y acerca el pie al bal\u00f3n.<\/p>\n<h3><b>Suela de goma Ground-Grip\u2026<\/b><\/h3>\n<p><span>Dise\u00f1adas para superficies sint\u00e9ticas m\u00e1s cortas, los nuevos calzados Nike Mercurial Vapor 16 Academy para c\u00e9sped artificial cuentan con una plantilla acolchada para un ajuste c\u00f3modo.\u00a0 <\/span><span>Con una suela de goma que\u00a0<\/span><span> proporciona tracci\u00f3n en superficies de c\u00e9sped artificial , las Nike Mercurial Vapor 16 Academy para c\u00e9sped artificial incorporan una unidad de tal\u00f3n Air Zoom mejorada.<\/span><\/p>\n<h4><b>ESPECIFICACIONES T\u00c9CNICAS<\/b><\/h4>\n<ul>\n<li>Material NikeSkin con rayas en V.<\/li>\n<li>Una unidad de tal\u00f3n Air Zoom mejorada.<\/li>\n<li>Contacto con la pelota reforzado.<\/li>\n<li>Caracter\u00edstica de plantilla acolchada.<\/li>\n<li>Estructura de ajuste perfecto.<\/li>\n<li>Uso en terrenos sint\u00e9ticos con c\u00e9sped m\u00e1s corto.<\/li>\n<li>Suela de goma.<\/li>\n<li>Dise\u00f1o c\u00f3modo y \u00fatil.<\/li>\n<\/ul>\n<h5 style=\"font-weight: 700 !important\">Caracter\u00edsticas del producto<\/h5>\n<p>G\u00e9nero: Masculino<\/p>\n<p>Colecci\u00f3n: Mercurial<\/p>\n<p>Posici\u00f3n: Ataque<\/p>\n<p>Deportes: F\u00fatbol<\/p>\n<p>Color: Azul<\/p>\n<p>Suelo: C\u00e9sped artificial (TF)<\/p>\n<p>Modelo: FQ8449-400.<\/p>\n","protected":false},"excerpt":{"rendered":"<p>ZOOM MECURIAL VAPOR 16 ACADEMY TF S\u00e9 decisivo en los momentos importantes con las Nike Air Zoom Mercurial Vapor 16<\/p>\n","protected":false},"featured_media":86913,"comment_status":"open","ping_status":"closed","template":"","meta":{"nf_dc_page":""},"product_brand":[1333],"product_cat":[76],"product_tag":[2486],"class_list":{"0":"post-86912","1":"product","2":"type-product","3":"status-publish","4":"has-post-thumbnail","6":"product_brand-nike","7":"product_cat-masculino","8":"product_tag-fq8449-400","10":"first","11":"outofstock","12":"shipping-taxable","13":"purchasable","14":"product-type-simple"},"_links":{"self":[{"href":"https:\/\/brandss.com.py\/index\/wp-json\/wp\/v2\/product\/86912","targetHints":{"allow":["GET"]}}],"collection":[{"href":"https:\/\/brandss.com.py\/index\/wp-json\/wp\/v2\/product"}],"about":[{"href":"https:\/\/brandss.com.py\/index\/wp-json\/wp\/v2\/types\/product"}],"replies":[{"embeddable":true,"href":"https:\/\/brandss.com.py\/index\/wp-json\/wp\/v2\/comments?post=86912"}],"version-history":[{"count":1,"href":"https:\/\/brandss.com.py\/index\/wp-json\/wp\/v2\/product\/86912\/revisions"}],"predecessor-version":[{"id":86921,"href":"https:\/\/brandss.com.py\/index\/wp-json\/wp\/v2\/product\/86912\/revisions\/86921"}],"wp:featuredmedia":[{"embeddable":true,"href":"https:\/\/brandss.com.py\/index\/wp-json\/wp\/v2\/media\/86913"}],"wp:attachment":[{"href":"https:\/\/brandss.com.py\/index\/wp-json\/wp\/v2\/media?parent=86912"}],"wp:term":[{"taxonomy":"product_brand","embeddable":true,"href":"https:\/\/brandss.com.py\/index\/wp-json\/wp\/v2\/product_brand?post=86912"},{"taxonomy":"product_cat","embeddable":true,"href":"https:\/\/brandss.com.py\/index\/wp-json\/wp\/v2\/product_cat?post=86912"},{"taxonomy":"product_tag","embeddable":true,"href":"https:\/\/brandss.com.py\/index\/wp-json\/wp\/v2\/product_tag?post=86912"}],"curies":[{"name":"wp","href":"https:\/\/api.w.org\/{rel}","templated":true}]}}