{"id":86922,"date":"2025-07-23T19:13:32","date_gmt":"2025-07-23T19:13:32","guid":{"rendered":"https:\/\/brandss.com.py\/index\/?post_type=product&#038;p=86922"},"modified":"2026-04-30T13:00:00","modified_gmt":"2026-04-30T13:00:00","slug":"calzado-deportivo-masculino-nike-court-dri-fit-victory-mangas-cortas","status":"publish","type":"product","link":"https:\/\/brandss.com.py\/index\/producto\/calzado-deportivo-masculino-nike-court-dri-fit-victory-mangas-cortas\/","title":{"rendered":"CAMISETA DEPORTIVO MASCULINO NIKE COURT DRI-FIT VICTORY MANGAS CORTAS"},"content":{"rendered":"<p><img loading=\"lazy\" decoding=\"async\" class=\"\" src=\"https:\/\/logos-world.net\/wp-content\/uploads\/2020\/04\/Nike-Logo.png\" alt=\"Nike Logo, symbol, meaning, history, PNG, brand\" width=\"107\" height=\"60\" \/><\/p>\n<h1>COURT DRI-FIT VICTORY<\/h1>\n<p><span>Prep\u00e1rate para rendir al m\u00e1ximo con la camiseta Nike Court Dri-Fit Victory para hombre. Su tejido transpirable, el\u00e1stico y absorbente de sudor te mantiene c\u00f3modo durante el partido. La costura en la parte posterior del hombro y su dise\u00f1o descentrado permiten mayor movilidad, y los refuerzos laterales proporcionan mayor elasticidad. Mantente seco y c\u00f3modo con la tecnolog\u00eda Nike Dri-FIT.<\/span><\/p>\n<p><strong>Dri-FIT<br \/>\n<\/strong>Este tejido absorbe el sudor del cuerpo y lo traslada a la superficie del tejido, desde donde se evapora de forma r\u00e1pida.<\/p>\n<p><strong>Move To Zero<\/strong><br \/>\nMove To Zero es el camino de Nike para eliminar los desechos y las emisiones de carbono, para proteger el futuro del deporte. Las prendas est\u00e1n confeccionadas con al menos un 55% de materiales reciclados, mientras que las zapatillas con al menos un 20% de su peso en materiales reciclados.<\/p>\n<h5>Detalles:<\/h5>\n<ul>\n<li>Tejido\u00a0transpirable\u00a0y\u00a0el\u00e1stico.<\/li>\n<li>Cuello redondo con perfil interno.<\/li>\n<li>Costuras redondeadas en los hombros para facilitar el movimiento.<\/li>\n<li>Dobladillo trasero ca\u00eddo para mayor cobertura.<\/li>\n<li>Logo Nike bordado.<\/li>\n<li>Corte ajustado.<\/li>\n<li>Tejido: 100% poli\u00e9ster.<\/li>\n<li><span>Lavado a m\u00e1quina.<\/span><\/li>\n<li><span>Importado.<\/span><\/li>\n<li><span>Color: negro, blanco.<\/span><\/li>\n<li>Modelo: FZ6921-010.<\/li>\n<\/ul>\n","protected":false},"excerpt":{"rendered":"<p>COURT DRI-FIT VICTORY Prep\u00e1rate para rendir al m\u00e1ximo con la camiseta Nike Court Dri-Fit Victory para hombre. Su tejido transpirable,<\/p>\n","protected":false},"featured_media":86923,"comment_status":"open","ping_status":"closed","template":"","meta":{"nf_dc_page":""},"product_brand":[1333],"product_cat":[76],"product_tag":[2491],"class_list":{"0":"post-86922","1":"product","2":"type-product","3":"status-publish","4":"has-post-thumbnail","6":"product_brand-nike","7":"product_cat-masculino","8":"product_tag-fz6921-010","10":"first","11":"outofstock","12":"shipping-taxable","13":"purchasable","14":"product-type-simple"},"_links":{"self":[{"href":"https:\/\/brandss.com.py\/index\/wp-json\/wp\/v2\/product\/86922","targetHints":{"allow":["GET"]}}],"collection":[{"href":"https:\/\/brandss.com.py\/index\/wp-json\/wp\/v2\/product"}],"about":[{"href":"https:\/\/brandss.com.py\/index\/wp-json\/wp\/v2\/types\/product"}],"replies":[{"embeddable":true,"href":"https:\/\/brandss.com.py\/index\/wp-json\/wp\/v2\/comments?post=86922"}],"version-history":[{"count":2,"href":"https:\/\/brandss.com.py\/index\/wp-json\/wp\/v2\/product\/86922\/revisions"}],"predecessor-version":[{"id":86932,"href":"https:\/\/brandss.com.py\/index\/wp-json\/wp\/v2\/product\/86922\/revisions\/86932"}],"wp:featuredmedia":[{"embeddable":true,"href":"https:\/\/brandss.com.py\/index\/wp-json\/wp\/v2\/media\/86923"}],"wp:attachment":[{"href":"https:\/\/brandss.com.py\/index\/wp-json\/wp\/v2\/media?parent=86922"}],"wp:term":[{"taxonomy":"product_brand","embeddable":true,"href":"https:\/\/brandss.com.py\/index\/wp-json\/wp\/v2\/product_brand?post=86922"},{"taxonomy":"product_cat","embeddable":true,"href":"https:\/\/brandss.com.py\/index\/wp-json\/wp\/v2\/product_cat?post=86922"},{"taxonomy":"product_tag","embeddable":true,"href":"https:\/\/brandss.com.py\/index\/wp-json\/wp\/v2\/product_tag?post=86922"}],"curies":[{"name":"wp","href":"https:\/\/api.w.org\/{rel}","templated":true}]}}