{"id":86937,"date":"2025-07-24T12:45:40","date_gmt":"2025-07-24T12:45:40","guid":{"rendered":"https:\/\/brandss.com.py\/index\/?post_type=product&#038;p=86937"},"modified":"2025-12-04T17:15:52","modified_gmt":"2025-12-04T17:15:52","slug":"perfume-unisex-gissah-legend-of-valleys-edp-90ml-set-de-2","status":"publish","type":"product","link":"https:\/\/brandss.com.py\/index\/producto\/perfume-unisex-gissah-legend-of-valleys-edp-90ml-set-de-2\/","title":{"rendered":"PERFUME UNISEX GISSAH LEGEND OF VALLEY&#8217;S EDP 90ML SET DE 2"},"content":{"rendered":"<p><img loading=\"lazy\" decoding=\"async\" class=\"\" src=\"https:\/\/media.zid.store\/cdn-cgi\/image\/h=175,q=85\/https:\/\/media.zid.store\/f2469935-26fb-43e7-8dfc-853881e6e23e\/e4f833e2-cd34-4cc1-9920-45b8e7f45662.png\" alt=\"Gissah Perfumes - \u0642\u0635\u0629 \u0644\u0644\u0639\u0637\u0648\u0631\" width=\"167\" height=\"92\" \/><\/p>\n<h1>LEGEND OF VALLEY&#8217;S<\/h1>\n<p><span>Sum\u00e9rgete en una aventura con el nuevo d\u00fao legendario de Gissah, <\/span><span>Hudson 2 e Imperial 2.<\/span><br \/>\n<span>Ambos vienen en una caja &#8220;Inspirada&#8221; en los dos perfumes m\u00e1s famosos con un toque distintivo y un tama\u00f1o novedoso.<\/span><\/p>\n<h3><span>El set incluye:<\/span><\/h3>\n<p><strong>Hudson II EDP<\/strong><\/p>\n<p><span>Familia olfativa: \u00c1mbar, Floral, Frutal<\/span><br \/>\n<span><strong>Notas de salida:<\/strong> Floral Frutas<\/span><br \/>\n<span><strong>Notas de coraz\u00f3n:<\/strong> Rosas blancas, azafr\u00e1n<\/span><br \/>\n<span><strong>Notas de fondo:<\/strong> \u00c1mbar, Almizcle, Haba tonka<\/span><\/p>\n<p><strong>Imperial II EDP<\/strong><\/p>\n<p><span>Familia olfativa: Cuero, Amaderado<\/span><br \/>\n<span><strong>Notas de salida:<\/strong> Bergamota italiana, pimientas rosas<\/span><br \/>\n<span><strong>Notas de coraz\u00f3n:<\/strong> Pachul\u00ed, Pralin\u00e9, \u00c1mbar blanco<\/span><br \/>\n<span><strong>Notas de fondo:<\/strong> Oud, Cuero, Maderas oscuras<\/span><\/p>\n","protected":false},"excerpt":{"rendered":"<p>LEGEND OF VALLEY&#8217;S Sum\u00e9rgete en una aventura con el nuevo d\u00fao legendario de Gissah, Hudson 2 e Imperial 2. Ambos<\/p>\n","protected":false},"featured_media":86938,"comment_status":"open","ping_status":"closed","template":"","meta":{"nf_dc_page":""},"product_brand":[750],"product_cat":[84],"product_tag":[1590],"class_list":{"0":"post-86937","1":"product","2":"type-product","3":"status-publish","4":"has-post-thumbnail","6":"product_brand-gissah","7":"product_cat-perfumeria","8":"product_tag-1590","10":"first","11":"instock","12":"shipping-taxable","13":"purchasable","14":"product-type-simple"},"_links":{"self":[{"href":"https:\/\/brandss.com.py\/index\/wp-json\/wp\/v2\/product\/86937","targetHints":{"allow":["GET"]}}],"collection":[{"href":"https:\/\/brandss.com.py\/index\/wp-json\/wp\/v2\/product"}],"about":[{"href":"https:\/\/brandss.com.py\/index\/wp-json\/wp\/v2\/types\/product"}],"replies":[{"embeddable":true,"href":"https:\/\/brandss.com.py\/index\/wp-json\/wp\/v2\/comments?post=86937"}],"version-history":[{"count":1,"href":"https:\/\/brandss.com.py\/index\/wp-json\/wp\/v2\/product\/86937\/revisions"}],"predecessor-version":[{"id":86944,"href":"https:\/\/brandss.com.py\/index\/wp-json\/wp\/v2\/product\/86937\/revisions\/86944"}],"wp:featuredmedia":[{"embeddable":true,"href":"https:\/\/brandss.com.py\/index\/wp-json\/wp\/v2\/media\/86938"}],"wp:attachment":[{"href":"https:\/\/brandss.com.py\/index\/wp-json\/wp\/v2\/media?parent=86937"}],"wp:term":[{"taxonomy":"product_brand","embeddable":true,"href":"https:\/\/brandss.com.py\/index\/wp-json\/wp\/v2\/product_brand?post=86937"},{"taxonomy":"product_cat","embeddable":true,"href":"https:\/\/brandss.com.py\/index\/wp-json\/wp\/v2\/product_cat?post=86937"},{"taxonomy":"product_tag","embeddable":true,"href":"https:\/\/brandss.com.py\/index\/wp-json\/wp\/v2\/product_tag?post=86937"}],"curies":[{"name":"wp","href":"https:\/\/api.w.org\/{rel}","templated":true}]}}