{"id":86945,"date":"2025-07-24T13:49:07","date_gmt":"2025-07-24T13:49:07","guid":{"rendered":"https:\/\/brandss.com.py\/index\/?post_type=product&#038;p=86945"},"modified":"2025-12-04T17:17:00","modified_gmt":"2025-12-04T17:17:00","slug":"perfume-unisex-gissah-legend-of-valleys-edp-50ml-set-de-3","status":"publish","type":"product","link":"https:\/\/brandss.com.py\/index\/producto\/perfume-unisex-gissah-legend-of-valleys-edp-50ml-set-de-3\/","title":{"rendered":"PERFUME UNISEX GISSAH LEGEND OF VALLEY\u2019S EDP 50ML SET DE 3"},"content":{"rendered":"<p><img loading=\"lazy\" decoding=\"async\" class=\"\" src=\"https:\/\/media.zid.store\/cdn-cgi\/image\/h=175,q=85\/https:\/\/media.zid.store\/f2469935-26fb-43e7-8dfc-853881e6e23e\/e4f833e2-cd34-4cc1-9920-45b8e7f45662.png\" alt=\"Gissah Perfumes - \u0642\u0635\u0629 \u0644\u0644\u0639\u0637\u0648\u0631\" width=\"114\" height=\"63\" \/><\/p>\n<h1>LEGEND OF VALLEY\u2019S<\/h1>\n<p><span class=\"a-text-bold\"><span>Descubre la sofisticaci\u00f3n suprema con el Set del Valle, una lujosa colecci\u00f3n de tres Eau de Parfums distintos, cada uno con una experiencia arom\u00e1tica \u00fanica y cautivadora. Dise\u00f1ado a la perfecci\u00f3n tanto para hombre como para mujer.<\/span><\/span><\/p>\n<h3><span class=\"a-text-bold\"><span>Este set incluye:<\/span><\/p>\n<p><\/span><\/h3>\n<ul class=\"a-unordered-list a-vertical\">\n<li><strong><span class=\"a-text-bold\">Hudson Valley<\/span><\/strong><span><strong>:<\/strong> Sum\u00e9rgete en el encanto de la familia Amaderada Oriental Ambry con Hudson Valley. Esta fragancia se abre con vibrantes notas de salida de grosella negra y azafr\u00e1n, dando paso a un coraz\u00f3n de exquisita rosa. El aroma se asienta sobre una rica base de pachul\u00ed y \u00e1mbar, creando una impresi\u00f3n elegante y duradera.<\/span><\/li>\n<li><span class=\"a-text-bold\"><span><strong>La Luna Valley:<\/strong>\u00a0<\/span><\/span><span>Experimente el encantador perfil oriental amaderado y ambarado de La Luna Valley. Esta fragancia comienza con una mezcla de incienso, frambuesa y albaricoque, evolucionando hacia un coraz\u00f3n de alegres notas de algod\u00f3n de az\u00facar, s\u00e1ndalo y madera de gaiac. Las notas de fondo de pachul\u00ed, haba tonka y madera de \u00e1mbar completan esta fragancia compleja y seductora.<\/span><\/li>\n<li><span class=\"a-text-bold\"><span><strong>Valle Imperial:<\/strong>\u00a0<\/span><\/span><span>Del\u00e9itese con el refinado perfil ambarado y amaderado de Valle Imperial. Esta fragancia presenta frescas notas de salida de davana, bergamota italiana y pimienta rosa, que dan paso a un coraz\u00f3n de \u00e1mbar blanco, romero africano y oud. La fragancia concluye con un fondo profundo de almizcle, cuero y vetiver de Hait\u00ed, ofreciendo un final sofisticado y memorable.<\/span><\/li>\n<\/ul>\n<h3><span class=\"a-text-bold\"><span>Caracter\u00edsticas:<\/span><\/p>\n<p><\/span><\/h3>\n<ul class=\"a-unordered-list a-vertical\">\n<li><span class=\"a-text-bold\"><span><strong>Elegancia unisex:<\/strong>\u00a0<\/span><\/span><span>cada fragancia del Valley Set est\u00e1 dise\u00f1ada para atraer tanto a hombres como a mujeres, lo que la convierte en una opci\u00f3n vers\u00e1til para cualquier amante de las fragancias.<\/span><\/li>\n<li><span class=\"a-text-bold\"><span><strong>Diversos perfiles de fragancias:<\/strong>\u00a0<\/span><\/span><span>desde las ricas notas amaderadas orientales y ambaradas del Valle del Hudson hasta las juguetonas notas amaderadas orientales y ambaradas del Valle de La Luna y las refinadas notas ambaradas del Valle Imperial, este set ofrece una variedad de aromas para adaptarse a cada estado de \u00e1nimo y ocasi\u00f3n.<\/span><\/li>\n<li><span class=\"a-text-bold\"><span><strong>Tama\u00f1o generoso:<\/strong>\u00a0<\/span><\/span><span>cada Eau de Parfum se presenta en una botella de 50 ml, lo que proporciona un amplio suministro de estas lujosas fragancias.<\/span><\/li>\n<li><strong><span class=\"a-text-bold\">Embalaje sofisticado:\u00a0<\/span><\/strong><span>El Set del Valle viene en un embalaje elegante, lo que lo convierte en un regalo perfecto para usted o para alguien especial.<\/span><\/li>\n<\/ul>\n<p><span class=\"a-text-bold\"><span>Mejora tu colecci\u00f3n de fragancias con el Valley&#8217;s Set y disfruta de los aromas lujosos y diversos creados para realzar tu estilo personal.<\/span><\/span><\/p>\n","protected":false},"excerpt":{"rendered":"<p>LEGEND OF VALLEY\u2019S Descubre la sofisticaci\u00f3n suprema con el Set del Valle, una lujosa colecci\u00f3n de tres Eau de Parfums<\/p>\n","protected":false},"featured_media":86946,"comment_status":"open","ping_status":"closed","template":"","meta":{"nf_dc_page":""},"product_brand":[750],"product_cat":[84],"product_tag":[1591],"class_list":{"0":"post-86945","1":"product","2":"type-product","3":"status-publish","4":"has-post-thumbnail","6":"product_brand-gissah","7":"product_cat-perfumeria","8":"product_tag-1591","10":"first","11":"instock","12":"shipping-taxable","13":"purchasable","14":"product-type-simple"},"_links":{"self":[{"href":"https:\/\/brandss.com.py\/index\/wp-json\/wp\/v2\/product\/86945","targetHints":{"allow":["GET"]}}],"collection":[{"href":"https:\/\/brandss.com.py\/index\/wp-json\/wp\/v2\/product"}],"about":[{"href":"https:\/\/brandss.com.py\/index\/wp-json\/wp\/v2\/types\/product"}],"replies":[{"embeddable":true,"href":"https:\/\/brandss.com.py\/index\/wp-json\/wp\/v2\/comments?post=86945"}],"version-history":[{"count":1,"href":"https:\/\/brandss.com.py\/index\/wp-json\/wp\/v2\/product\/86945\/revisions"}],"predecessor-version":[{"id":86956,"href":"https:\/\/brandss.com.py\/index\/wp-json\/wp\/v2\/product\/86945\/revisions\/86956"}],"wp:featuredmedia":[{"embeddable":true,"href":"https:\/\/brandss.com.py\/index\/wp-json\/wp\/v2\/media\/86946"}],"wp:attachment":[{"href":"https:\/\/brandss.com.py\/index\/wp-json\/wp\/v2\/media?parent=86945"}],"wp:term":[{"taxonomy":"product_brand","embeddable":true,"href":"https:\/\/brandss.com.py\/index\/wp-json\/wp\/v2\/product_brand?post=86945"},{"taxonomy":"product_cat","embeddable":true,"href":"https:\/\/brandss.com.py\/index\/wp-json\/wp\/v2\/product_cat?post=86945"},{"taxonomy":"product_tag","embeddable":true,"href":"https:\/\/brandss.com.py\/index\/wp-json\/wp\/v2\/product_tag?post=86945"}],"curies":[{"name":"wp","href":"https:\/\/api.w.org\/{rel}","templated":true}]}}