{"id":86957,"date":"2025-07-24T14:31:39","date_gmt":"2025-07-24T14:31:39","guid":{"rendered":"https:\/\/brandss.com.py\/index\/?post_type=product&#038;p=86957"},"modified":"2025-07-24T14:38:04","modified_gmt":"2025-07-24T14:38:04","slug":"perfume-masculino-pierre-bernard-triumph-edp-100ml","status":"publish","type":"product","link":"https:\/\/brandss.com.py\/index\/producto\/perfume-masculino-pierre-bernard-triumph-edp-100ml\/","title":{"rendered":"PERFUME MASCULINO PIERRE BERNARD TRIUMPH EDP 100ML"},"content":{"rendered":"<p><img loading=\"lazy\" decoding=\"async\" class=\"\" src=\"https:\/\/perfumecompaniesinuae.com\/assets\/img\/logo\/pb%20logo.jpg\" alt=\"Pierre Bernard\" width=\"118\" height=\"43\" \/><\/p>\n<h1>TRIUMPH<\/h1>\n<p>Es una fragancia de la familia olfativa\u00a0amaderada a<span dir=\"ltr\" lang=\"es-MX\">rom\u00e1tica<\/span> para hombres. Posee un esp\u00edritu indomable para el hombre dispuesto a conquistarlo todo. Es una fragancia masculina sofisticada que captura la esencia de la elegancia y el misterio. Con una mezcla \u00fanica de notas ex\u00f3ticas y amaderadas, esta fragancia evoca el lujo y la distinci\u00f3n, convirti\u00e9ndola en la opci\u00f3n ideal para hombres que buscan dejar una impresi\u00f3n duradera. Su aroma envolvente y refinado es perfecto tanto para ocasiones formales como para momentos especiales.<\/p>\n<h3>Notas Olfativas<\/h3>\n<p>Triumph se abre con pomelo fresco y un acorde marino que conduce a un coraz\u00f3n de laurel arom\u00e1tico y jazm\u00edn hediona. Finalmente, se asienta en un fondo amaderado de madera de guayaco, pachul\u00ed, musgo de roble y \u00e1mbar gris.<\/p>\n<ul>\n<li><strong>Notas de salida:\u00a0<\/strong>Pomelo fresco y acorde marino.<\/li>\n<li><strong>Nota de coraz\u00f3n:<\/strong> Hoja de laurel y jazm\u00edn hediona.<\/li>\n<li><strong>Notas de fondo:<\/strong> Madera de guayaco, pachul\u00ed, musgo de roble y \u00e1mbar gris.<\/li>\n<\/ul>\n","protected":false},"excerpt":{"rendered":"<p>TRIUMPH Es una fragancia de la familia olfativa\u00a0amaderada arom\u00e1tica para hombres. Posee un esp\u00edritu indomable para el hombre dispuesto a<\/p>\n","protected":false},"featured_media":86958,"comment_status":"open","ping_status":"closed","template":"","meta":{"nf_dc_page":""},"product_brand":[],"product_cat":[84],"product_tag":[],"class_list":{"0":"post-86957","1":"product","2":"type-product","3":"status-publish","4":"has-post-thumbnail","6":"product_cat-perfumeria","8":"first","9":"instock","10":"shipping-taxable","11":"purchasable","12":"product-type-simple"},"_links":{"self":[{"href":"https:\/\/brandss.com.py\/index\/wp-json\/wp\/v2\/product\/86957","targetHints":{"allow":["GET"]}}],"collection":[{"href":"https:\/\/brandss.com.py\/index\/wp-json\/wp\/v2\/product"}],"about":[{"href":"https:\/\/brandss.com.py\/index\/wp-json\/wp\/v2\/types\/product"}],"replies":[{"embeddable":true,"href":"https:\/\/brandss.com.py\/index\/wp-json\/wp\/v2\/comments?post=86957"}],"version-history":[{"count":2,"href":"https:\/\/brandss.com.py\/index\/wp-json\/wp\/v2\/product\/86957\/revisions"}],"predecessor-version":[{"id":86961,"href":"https:\/\/brandss.com.py\/index\/wp-json\/wp\/v2\/product\/86957\/revisions\/86961"}],"wp:featuredmedia":[{"embeddable":true,"href":"https:\/\/brandss.com.py\/index\/wp-json\/wp\/v2\/media\/86958"}],"wp:attachment":[{"href":"https:\/\/brandss.com.py\/index\/wp-json\/wp\/v2\/media?parent=86957"}],"wp:term":[{"taxonomy":"product_brand","embeddable":true,"href":"https:\/\/brandss.com.py\/index\/wp-json\/wp\/v2\/product_brand?post=86957"},{"taxonomy":"product_cat","embeddable":true,"href":"https:\/\/brandss.com.py\/index\/wp-json\/wp\/v2\/product_cat?post=86957"},{"taxonomy":"product_tag","embeddable":true,"href":"https:\/\/brandss.com.py\/index\/wp-json\/wp\/v2\/product_tag?post=86957"}],"curies":[{"name":"wp","href":"https:\/\/api.w.org\/{rel}","templated":true}]}}