{"id":86962,"date":"2025-07-24T16:32:26","date_gmt":"2025-07-24T16:32:26","guid":{"rendered":"https:\/\/brandss.com.py\/index\/?post_type=product&#038;p=86962"},"modified":"2025-07-24T16:32:56","modified_gmt":"2025-07-24T16:32:56","slug":"perfume-masculino-pierre-bernard-afghano-intense-edp-100ml","status":"publish","type":"product","link":"https:\/\/brandss.com.py\/index\/producto\/perfume-masculino-pierre-bernard-afghano-intense-edp-100ml\/","title":{"rendered":"PERFUME MASCULINO PIERRE BERNARD AFGHANO INTENSE EDP 100ML"},"content":{"rendered":"<p><img loading=\"lazy\" decoding=\"async\" class=\"\" src=\"https:\/\/perfumecompaniesinuae.com\/assets\/img\/logo\/pb%20logo.jpg\" alt=\"Pierre Bernard\" width=\"127\" height=\"46\" \/><\/p>\n<h1>AFGHANO INTENSE<\/h1>\n<p>Es rico e hipn\u00f3tico, con notas oscuras y peligrosas y un aroma maravillosamente implacable y envolvente. Es una fragancia de humo e incienso, fuerte pero sorprendentemente nunca abrumadora. Las notas verdes y el cannabis inician la fragancia, seguidas de un coraz\u00f3n de resinas mezcladas con madera, caf\u00e9 y tabaco. El fondo, con notas de incienso y madera de agar, le confiere una atm\u00f3sfera oriental y occidental \u00fanica.<\/p>\n<h3>Notas Olfativas<\/h3>\n<p><span>El perfume\u00a0<span dir=\"ltr\" lang=\"pt-BR\">Pierre Bernard Afgano Intense\u00a0<\/span>es una fragancia de la familia olfativa<\/span><span>\u00a0amaderada oriental\u00a0<\/span><span>para hombres.\u00a0<\/span><span>Con una concentraci\u00f3n del tipo Eau de Parfum, ofrece una duradera y alta intensidad arom\u00e1tica en la piel. Sus notas est\u00e1n compuestas por los siguientes ingredientes.<\/span><\/p>\n<ul>\n<li><span><strong>Notas de salida:<\/strong> Notas verdes y cannabis.<\/span><\/li>\n<li><strong>Notas de coraz\u00f3n:<\/strong> Resinas, madera, caf\u00e9 y tabaco.<\/li>\n<li><strong>Notas de fondo:<\/strong> Incienso y madera de agar (oud).<\/li>\n<\/ul>\n","protected":false},"excerpt":{"rendered":"<p>AFGHANO INTENSE Es rico e hipn\u00f3tico, con notas oscuras y peligrosas y un aroma maravillosamente implacable y envolvente. Es una<\/p>\n","protected":false},"featured_media":86963,"comment_status":"open","ping_status":"closed","template":"","meta":{"nf_dc_page":""},"product_brand":[],"product_cat":[84],"product_tag":[],"class_list":{"0":"post-86962","1":"product","2":"type-product","3":"status-publish","4":"has-post-thumbnail","6":"product_cat-perfumeria","8":"first","9":"instock","10":"shipping-taxable","11":"purchasable","12":"product-type-simple"},"_links":{"self":[{"href":"https:\/\/brandss.com.py\/index\/wp-json\/wp\/v2\/product\/86962","targetHints":{"allow":["GET"]}}],"collection":[{"href":"https:\/\/brandss.com.py\/index\/wp-json\/wp\/v2\/product"}],"about":[{"href":"https:\/\/brandss.com.py\/index\/wp-json\/wp\/v2\/types\/product"}],"replies":[{"embeddable":true,"href":"https:\/\/brandss.com.py\/index\/wp-json\/wp\/v2\/comments?post=86962"}],"version-history":[{"count":1,"href":"https:\/\/brandss.com.py\/index\/wp-json\/wp\/v2\/product\/86962\/revisions"}],"predecessor-version":[{"id":86967,"href":"https:\/\/brandss.com.py\/index\/wp-json\/wp\/v2\/product\/86962\/revisions\/86967"}],"wp:featuredmedia":[{"embeddable":true,"href":"https:\/\/brandss.com.py\/index\/wp-json\/wp\/v2\/media\/86963"}],"wp:attachment":[{"href":"https:\/\/brandss.com.py\/index\/wp-json\/wp\/v2\/media?parent=86962"}],"wp:term":[{"taxonomy":"product_brand","embeddable":true,"href":"https:\/\/brandss.com.py\/index\/wp-json\/wp\/v2\/product_brand?post=86962"},{"taxonomy":"product_cat","embeddable":true,"href":"https:\/\/brandss.com.py\/index\/wp-json\/wp\/v2\/product_cat?post=86962"},{"taxonomy":"product_tag","embeddable":true,"href":"https:\/\/brandss.com.py\/index\/wp-json\/wp\/v2\/product_tag?post=86962"}],"curies":[{"name":"wp","href":"https:\/\/api.w.org\/{rel}","templated":true}]}}