{"id":86975,"date":"2025-07-24T17:46:29","date_gmt":"2025-07-24T17:46:29","guid":{"rendered":"https:\/\/brandss.com.py\/index\/?post_type=product&#038;p=86975"},"modified":"2026-03-14T16:22:32","modified_gmt":"2026-03-14T16:22:32","slug":"perfume-femenino-marina-de-bourbon-symbol-for-a-lady-edp-100ml","status":"publish","type":"product","link":"https:\/\/brandss.com.py\/index\/producto\/perfume-femenino-marina-de-bourbon-symbol-for-a-lady-edp-100ml\/","title":{"rendered":"PERFUME FEMENINO MARINA DE BOURBON SYMBOL FOR A LADY EDP 100ML"},"content":{"rendered":"<p><img loading=\"lazy\" decoding=\"async\" class=\"\" src=\"https:\/\/www.marinadebourbon.com\/cdn\/shop\/files\/LOGO_MDB_NOIR.png?v=1684838797&amp;width=1891\" alt=\"Royal symbol\" width=\"147\" height=\"66\" \/><\/p>\n<h1>SYMBOL FOR A LADY<\/h1>\n<div><span>Revela una feminidad majestuosa con Symbol For A Lady EDP. Una fragancia moderna, floral y afrutada, lanzada en 2021, que irradia alegr\u00eda y elegancia. Una fragancia floral afrutada y almizclada.<\/span>\u00a0tiernamente fresco,<span>Rinde homenaje al despertar de la naturaleza. Est\u00e1 dirigido a mujeres que buscan la naturalidad y que disfrutan de ser ellas mismas, sin artificios, a la vez po\u00e9ticas y so\u00f1adoras, activas y ancladas en la efervescente vida cotidiana.<\/span><\/div>\n<div>\n<ul class=\"tickmark_blue\">\n<li>Inspirado en la naturaleza aut\u00e9ntica y respetuosa.<\/li>\n<li>Fragancia Floral Frutal para la mujer moderna.<\/li>\n<li>Lanzado en el a\u00f1o 2021<\/li>\n<li>Encarna la alegr\u00eda, la fantas\u00eda y la singulari<img loading=\"lazy\" decoding=\"async\" class=\"alignleft\" src=\"https:\/\/www.marinadebourbon.com\/cdn\/shop\/files\/12_dc690bc0-c7a2-4f90-b625-d73f213a6fd3.jpg?v=1698767611&amp;width=1000\" width=\"610\" height=\"610\" \/>dad.<\/li>\n<\/ul>\n<p>Symbol For A Lady de la Princesa Marina De Bourbon es un testimonio de la elegancia y la gracia inherentes a cada mujer. Elaborado con reverencia por los valores tradicionales y el arte franc\u00e9s de la seducci\u00f3n, este perfume ofrece una experiencia fresca y chispeante que evoca el legado de la realeza.<\/p>\n<\/div>\n<h3>Notas Olfativas<\/h3>\n<div><\/div>\n<div>Symbol For A Lady de Princesse Marina De Bourbon es una fragancia de la familia olfativa Floral Frutal para Mujeres.<\/div>\n<div>\n<p><strong><span>Notas de salida: <\/span><\/strong>Membrillo, Pomelo.<\/p>\n<p><strong><span>Notas de coraz\u00f3n: <\/span><\/strong>Iris, Jacinto, Jazm\u00edn.<\/p>\n<p><strong><span>Notas de fondo:<\/span><\/strong><span>\u00a0Almizcle<\/span>, Cedro, \u00c1mbar.<\/p>\n<\/div>\n","protected":false},"excerpt":{"rendered":"<p>SYMBOL FOR A LADY Revela una feminidad majestuosa con Symbol For A Lady EDP. Una fragancia moderna, floral y afrutada,<\/p>\n","protected":false},"featured_media":86976,"comment_status":"open","ping_status":"closed","template":"","meta":{"nf_dc_page":""},"product_brand":[1767],"product_cat":[84],"product_tag":[3153],"class_list":{"0":"post-86975","1":"product","2":"type-product","3":"status-publish","4":"has-post-thumbnail","6":"product_brand-marina-de-bourbon","7":"product_cat-perfumeria","8":"product_tag-3153","10":"first","11":"instock","12":"sale","13":"shipping-taxable","14":"purchasable","15":"product-type-simple"},"_links":{"self":[{"href":"https:\/\/brandss.com.py\/index\/wp-json\/wp\/v2\/product\/86975","targetHints":{"allow":["GET"]}}],"collection":[{"href":"https:\/\/brandss.com.py\/index\/wp-json\/wp\/v2\/product"}],"about":[{"href":"https:\/\/brandss.com.py\/index\/wp-json\/wp\/v2\/types\/product"}],"replies":[{"embeddable":true,"href":"https:\/\/brandss.com.py\/index\/wp-json\/wp\/v2\/comments?post=86975"}],"version-history":[{"count":1,"href":"https:\/\/brandss.com.py\/index\/wp-json\/wp\/v2\/product\/86975\/revisions"}],"predecessor-version":[{"id":86983,"href":"https:\/\/brandss.com.py\/index\/wp-json\/wp\/v2\/product\/86975\/revisions\/86983"}],"wp:featuredmedia":[{"embeddable":true,"href":"https:\/\/brandss.com.py\/index\/wp-json\/wp\/v2\/media\/86976"}],"wp:attachment":[{"href":"https:\/\/brandss.com.py\/index\/wp-json\/wp\/v2\/media?parent=86975"}],"wp:term":[{"taxonomy":"product_brand","embeddable":true,"href":"https:\/\/brandss.com.py\/index\/wp-json\/wp\/v2\/product_brand?post=86975"},{"taxonomy":"product_cat","embeddable":true,"href":"https:\/\/brandss.com.py\/index\/wp-json\/wp\/v2\/product_cat?post=86975"},{"taxonomy":"product_tag","embeddable":true,"href":"https:\/\/brandss.com.py\/index\/wp-json\/wp\/v2\/product_tag?post=86975"}],"curies":[{"name":"wp","href":"https:\/\/api.w.org\/{rel}","templated":true}]}}