{"id":87004,"date":"2025-07-25T11:29:38","date_gmt":"2025-07-25T11:29:38","guid":{"rendered":"https:\/\/brandss.com.py\/index\/?post_type=product&#038;p=87004"},"modified":"2026-03-14T12:12:47","modified_gmt":"2026-03-14T12:12:47","slug":"perfume-masculino-mercedes-benz-man-set-edt-100mlshower-gel-100ml10ml-edt","status":"publish","type":"product","link":"https:\/\/brandss.com.py\/index\/producto\/perfume-masculino-mercedes-benz-man-set-edt-100mlshower-gel-100ml10ml-edt\/","title":{"rendered":"PERFUME MASCULINO MERCEDES BENZ MAN SET EDT 100ML+SHOWER GEL 100ML+10ML EDT"},"content":{"rendered":"<p><img loading=\"lazy\" decoding=\"async\" class=\"\" src=\"https:\/\/upload.wikimedia.org\/wikipedia\/commons\/b\/b9\/Mercedes_Benz_Logo_11.jpg\" alt=\"Archivo:Mercedes Benz Logo 11.jpg - Wikipedia, la enciclopedia libre\" width=\"78\" height=\"51\" \/><\/p>\n<h1>MAN<\/h1>\n<p>El perfume masculino de una estrella, una fragancia con una fuerte personalidad, emblem\u00e1tica, atractiva, adictiva y exclusiva. El perfume ic\u00f3nico de una marca emblem\u00e1tica. Una fragancia masculina que pretende ser un modelo, un s\u00edmbolo de un estilo de vida y el ideal del \u00e9xito. El reflejo m\u00e1s fiel de los valores de una marca legendaria. La leyenda de Mercedes-Benz, representada en una botella. Una fuerte personalidad, elegancia atemporal, audacia y sobriedad: su temperamento decidido marca su presencia. Un perfume como un golpe maestro, dedicado a todos aquellos que mantienen a la estrella en su l\u00ednea de visi\u00f3n, como una presencia estimulante.<\/p>\n<h3>Notas Olfativas<\/h3>\n<p>Familia olfativa: Oriental Amaderada.<\/p>\n<p><strong>Notas de salida:<\/strong> Albemosco, Pera.<\/p>\n<p><strong>Notas de coraz\u00f3n:<\/strong> Hoja de cedro y geranio.<\/p>\n<p><strong>Notas de fondo:<\/strong> Musgo de roble, Palo de rosa.<\/p>\n<p>&nbsp;<\/p>\n<h5>Este kit contiene:<\/h5>\n<p>1 Eau de Toilette 100 ml,<br \/>\n1 Gel de ducha 100 ml,<br \/>\n1 Perfume 10 ml Eau de Toilette<\/p>\n","protected":false},"excerpt":{"rendered":"<p>MAN El perfume masculino de una estrella, una fragancia con una fuerte personalidad, emblem\u00e1tica, atractiva, adictiva y exclusiva. El perfume<\/p>\n","protected":false},"featured_media":87005,"comment_status":"open","ping_status":"closed","template":"","meta":{"nf_dc_page":""},"product_brand":[],"product_cat":[84],"product_tag":[],"class_list":{"0":"post-87004","1":"product","2":"type-product","3":"status-publish","4":"has-post-thumbnail","6":"product_cat-perfumeria","8":"first","9":"outofstock","10":"shipping-taxable","11":"purchasable","12":"product-type-simple"},"_links":{"self":[{"href":"https:\/\/brandss.com.py\/index\/wp-json\/wp\/v2\/product\/87004","targetHints":{"allow":["GET"]}}],"collection":[{"href":"https:\/\/brandss.com.py\/index\/wp-json\/wp\/v2\/product"}],"about":[{"href":"https:\/\/brandss.com.py\/index\/wp-json\/wp\/v2\/types\/product"}],"replies":[{"embeddable":true,"href":"https:\/\/brandss.com.py\/index\/wp-json\/wp\/v2\/comments?post=87004"}],"version-history":[{"count":2,"href":"https:\/\/brandss.com.py\/index\/wp-json\/wp\/v2\/product\/87004\/revisions"}],"predecessor-version":[{"id":87010,"href":"https:\/\/brandss.com.py\/index\/wp-json\/wp\/v2\/product\/87004\/revisions\/87010"}],"wp:featuredmedia":[{"embeddable":true,"href":"https:\/\/brandss.com.py\/index\/wp-json\/wp\/v2\/media\/87005"}],"wp:attachment":[{"href":"https:\/\/brandss.com.py\/index\/wp-json\/wp\/v2\/media?parent=87004"}],"wp:term":[{"taxonomy":"product_brand","embeddable":true,"href":"https:\/\/brandss.com.py\/index\/wp-json\/wp\/v2\/product_brand?post=87004"},{"taxonomy":"product_cat","embeddable":true,"href":"https:\/\/brandss.com.py\/index\/wp-json\/wp\/v2\/product_cat?post=87004"},{"taxonomy":"product_tag","embeddable":true,"href":"https:\/\/brandss.com.py\/index\/wp-json\/wp\/v2\/product_tag?post=87004"}],"curies":[{"name":"wp","href":"https:\/\/api.w.org\/{rel}","templated":true}]}}