{"id":87011,"date":"2025-07-25T12:00:26","date_gmt":"2025-07-25T12:00:26","guid":{"rendered":"https:\/\/brandss.com.py\/index\/?post_type=product&#038;p=87011"},"modified":"2026-03-30T18:16:19","modified_gmt":"2026-03-30T18:16:19","slug":"perfume-masculino-mercedes-benz-club-for-men-edt-100ml","status":"publish","type":"product","link":"https:\/\/brandss.com.py\/index\/producto\/perfume-masculino-mercedes-benz-club-for-men-edt-100ml\/","title":{"rendered":"PERFUME MASCULINO MERCEDES BENZ CLUB FOR MEN EDT 100ML"},"content":{"rendered":"<p><img loading=\"lazy\" decoding=\"async\" class=\"\" src=\"https:\/\/upload.wikimedia.org\/wikipedia\/commons\/b\/b9\/Mercedes_Benz_Logo_11.jpg\" alt=\"Archivo:Mercedes Benz Logo 11.jpg - Wikipedia, la enciclopedia libre\" width=\"94\" height=\"62\" \/><\/p>\n<h1>CLUB FOR MEN<\/h1>\n<p><span class=\"product__intro-excerpt\"><span>La fragancia de la nueva generaci\u00f3n. Un hombre. Joven, elegante y moderno. Un estilo de vida espont\u00e1neo, un&#8230;<\/span><\/span>\u00a0<span class=\"product__intro-text\"><span>Personalidad extrovertida. Una fragancia estimulante en un frasco elegante y futurista, con la ic\u00f3nica estrella grabada. M\u00e1s que una firma, es un s\u00edmbolo de reconocimiento. Un irresistible detonante del deseo.<\/span><\/span><\/p>\n<p><img loading=\"lazy\" decoding=\"async\" class=\"alignleft\" src=\"https:\/\/parfums.mercedes-benz.com\/cdn\/shop\/files\/Clubpack50mlet100ml.jpg?crop=center&amp;height=1600&amp;v=1684763615&amp;width=1600\" width=\"601\" height=\"601\" \/><\/p>\n<h3>Notas Olfativas<\/h3>\n<p>&nbsp;<\/p>\n<p><span>Una fragancia arom\u00e1tica amaderada que te sumerge en una vibrante estela de seducci\u00f3n. Creada por el maestro perfumista franc\u00e9s Olivier Cresp, esta fragancia para el hombre joven y libre es una creaci\u00f3n de equilibrio perfecto, un sutil contraste entre elegancia y energ\u00eda, con notas de fondo de intensa sensualidad, revitalizadas por la frescura chispeante y ligeramente \u00e1cida de las notas c\u00edtricas.<\/span><\/p>\n<p><span>Siguiendo la tradici\u00f3n de las grandes fragancias masculinas, esta composici\u00f3n se permite una audaz y no menos espl\u00e9ndida nota gourmand, para una fragancia decididamente \u00fanica y absolutamente irresistible.<\/span><\/p>\n<p>El Perfume Mercedes-Benz Club es una fragancia de la familia olfativa amaderada arom\u00e1tica para hombres.<\/p>\n<p>&nbsp;<\/p>\n<ul>\n<li><strong>Notas de salida:\u00a0<\/strong>Ruibarbo y c\u00edtricos.<\/li>\n<li><strong>Notas de coraz\u00f3n:<\/strong> Especias, bayas de enebro, notas acu\u00e1ticas y cardamomo.<\/li>\n<li><strong>Notas de fondo:\u00a0<\/strong>Ambroxan, notas amaderadas, pachul\u00ed y haba tonka.<\/li>\n<\/ul>\n","protected":false},"excerpt":{"rendered":"<p>CLUB FOR MEN La fragancia de la nueva generaci\u00f3n. Un hombre. Joven, elegante y moderno. Un estilo de vida espont\u00e1neo,<\/p>\n","protected":false},"featured_media":87012,"comment_status":"open","ping_status":"closed","template":"","meta":{"nf_dc_page":""},"product_brand":[793],"product_cat":[84],"product_tag":[3322],"class_list":{"0":"post-87011","1":"product","2":"type-product","3":"status-publish","4":"has-post-thumbnail","6":"product_brand-mercedes-benz","7":"product_cat-perfumeria","8":"product_tag-3322","10":"first","11":"instock","12":"shipping-taxable","13":"purchasable","14":"product-type-simple"},"_links":{"self":[{"href":"https:\/\/brandss.com.py\/index\/wp-json\/wp\/v2\/product\/87011","targetHints":{"allow":["GET"]}}],"collection":[{"href":"https:\/\/brandss.com.py\/index\/wp-json\/wp\/v2\/product"}],"about":[{"href":"https:\/\/brandss.com.py\/index\/wp-json\/wp\/v2\/types\/product"}],"replies":[{"embeddable":true,"href":"https:\/\/brandss.com.py\/index\/wp-json\/wp\/v2\/comments?post=87011"}],"version-history":[{"count":1,"href":"https:\/\/brandss.com.py\/index\/wp-json\/wp\/v2\/product\/87011\/revisions"}],"predecessor-version":[{"id":87017,"href":"https:\/\/brandss.com.py\/index\/wp-json\/wp\/v2\/product\/87011\/revisions\/87017"}],"wp:featuredmedia":[{"embeddable":true,"href":"https:\/\/brandss.com.py\/index\/wp-json\/wp\/v2\/media\/87012"}],"wp:attachment":[{"href":"https:\/\/brandss.com.py\/index\/wp-json\/wp\/v2\/media?parent=87011"}],"wp:term":[{"taxonomy":"product_brand","embeddable":true,"href":"https:\/\/brandss.com.py\/index\/wp-json\/wp\/v2\/product_brand?post=87011"},{"taxonomy":"product_cat","embeddable":true,"href":"https:\/\/brandss.com.py\/index\/wp-json\/wp\/v2\/product_cat?post=87011"},{"taxonomy":"product_tag","embeddable":true,"href":"https:\/\/brandss.com.py\/index\/wp-json\/wp\/v2\/product_tag?post=87011"}],"curies":[{"name":"wp","href":"https:\/\/api.w.org\/{rel}","templated":true}]}}