{"id":87018,"date":"2025-07-25T12:43:31","date_gmt":"2025-07-25T12:43:31","guid":{"rendered":"https:\/\/brandss.com.py\/index\/?post_type=product&#038;p=87018"},"modified":"2026-03-14T12:12:47","modified_gmt":"2026-03-14T12:12:47","slug":"perfume-masculino-mercedes-benz-club-black-edt-100ml","status":"publish","type":"product","link":"https:\/\/brandss.com.py\/index\/producto\/perfume-masculino-mercedes-benz-club-black-edt-100ml\/","title":{"rendered":"PERFUME MASCULINO MERCEDES BENZ CLUB BLACK EDT 100ML"},"content":{"rendered":"<p><img loading=\"lazy\" decoding=\"async\" class=\"\" src=\"https:\/\/upload.wikimedia.org\/wikipedia\/commons\/b\/b9\/Mercedes_Benz_Logo_11.jpg\" alt=\"Archivo:Mercedes Benz Logo 11.jpg - Wikipedia, la enciclopedia libre\" width=\"105\" height=\"68\" \/><\/p>\n<h1>CLUB BLACK<\/h1>\n<p><span class=\"product__intro-excerpt\"><span>Una fragancia con curvas originales y contempor\u00e1neas y toques orientales. Una edici\u00f3n Black como una versi\u00f3n premium.<\/span><\/span>\u00a0<span class=\"product__intro-text\"><span>Con notas nobles y refinadas, para un hombre que busca un aroma potente y con car\u00e1cter. Un aut\u00e9ntico s\u00edmbolo de intensidad y virilidad.<\/span><\/span><\/p>\n<p><img loading=\"lazy\" decoding=\"async\" class=\"alignleft\" src=\"https:\/\/parfums.mercedes-benz.com\/cdn\/shop\/files\/Clubblackpack100ml.jpg?crop=center&amp;height=1000&amp;v=1703141975&amp;width=1000\" width=\"542\" height=\"542\" \/><\/p>\n<h3>Notas Olfativas<\/h3>\n<p>&nbsp;<\/p>\n<p><span>Una composici\u00f3n exquisita y refinada que resalta ingredientes nobles. Una identidad claramente definida y una composici\u00f3n lujosa. Una fragancia seductora y adictiva. Un aroma \u00fanico.<\/span><\/p>\n<p><span>En la salida, la bergamota, brillante y luminosa, se ve realzada por un coraz\u00f3n de jazm\u00edn, cuya legendaria belleza se ve realzada por c\u00e1lidos matices de incienso. Las notas de fondo, con su sello distintivo, combinan ingredientes de perfumer\u00eda preciosos y excepcionales: ambrox, benju\u00ed, maderas doradas y vainilla. Una fragancia incre\u00edblemente potente con una estela irresistible y adictiva.<\/span><\/p>\n<p>El Perfume Mercedes-Benz Club Black es una fragancia de la familia olfativa \u00e1mbar para hombres.<\/p>\n<ul>\n<li><strong>Nota de salida:<\/strong> Bergamota.<\/li>\n<li><strong>Notas de coraz\u00f3n:<\/strong> Incienso y jazm\u00edn.<\/li>\n<li><strong>Notas de fondo:<\/strong> Vainilla, benju\u00ed, notas amaderadas y ambroxan.<\/li>\n<\/ul>\n","protected":false},"excerpt":{"rendered":"<p>CLUB BLACK Una fragancia con curvas originales y contempor\u00e1neas y toques orientales. Una edici\u00f3n Black como una versi\u00f3n premium.\u00a0Con notas<\/p>\n","protected":false},"featured_media":87019,"comment_status":"open","ping_status":"closed","template":"","meta":{"nf_dc_page":""},"product_brand":[],"product_cat":[84],"product_tag":[],"class_list":{"0":"post-87018","1":"product","2":"type-product","3":"status-publish","4":"has-post-thumbnail","6":"product_cat-perfumeria","8":"first","9":"outofstock","10":"shipping-taxable","11":"purchasable","12":"product-type-simple"},"_links":{"self":[{"href":"https:\/\/brandss.com.py\/index\/wp-json\/wp\/v2\/product\/87018","targetHints":{"allow":["GET"]}}],"collection":[{"href":"https:\/\/brandss.com.py\/index\/wp-json\/wp\/v2\/product"}],"about":[{"href":"https:\/\/brandss.com.py\/index\/wp-json\/wp\/v2\/types\/product"}],"replies":[{"embeddable":true,"href":"https:\/\/brandss.com.py\/index\/wp-json\/wp\/v2\/comments?post=87018"}],"version-history":[{"count":1,"href":"https:\/\/brandss.com.py\/index\/wp-json\/wp\/v2\/product\/87018\/revisions"}],"predecessor-version":[{"id":87025,"href":"https:\/\/brandss.com.py\/index\/wp-json\/wp\/v2\/product\/87018\/revisions\/87025"}],"wp:featuredmedia":[{"embeddable":true,"href":"https:\/\/brandss.com.py\/index\/wp-json\/wp\/v2\/media\/87019"}],"wp:attachment":[{"href":"https:\/\/brandss.com.py\/index\/wp-json\/wp\/v2\/media?parent=87018"}],"wp:term":[{"taxonomy":"product_brand","embeddable":true,"href":"https:\/\/brandss.com.py\/index\/wp-json\/wp\/v2\/product_brand?post=87018"},{"taxonomy":"product_cat","embeddable":true,"href":"https:\/\/brandss.com.py\/index\/wp-json\/wp\/v2\/product_cat?post=87018"},{"taxonomy":"product_tag","embeddable":true,"href":"https:\/\/brandss.com.py\/index\/wp-json\/wp\/v2\/product_tag?post=87018"}],"curies":[{"name":"wp","href":"https:\/\/api.w.org\/{rel}","templated":true}]}}