{"id":87026,"date":"2025-07-25T13:12:09","date_gmt":"2025-07-25T13:12:09","guid":{"rendered":"https:\/\/brandss.com.py\/index\/?post_type=product&#038;p=87026"},"modified":"2026-03-14T12:12:47","modified_gmt":"2026-03-14T12:12:47","slug":"perfume-masculino-mercedes-benz-man-intense-edt-100ml","status":"publish","type":"product","link":"https:\/\/brandss.com.py\/index\/producto\/perfume-masculino-mercedes-benz-man-intense-edt-100ml\/","title":{"rendered":"PERFUME MASCULINO MERCEDES BENZ MAN INTENSE EDT 100ML"},"content":{"rendered":"<p><img loading=\"lazy\" decoding=\"async\" class=\"\" src=\"https:\/\/upload.wikimedia.org\/wikipedia\/commons\/b\/b9\/Mercedes_Benz_Logo_11.jpg\" alt=\"Archivo:Mercedes Benz Logo 11.jpg - Wikipedia, la enciclopedia libre\" width=\"87\" height=\"57\" \/><\/p>\n<h1>MAN INTENSE<\/h1>\n<p><span class=\"product__intro-excerpt\"><span>La ic\u00f3nica marca ofrece a los adictos a las fragancias, y a quienes\u00a0<\/span><\/span><span class=\"product__intro-text\"><span>a\u00fan no se han sucumbido a ellas, una versi\u00f3n intensa. Una fragancia virtuosa, m\u00e1s amaderada y m\u00e1s salvaje&#8230; \u00bfLa versi\u00f3n original o la intensa? \u00a1Y por qu\u00e9 no ambas! Seg\u00fan la hora, el lugar y el estado de \u00e1nimo.<\/span><\/span><\/p>\n<p><img loading=\"lazy\" decoding=\"async\" class=\"alignleft\" src=\"https:\/\/imgcdn.scentbird.com\/_\/rt:fill\/w:3840\/fq:jpg:85:avif:70:webp:85\/bg:fff\/f:jpg\/cHJvZHVjdC9kZXNjL2V4dHJhL25vcm1hbC9pbWctMTY0Ni0xNjE4NDk2MTE2NjQ0LmpwZw==\" width=\"446\" height=\"446\" \/><\/p>\n<h3>Notas Olfativas<\/h3>\n<p>&nbsp;<\/p>\n<p><span>Una identidad claramente definida y una composici\u00f3n lujosa. Una fragancia seductora y adictiva. Un aroma \u00fanico. M\u00e1s amaderado, m\u00e1s salvaje&#8230; Para crear esta versi\u00f3n intensa y terriblemente sensual de Mercedes-Benz Man, el maestro perfumista franc\u00e9s Olivier Cresp se bas\u00f3 en los fundamentos de la versi\u00f3n original jugando la carta de la modernidad.<\/span><\/p>\n<p><span>Una mezcla de tensi\u00f3n y contraste. Semillas de ambreta, hojas de peral, geranio y musgo de roble se combinan con madera de \u00e1mbar, pachul\u00ed y la fuerza del ambrox.<\/span><\/p>\n<p>El Perfume Mercedes-Benz Man Intense es una fragancia de la familia olfativa amaderada especiada para hombres.<\/p>\n<p>&nbsp;<\/p>\n<ul>\n<li><strong>Notas de salida:<\/strong> Almizcle ambreta y hojas del peral.<\/li>\n<li><strong>Notas de coraz\u00f3n:<\/strong> Geranio y musgo de roble.<\/li>\n<li><strong>Notas de fondo:<\/strong> Ambroxan, pachul\u00ed y \u00e1mbar.<\/li>\n<\/ul>\n","protected":false},"excerpt":{"rendered":"<p>MAN INTENSE La ic\u00f3nica marca ofrece a los adictos a las fragancias, y a quienes\u00a0a\u00fan no se han sucumbido a<\/p>\n","protected":false},"featured_media":87027,"comment_status":"open","ping_status":"closed","template":"","meta":{"nf_dc_page":""},"product_brand":[],"product_cat":[84],"product_tag":[],"class_list":{"0":"post-87026","1":"product","2":"type-product","3":"status-publish","4":"has-post-thumbnail","6":"product_cat-perfumeria","8":"first","9":"outofstock","10":"shipping-taxable","11":"purchasable","12":"product-type-simple"},"_links":{"self":[{"href":"https:\/\/brandss.com.py\/index\/wp-json\/wp\/v2\/product\/87026","targetHints":{"allow":["GET"]}}],"collection":[{"href":"https:\/\/brandss.com.py\/index\/wp-json\/wp\/v2\/product"}],"about":[{"href":"https:\/\/brandss.com.py\/index\/wp-json\/wp\/v2\/types\/product"}],"replies":[{"embeddable":true,"href":"https:\/\/brandss.com.py\/index\/wp-json\/wp\/v2\/comments?post=87026"}],"version-history":[{"count":1,"href":"https:\/\/brandss.com.py\/index\/wp-json\/wp\/v2\/product\/87026\/revisions"}],"predecessor-version":[{"id":87033,"href":"https:\/\/brandss.com.py\/index\/wp-json\/wp\/v2\/product\/87026\/revisions\/87033"}],"wp:featuredmedia":[{"embeddable":true,"href":"https:\/\/brandss.com.py\/index\/wp-json\/wp\/v2\/media\/87027"}],"wp:attachment":[{"href":"https:\/\/brandss.com.py\/index\/wp-json\/wp\/v2\/media?parent=87026"}],"wp:term":[{"taxonomy":"product_brand","embeddable":true,"href":"https:\/\/brandss.com.py\/index\/wp-json\/wp\/v2\/product_brand?post=87026"},{"taxonomy":"product_cat","embeddable":true,"href":"https:\/\/brandss.com.py\/index\/wp-json\/wp\/v2\/product_cat?post=87026"},{"taxonomy":"product_tag","embeddable":true,"href":"https:\/\/brandss.com.py\/index\/wp-json\/wp\/v2\/product_tag?post=87026"}],"curies":[{"name":"wp","href":"https:\/\/api.w.org\/{rel}","templated":true}]}}