{"id":87034,"date":"2025-07-25T13:44:47","date_gmt":"2025-07-25T13:44:47","guid":{"rendered":"https:\/\/brandss.com.py\/index\/?post_type=product&#038;p=87034"},"modified":"2026-03-14T12:12:47","modified_gmt":"2026-03-14T12:12:47","slug":"perfume-masculino-mercedes-benz-the-move-edt-100ml","status":"publish","type":"product","link":"https:\/\/brandss.com.py\/index\/producto\/perfume-masculino-mercedes-benz-the-move-edt-100ml\/","title":{"rendered":"PERFUME MASCULINO MERCEDES BENZ THE MOVE EDT 100ML"},"content":{"rendered":"<p><img loading=\"lazy\" decoding=\"async\" class=\"\" src=\"https:\/\/upload.wikimedia.org\/wikipedia\/commons\/b\/b9\/Mercedes_Benz_Logo_11.jpg\" alt=\"Archivo:Mercedes Benz Logo 11.jpg - Wikipedia, la enciclopedia libre\" width=\"103\" height=\"68\" \/><\/p>\n<h1>THE MOVE<\/h1>\n<p><span class=\"product__intro-excerpt\"><span>Mercedes-Benz, la marca ic\u00f3nica que ha hecho historia, desaf\u00eda las tendencias y define la reinvenci\u00f3n, ha elegido crear un<\/span><\/span>\u00a0<span class=\"product__intro-text\"><span>Fragancia para la generaci\u00f3n m\u00e1s esquiva: los millennials. Una versi\u00f3n con atomizador ideal para un simple gesto, a cualquier hora del d\u00eda o de la noche. THE MOVE se convierte en un amuleto de la suerte para no salir de casa sin \u00e9l.<\/span><\/span><\/p>\n<p><img loading=\"lazy\" decoding=\"async\" class=\"alignleft\" src=\"https:\/\/parfums.mercedes-benz.com\/cdn\/shop\/files\/Themovelifestyle1.jpg?crop=center&amp;height=1000&amp;v=1703141055&amp;width=1000\" width=\"632\" height=\"632\" \/><\/p>\n<h3>Notas Olfativas<\/h3>\n<p>&nbsp;<\/p>\n<p><span>Mercedes-Benz THE MOVE fue creado por Dominique Ropion. Este talentoso maestro perfumista franc\u00e9s considera cada una de sus creaciones una escultura olfativa. As\u00ed, molde\u00f3 THE MOVE para crear la firma de toda una generaci\u00f3n. Una fragancia emblem\u00e1tica que destaca entre las dem\u00e1s.<\/span><\/p>\n<p><span>THE MOVE es un foug\u00e8re arom\u00e1tico con acentos din\u00e1micos, que combina la acidez intensa del pomelo, las notas especiadas del cardamomo y la fragante ternura de la flor de manzano. La combinaci\u00f3n de geranio con un innovador acorde marino y salado le aporta toda su modernidad, mientras que el haba tonka y el abeto bals\u00e1mico ofrecen una nota \u00fanica, gourmet y dulce, muy presente en el presente, para un despertar sensual.<\/span><\/p>\n<p><strong>Notas de salida:<\/strong> Pomelo, cardamomo y flor de manzano.<br \/>\n<strong>Notas de coraz\u00f3n:<\/strong> Sal, Notas Oce\u00e1nicas y Geranio.<br \/>\n<strong>Notas de fondo:<\/strong> B\u00e1lsamo de haba tonka y abeto.<\/p>\n","protected":false},"excerpt":{"rendered":"<p>THE MOVE Mercedes-Benz, la marca ic\u00f3nica que ha hecho historia, desaf\u00eda las tendencias y define la reinvenci\u00f3n, ha elegido crear<\/p>\n","protected":false},"featured_media":87035,"comment_status":"open","ping_status":"closed","template":"","meta":{"nf_dc_page":""},"product_brand":[],"product_cat":[84],"product_tag":[],"class_list":{"0":"post-87034","1":"product","2":"type-product","3":"status-publish","4":"has-post-thumbnail","6":"product_cat-perfumeria","8":"first","9":"outofstock","10":"shipping-taxable","11":"purchasable","12":"product-type-simple"},"_links":{"self":[{"href":"https:\/\/brandss.com.py\/index\/wp-json\/wp\/v2\/product\/87034","targetHints":{"allow":["GET"]}}],"collection":[{"href":"https:\/\/brandss.com.py\/index\/wp-json\/wp\/v2\/product"}],"about":[{"href":"https:\/\/brandss.com.py\/index\/wp-json\/wp\/v2\/types\/product"}],"replies":[{"embeddable":true,"href":"https:\/\/brandss.com.py\/index\/wp-json\/wp\/v2\/comments?post=87034"}],"version-history":[{"count":1,"href":"https:\/\/brandss.com.py\/index\/wp-json\/wp\/v2\/product\/87034\/revisions"}],"predecessor-version":[{"id":87039,"href":"https:\/\/brandss.com.py\/index\/wp-json\/wp\/v2\/product\/87034\/revisions\/87039"}],"wp:featuredmedia":[{"embeddable":true,"href":"https:\/\/brandss.com.py\/index\/wp-json\/wp\/v2\/media\/87035"}],"wp:attachment":[{"href":"https:\/\/brandss.com.py\/index\/wp-json\/wp\/v2\/media?parent=87034"}],"wp:term":[{"taxonomy":"product_brand","embeddable":true,"href":"https:\/\/brandss.com.py\/index\/wp-json\/wp\/v2\/product_brand?post=87034"},{"taxonomy":"product_cat","embeddable":true,"href":"https:\/\/brandss.com.py\/index\/wp-json\/wp\/v2\/product_cat?post=87034"},{"taxonomy":"product_tag","embeddable":true,"href":"https:\/\/brandss.com.py\/index\/wp-json\/wp\/v2\/product_tag?post=87034"}],"curies":[{"name":"wp","href":"https:\/\/api.w.org\/{rel}","templated":true}]}}