{"id":87058,"date":"2025-07-25T17:16:53","date_gmt":"2025-07-25T17:16:53","guid":{"rendered":"https:\/\/brandss.com.py\/index\/?post_type=product&#038;p=87058"},"modified":"2026-03-12T18:36:53","modified_gmt":"2026-03-12T18:36:53","slug":"perfume-unisex-montana-collection-edition-2-edp-100ml","status":"publish","type":"product","link":"https:\/\/brandss.com.py\/index\/producto\/perfume-unisex-montana-collection-edition-2-edp-100ml\/","title":{"rendered":"PERFUME UNISEX MONTANA COLLECTION EDITION 2 EDP 100ML"},"content":{"rendered":"<p><img loading=\"lazy\" decoding=\"async\" class=\"\" src=\"https:\/\/static.wixstatic.com\/media\/4f6ea0_f48953374dfc4e2fb45e12a96a663301.jpg\/v1\/fit\/w_2500,h_1330,al_c\/4f6ea0_f48953374dfc4e2fb45e12a96a663301.jpg\" alt=\"PARFUMS MONTANA PARIS | Eau de toilette Montana Initial\" width=\"109\" height=\"55\" \/><\/p>\n<h1>COLLECTION EDITION 2<\/h1>\n<p><em><strong>Una de las mejores y \u00fanicas fragancias de Montana.<\/strong><\/em><\/p>\n<p>Expresa tu presencia distintiva y te otorga un lugar destacado en los corazones de todos los presentes. Desde el primer momento penetra en tu coraz\u00f3n y aumenta tu entusiasmo para satisfacer tu esp\u00edritu libre y tu vitalidad. Es una fragancia sin limitaciones que rompe la rutina y te lleva fuera de lo com\u00fan para vivir momentos especiales de emoci\u00f3n.<\/p>\n<p>Es una fragancia cautivadora que trasciende las barreras de g\u00e9nero. Elaborado con sumo cuidado, este perfume est\u00e1 dise\u00f1ado para crear un aura de elegancia y sofisticaci\u00f3n alrededor de quien lo usa. Esta fragancia unisex es una armoniosa mezcla de notas cautivadoras que crean una experiencia olfativa \u00fanica.<\/p>\n<p>El Eau De Parfum Unisex Montana Collection Edition 2 se presenta en un elegante y estilizado frasco que refleja la naturaleza moderna y sofisticada de la fragancia.<\/p>\n<p>Su dise\u00f1o minimalista es a la vez atemporal y contempor\u00e1neo, lo que lo convierte en el complemento perfecto para cualquier colecci\u00f3n de perfumes. Ya sea para asistir a un evento formal o simplemente para a\u00f1adir un toque de lujo a su rutina diaria, este perfume es una opci\u00f3n vers\u00e1til. Su aroma duradero te mantiene fresca y segura durante todo el d\u00eda, dejando una huella imborrable dondequiera que vayas.<\/p>\n<p>D\u00e9jate seducir por el encanto del Eau de Parfum Unisex Montana Collection Edici\u00f3n 2 y experimenta el poder de una fragancia que trasciende fronteras.<\/p>\n<h3>Notas Olfativas<\/h3>\n<p>Una fragancia encantadora con notas de salida frescas y especiadas de salvia y bayas rosadas, un delicado coraz\u00f3n floral de flor de naranja y grosella negra y una base c\u00e1lida y envolvente de vainilla y pachul\u00ed que le dan a la fragancia un matiz c\u00e1lido y sensual.<\/p>\n<div class=\"product-group-characteristics__item\">\n<div class=\"product-group-characteristics__item-name\"><strong>Notas de salida: <\/strong>salvia, grosella negra, bayas rosadas, bergamota.<\/div>\n<\/div>\n<div class=\"product-group-characteristics__item\">\n<div class=\"product-group-characteristics__item-name\"><strong>Notas de coraz\u00f3n:<\/strong> flor de naranja, elem\u00ed.<\/div>\n<\/div>\n<div class=\"product-group-characteristics__item\">\n<div class=\"product-group-characteristics__item-name\"><strong>Notas de fondo:<\/strong> vainilla, almizcle, pachul\u00ed, abedul, \u00e1mbar.<\/div>\n<\/div>\n","protected":false},"excerpt":{"rendered":"<p>COLLECTION EDITION 2 Una de las mejores y \u00fanicas fragancias de Montana. Expresa tu presencia distintiva y te otorga un<\/p>\n","protected":false},"featured_media":87059,"comment_status":"open","ping_status":"closed","template":"","meta":{"nf_dc_page":""},"product_brand":[2140],"product_cat":[84],"product_tag":[3098],"class_list":{"0":"post-87058","1":"product","2":"type-product","3":"status-publish","4":"has-post-thumbnail","6":"product_brand-montana","7":"product_cat-perfumeria","8":"product_tag-3098","10":"first","11":"outofstock","12":"shipping-taxable","13":"purchasable","14":"product-type-simple"},"_links":{"self":[{"href":"https:\/\/brandss.com.py\/index\/wp-json\/wp\/v2\/product\/87058","targetHints":{"allow":["GET"]}}],"collection":[{"href":"https:\/\/brandss.com.py\/index\/wp-json\/wp\/v2\/product"}],"about":[{"href":"https:\/\/brandss.com.py\/index\/wp-json\/wp\/v2\/types\/product"}],"replies":[{"embeddable":true,"href":"https:\/\/brandss.com.py\/index\/wp-json\/wp\/v2\/comments?post=87058"}],"version-history":[{"count":2,"href":"https:\/\/brandss.com.py\/index\/wp-json\/wp\/v2\/product\/87058\/revisions"}],"predecessor-version":[{"id":87064,"href":"https:\/\/brandss.com.py\/index\/wp-json\/wp\/v2\/product\/87058\/revisions\/87064"}],"wp:featuredmedia":[{"embeddable":true,"href":"https:\/\/brandss.com.py\/index\/wp-json\/wp\/v2\/media\/87059"}],"wp:attachment":[{"href":"https:\/\/brandss.com.py\/index\/wp-json\/wp\/v2\/media?parent=87058"}],"wp:term":[{"taxonomy":"product_brand","embeddable":true,"href":"https:\/\/brandss.com.py\/index\/wp-json\/wp\/v2\/product_brand?post=87058"},{"taxonomy":"product_cat","embeddable":true,"href":"https:\/\/brandss.com.py\/index\/wp-json\/wp\/v2\/product_cat?post=87058"},{"taxonomy":"product_tag","embeddable":true,"href":"https:\/\/brandss.com.py\/index\/wp-json\/wp\/v2\/product_tag?post=87058"}],"curies":[{"name":"wp","href":"https:\/\/api.w.org\/{rel}","templated":true}]}}