{"id":87065,"date":"2025-07-25T18:01:40","date_gmt":"2025-07-25T18:01:40","guid":{"rendered":"https:\/\/brandss.com.py\/index\/?post_type=product&#038;p=87065"},"modified":"2026-03-12T18:36:04","modified_gmt":"2026-03-12T18:36:04","slug":"perfume-unisex-montana-collection-edition-4-edp-100ml","status":"publish","type":"product","link":"https:\/\/brandss.com.py\/index\/producto\/perfume-unisex-montana-collection-edition-4-edp-100ml\/","title":{"rendered":"PERFUME UNISEX MONTANA COLLECTION EDITION 4 EDP 100ML"},"content":{"rendered":"<p><img loading=\"lazy\" decoding=\"async\" class=\"\" src=\"https:\/\/static.wixstatic.com\/media\/4f6ea0_f48953374dfc4e2fb45e12a96a663301.jpg\/v1\/fit\/w_2500,h_1330,al_c\/4f6ea0_f48953374dfc4e2fb45e12a96a663301.jpg\" alt=\"PARFUMS MONTANA PARIS | Eau de toilette Montana Initial\" width=\"145\" height=\"73\" \/><\/p>\n<h1>COLLECTION EDITION 4<\/h1>\n<p>Presentamos Montana Collection Edici\u00f3n 4, la fragancia perfecta para quienes buscan un aroma \u00fanico y cautivador. Este perfume unisex est\u00e1 dise\u00f1ado para ser disfrutado tanto por hombres como por mujeres, ofreciendo una opci\u00f3n verdaderamente vers\u00e1til para cualquier ocasi\u00f3n. Elaborado con meticulosa atenci\u00f3n al detalle, este perfume forma parte de la prestigiosa Montana Collection.<\/p>\n<p>Conocida por su compromiso con la calidad y la innovaci\u00f3n, Montana ha creado una fragancia atemporal y moderna. El elegante dise\u00f1o de su frasco a\u00f1ade un toque de sofisticaci\u00f3n a cualquier tocador. Esta fragancia es una armoniosa combinaci\u00f3n de notas de salida, coraz\u00f3n y fondo, creando un perfil arom\u00e1tico complejo y atractivo.<\/p>\n<p>Ya sea para un evento formal, una salida informal o simplemente para sentirte segura y atractiva a diario, el perfume Montana Collection Edition 4 es la opci\u00f3n perfecta. Su f\u00f3rmula de larga duraci\u00f3n garantiza que disfrutar\u00e1s de su cautivadora fragancia durante todo el d\u00eda y la noche. Del\u00e9itate con el cautivador aroma de Montana Collection Edition 4 y experimenta el encanto de esta fragancia \u00fanica. Pide el tuyo hoy mismo y descubre la combinaci\u00f3n perfecta de sofisticaci\u00f3n y sensualidad.<\/p>\n<h3>Notas Olfativas<\/h3>\n<p>Una mezcla audaz de especias y maderas con notas de salida especiadas de azafr\u00e1n y pino, un coraz\u00f3n floral y amaderado de cedro y jazm\u00edn, y una base c\u00e1lida y sensual de almizcle y \u00e1mbar. Las notas de salida ofrecen una explosi\u00f3n fresca y vigorizante de acordes c\u00edtricos y florales, mientras que las notas de coraz\u00f3n revelan una c\u00e1lida y sensual mezcla de especias y maderas. Finalmente, las notas de fondo proporcionan una estela persistente y seductora de almizcle y \u00e1mbar.<\/p>\n<div class=\"PDPAttributes__attribute__o--hr\"><strong><span class=\"PDPAttributes__attributeTitle__o--hr\">Notas de salida: <\/span><\/strong><span>Azafr\u00e1n.<\/span><\/div>\n<div><span class=\"PDPAttributes__attributeTitle__o--hr\"><strong>Notas de coraz\u00f3n:<\/strong> <\/span>Jazm\u00edn, pino.<\/div>\n<div class=\"PDPAttributes__attribute__o--hr\"><strong><span class=\"PDPAttributes__attributeTitle__o--hr\">Notas de fondo: <\/span><\/strong><span>Almizcle, cedro, madera de \u00e1mbar, \u00e1mbar.<\/span><\/div>\n<div class=\"PDPAttributes__attribute__o--hr\"><\/div>\n","protected":false},"excerpt":{"rendered":"<p>COLLECTION EDITION 4 Presentamos Montana Collection Edici\u00f3n 4, la fragancia perfecta para quienes buscan un aroma \u00fanico y cautivador. Este<\/p>\n","protected":false},"featured_media":87066,"comment_status":"open","ping_status":"closed","template":"","meta":{"nf_dc_page":""},"product_brand":[2140],"product_cat":[84],"product_tag":[3097],"class_list":{"0":"post-87065","1":"product","2":"type-product","3":"status-publish","4":"has-post-thumbnail","6":"product_brand-montana","7":"product_cat-perfumeria","8":"product_tag-3097","10":"first","11":"instock","12":"shipping-taxable","13":"purchasable","14":"product-type-simple"},"_links":{"self":[{"href":"https:\/\/brandss.com.py\/index\/wp-json\/wp\/v2\/product\/87065","targetHints":{"allow":["GET"]}}],"collection":[{"href":"https:\/\/brandss.com.py\/index\/wp-json\/wp\/v2\/product"}],"about":[{"href":"https:\/\/brandss.com.py\/index\/wp-json\/wp\/v2\/types\/product"}],"replies":[{"embeddable":true,"href":"https:\/\/brandss.com.py\/index\/wp-json\/wp\/v2\/comments?post=87065"}],"version-history":[{"count":1,"href":"https:\/\/brandss.com.py\/index\/wp-json\/wp\/v2\/product\/87065\/revisions"}],"predecessor-version":[{"id":87070,"href":"https:\/\/brandss.com.py\/index\/wp-json\/wp\/v2\/product\/87065\/revisions\/87070"}],"wp:featuredmedia":[{"embeddable":true,"href":"https:\/\/brandss.com.py\/index\/wp-json\/wp\/v2\/media\/87066"}],"wp:attachment":[{"href":"https:\/\/brandss.com.py\/index\/wp-json\/wp\/v2\/media?parent=87065"}],"wp:term":[{"taxonomy":"product_brand","embeddable":true,"href":"https:\/\/brandss.com.py\/index\/wp-json\/wp\/v2\/product_brand?post=87065"},{"taxonomy":"product_cat","embeddable":true,"href":"https:\/\/brandss.com.py\/index\/wp-json\/wp\/v2\/product_cat?post=87065"},{"taxonomy":"product_tag","embeddable":true,"href":"https:\/\/brandss.com.py\/index\/wp-json\/wp\/v2\/product_tag?post=87065"}],"curies":[{"name":"wp","href":"https:\/\/api.w.org\/{rel}","templated":true}]}}