{"id":87071,"date":"2025-07-25T18:18:42","date_gmt":"2025-07-25T18:18:42","guid":{"rendered":"https:\/\/brandss.com.py\/index\/?post_type=product&#038;p=87071"},"modified":"2026-04-27T16:35:26","modified_gmt":"2026-04-27T16:35:26","slug":"perfume-masculino-gilles-cantuel-arsenal-gold-edp-100ml","status":"publish","type":"product","link":"https:\/\/brandss.com.py\/index\/producto\/perfume-masculino-gilles-cantuel-arsenal-gold-edp-100ml\/","title":{"rendered":"PERFUME MASCULINO GILLES CANTUEL ARSENAL GOLD EDP 100ML"},"content":{"rendered":"<p><img loading=\"lazy\" decoding=\"async\" class=\"\" src=\"https:\/\/encrypted-tbn0.gstatic.com\/images?q=tbn:ANd9GcTJkOjSq9aTG3zXE2ixNK9-B30rwp-rw7Dkzg&amp;s\" alt=\"Comprar Perfumes Gilles Cantuel \u25b7 Perfumerias.com\" width=\"126\" height=\"61\" \/><\/p>\n<h1>ARSENAL GOLD<\/h1>\n<p><span>Arsenal Gold es un perfume audaz, creado para el hombre que sabe lo que quiere. Arsenal Gold es enigm\u00e1tico y potente, ideal para momentos en los que la seducci\u00f3n necesita ser m\u00e1s fuerte. Su frasco en forma de granada, un icono de la perfumer\u00eda Arsenal, ejemplifica fielmente el efecto de la fragancia: un impacto inmediato e inolvidable.<\/span><\/p>\n<h3>Notas Olfativas<\/h3>\n<p><span>Arsenal Gold es una fragancia masculina que presenta notas misteriosas y llenas de suspense, que esperan ser reveladas en cualquier momento. Una fragancia especiada, audaz y extremadamente masculina. Lleno de especias y todo lo agradable, &#8216;Arsenal Gold&#8217; es una mezcla de notas de toronja y mandarina mezcladas con notas de coraz\u00f3n de rosa y canela y una base de cuero y maderas blancas.<\/span><\/p>\n<p>El perfume Arsenal Gold de Gilles Cantuel es una fragancia de la familia olfativa \u00c1mbar para Hombres.<\/p>\n<ul>\n<li><strong>Notas de salida:<\/strong> Toronja, mandarina y menta.<\/li>\n<li><strong>Notas de coraz\u00f3n:<\/strong> Canela, notas especiadas y rosa.<\/li>\n<li><strong>Notas de fondo:<\/strong> Cuero, \u00e1mbar, notas amaderadas y pachul\u00ed.<\/li>\n<\/ul>\n","protected":false},"excerpt":{"rendered":"<p>ARSENAL GOLD Arsenal Gold es un perfume audaz, creado para el hombre que sabe lo que quiere. Arsenal Gold es<\/p>\n","protected":false},"featured_media":87072,"comment_status":"open","ping_status":"closed","template":"","meta":{"nf_dc_page":""},"product_brand":[3145],"product_cat":[84],"product_tag":[3147],"class_list":{"0":"post-87071","1":"product","2":"type-product","3":"status-publish","4":"has-post-thumbnail","6":"product_brand-gilles-cantuel","7":"product_cat-perfumeria","8":"product_tag-3147","10":"first","11":"instock","12":"sale","13":"shipping-taxable","14":"purchasable","15":"product-type-simple"},"_links":{"self":[{"href":"https:\/\/brandss.com.py\/index\/wp-json\/wp\/v2\/product\/87071","targetHints":{"allow":["GET"]}}],"collection":[{"href":"https:\/\/brandss.com.py\/index\/wp-json\/wp\/v2\/product"}],"about":[{"href":"https:\/\/brandss.com.py\/index\/wp-json\/wp\/v2\/types\/product"}],"replies":[{"embeddable":true,"href":"https:\/\/brandss.com.py\/index\/wp-json\/wp\/v2\/comments?post=87071"}],"version-history":[{"count":1,"href":"https:\/\/brandss.com.py\/index\/wp-json\/wp\/v2\/product\/87071\/revisions"}],"predecessor-version":[{"id":87075,"href":"https:\/\/brandss.com.py\/index\/wp-json\/wp\/v2\/product\/87071\/revisions\/87075"}],"wp:featuredmedia":[{"embeddable":true,"href":"https:\/\/brandss.com.py\/index\/wp-json\/wp\/v2\/media\/87072"}],"wp:attachment":[{"href":"https:\/\/brandss.com.py\/index\/wp-json\/wp\/v2\/media?parent=87071"}],"wp:term":[{"taxonomy":"product_brand","embeddable":true,"href":"https:\/\/brandss.com.py\/index\/wp-json\/wp\/v2\/product_brand?post=87071"},{"taxonomy":"product_cat","embeddable":true,"href":"https:\/\/brandss.com.py\/index\/wp-json\/wp\/v2\/product_cat?post=87071"},{"taxonomy":"product_tag","embeddable":true,"href":"https:\/\/brandss.com.py\/index\/wp-json\/wp\/v2\/product_tag?post=87071"}],"curies":[{"name":"wp","href":"https:\/\/api.w.org\/{rel}","templated":true}]}}