{"id":87076,"date":"2025-07-25T18:32:07","date_gmt":"2025-07-25T18:32:07","guid":{"rendered":"https:\/\/brandss.com.py\/index\/?post_type=product&#038;p=87076"},"modified":"2026-03-14T14:36:17","modified_gmt":"2026-03-14T14:36:17","slug":"perfume-masculino-gilles-cantuel-arsenal-black-edp-100ml","status":"publish","type":"product","link":"https:\/\/brandss.com.py\/index\/producto\/perfume-masculino-gilles-cantuel-arsenal-black-edp-100ml\/","title":{"rendered":"PERFUME MASCULINO GILLES CANTUEL ARSENAL BLACK EDP 100ML"},"content":{"rendered":"<p><img loading=\"lazy\" decoding=\"async\" class=\"\" src=\"https:\/\/encrypted-tbn0.gstatic.com\/images?q=tbn:ANd9GcTJkOjSq9aTG3zXE2ixNK9-B30rwp-rw7Dkzg&amp;s\" alt=\"Comprar Perfumes Gilles Cantuel \u25b7 Perfumerias.com\" width=\"101\" height=\"49\" \/><\/p>\n<h1>ARSENAL BLACK<\/h1>\n<p>Es una fragancia que es impecable, vigorizante y refrescante. Sientase seguro cuando usted ande buscando una fragancia que seduzca las sensibilidades del hombre moderno, Arsenal Black es una opci\u00f3n atrevida.<\/p>\n<p>Arsenal Black es una fragancia que se lanz\u00f3 en 2007, ofreciendo un aroma amaderado y especiado que captura la esencia del hombre moderno y audaz. Este Eau de Parfum es ideal para aquellos que buscan dejar una impresi\u00f3n duradera, con una composici\u00f3n rica y compleja que equilibra notas energ\u00e9ticas y sensuales.<\/p>\n<h3>Notas Olfativas<\/h3>\n<p>La fragancia se abre con notas frescas de salvia y lim\u00f3n, proporcionando un comienzo vibrante y revitalizante que invita a descubrir m\u00e1s. Esta introducci\u00f3n c\u00edtrica da paso a un coraz\u00f3n de nuez moscada, jazm\u00edn y cedro, que a\u00f1aden profundidad y sofisticaci\u00f3n al perfil olfativo. Estas notas medias se entrelazan h\u00e1bilmente con la riqueza del cedro, ofreciendo un toque de calidez y robustez. En la base, Arsenal Black concluye con notas de \u00e1mbar, s\u00e1ndalo, almizcle y pachul\u00ed, que aportan un acabado c\u00e1lido y envolvente. Esta combinaci\u00f3n de notas amaderadas y bals\u00e1micas crea una estela profunda y persistente, perfecta para el hombre que disfruta de un perfume con car\u00e1cter fuerte y distintivo.<\/p>\n<p>Arsenal Black de Gilles Cantuel\u00a0<span id=\"HTW5BX8\">es una fragancia de la familia olfativa Amaderada Arom\u00e1tica para Hombres.<br \/>\n<\/span><\/p>\n<ul data-pb-style=\"6248F6BE5DD87\">\n<li><span id=\"HTW5BX8\"><strong>Notas de salida:<\/strong> Son lim\u00f3n (lima \u00e1cida) y salvia.<br \/>\n<\/span><\/li>\n<li><span id=\"HTW5BX8\"><strong>Notas de coraz\u00f3n:<\/strong> Son cedro, nuez moscada y jazm\u00edn.<br \/>\n<\/span><\/li>\n<li><span id=\"HTW5BX8\"><strong>Notas de fondo:<\/strong> Son pachul\u00ed, s\u00e1ndalo, \u00e1mbar y almizcle.<\/span><\/li>\n<\/ul>\n","protected":false},"excerpt":{"rendered":"<p>ARSENAL BLACK Es una fragancia que es impecable, vigorizante y refrescante. Sientase seguro cuando usted ande buscando una fragancia que<\/p>\n","protected":false},"featured_media":87077,"comment_status":"open","ping_status":"closed","template":"","meta":{"nf_dc_page":""},"product_brand":[3145],"product_cat":[84],"product_tag":[3146],"class_list":{"0":"post-87076","1":"product","2":"type-product","3":"status-publish","4":"has-post-thumbnail","6":"product_brand-gilles-cantuel","7":"product_cat-perfumeria","8":"product_tag-3146","10":"first","11":"instock","12":"shipping-taxable","13":"purchasable","14":"product-type-simple"},"_links":{"self":[{"href":"https:\/\/brandss.com.py\/index\/wp-json\/wp\/v2\/product\/87076","targetHints":{"allow":["GET"]}}],"collection":[{"href":"https:\/\/brandss.com.py\/index\/wp-json\/wp\/v2\/product"}],"about":[{"href":"https:\/\/brandss.com.py\/index\/wp-json\/wp\/v2\/types\/product"}],"replies":[{"embeddable":true,"href":"https:\/\/brandss.com.py\/index\/wp-json\/wp\/v2\/comments?post=87076"}],"version-history":[{"count":1,"href":"https:\/\/brandss.com.py\/index\/wp-json\/wp\/v2\/product\/87076\/revisions"}],"predecessor-version":[{"id":87082,"href":"https:\/\/brandss.com.py\/index\/wp-json\/wp\/v2\/product\/87076\/revisions\/87082"}],"wp:featuredmedia":[{"embeddable":true,"href":"https:\/\/brandss.com.py\/index\/wp-json\/wp\/v2\/media\/87077"}],"wp:attachment":[{"href":"https:\/\/brandss.com.py\/index\/wp-json\/wp\/v2\/media?parent=87076"}],"wp:term":[{"taxonomy":"product_brand","embeddable":true,"href":"https:\/\/brandss.com.py\/index\/wp-json\/wp\/v2\/product_brand?post=87076"},{"taxonomy":"product_cat","embeddable":true,"href":"https:\/\/brandss.com.py\/index\/wp-json\/wp\/v2\/product_cat?post=87076"},{"taxonomy":"product_tag","embeddable":true,"href":"https:\/\/brandss.com.py\/index\/wp-json\/wp\/v2\/product_tag?post=87076"}],"curies":[{"name":"wp","href":"https:\/\/api.w.org\/{rel}","templated":true}]}}