{"id":87083,"date":"2025-07-25T19:02:47","date_gmt":"2025-07-25T19:02:47","guid":{"rendered":"https:\/\/brandss.com.py\/index\/?post_type=product&#038;p=87083"},"modified":"2026-04-27T14:38:48","modified_gmt":"2026-04-27T14:38:48","slug":"perfume-femenino-page-parfums-swinging-edp-100ml","status":"publish","type":"product","link":"https:\/\/brandss.com.py\/index\/producto\/perfume-femenino-page-parfums-swinging-edp-100ml\/","title":{"rendered":"PERFUME FEMENINO PAGE PARFUMS SWINGING EDP 100ML"},"content":{"rendered":"<p><img loading=\"lazy\" decoding=\"async\" class=\"\" src=\"https:\/\/fimgs.net\/mdimg\/dizajneri\/o.2592.jpg\" alt=\"Page Parfums Fragancias Y Colonias\" width=\"110\" height=\"68\" \/><\/p>\n<h1>SWINGING<\/h1>\n<p><span>Descubre la esencia sofisticada y vibrante de Swinging, una fragancia femenina que evoca la elegancia y la modernidad de las calles de Par\u00eds. Este Eau de Parfum te transporta a un universo floral-frutal, donde la feminidad se celebra en cada nota.<\/span><br \/>\n<span>Las notas olfativas de la fragancia se combinan en una mezcla armoniosa que aporta frescura y suavidad, perfecta para el d\u00eda a d\u00eda o para ocasiones especiales. Su f\u00f3rmula rica e intensa garantiza una experiencia olfativa duradera, manteniendo la fragancia irresistible durante todo el d\u00eda. <\/span><span>Adem\u00e1s de ser cruelty-free, este producto refleja un compromiso con la \u00e9tica y la sostenibilidad, ideal para la consumidora moderna que valora la belleza responsable. Elige Swinging y realza tu presencia con una firma olfativa inconfundible.<\/span><\/p>\n<h3>Notas Olfativas<\/h3>\n<p>Swinging es una fragancia floral frutal deliciosa y vibrante. Ideal para mujeres alegres, modernas y con encanto natural. El perfume Swinging de Page Parfums es una fragancia de la familia olfativa floral frutal para mujeres.<\/p>\n<ul>\n<li><strong>Notas de salida:<\/strong> Durazno bergamota, toronja, naranja y lim\u00f3n.<\/li>\n<li><strong>Notas de coraz\u00f3n:<\/strong> Pachul\u00ed, flor de azahar del naranjo, jazm\u00edn y azucena.<\/li>\n<li><strong>Notas de fondo:<\/strong> \u00c1mbar y almizcle.<\/li>\n<\/ul>\n","protected":false},"excerpt":{"rendered":"<p>SWINGING Descubre la esencia sofisticada y vibrante de Swinging, una fragancia femenina que evoca la elegancia y la modernidad de<\/p>\n","protected":false},"featured_media":87084,"comment_status":"open","ping_status":"closed","template":"","meta":{"nf_dc_page":""},"product_brand":[3150],"product_cat":[84],"product_tag":[3151],"class_list":{"0":"post-87083","1":"product","2":"type-product","3":"status-publish","4":"has-post-thumbnail","6":"product_brand-page-parfums","7":"product_cat-perfumeria","8":"product_tag-3151","10":"first","11":"instock","12":"shipping-taxable","13":"purchasable","14":"product-type-simple"},"_links":{"self":[{"href":"https:\/\/brandss.com.py\/index\/wp-json\/wp\/v2\/product\/87083","targetHints":{"allow":["GET"]}}],"collection":[{"href":"https:\/\/brandss.com.py\/index\/wp-json\/wp\/v2\/product"}],"about":[{"href":"https:\/\/brandss.com.py\/index\/wp-json\/wp\/v2\/types\/product"}],"replies":[{"embeddable":true,"href":"https:\/\/brandss.com.py\/index\/wp-json\/wp\/v2\/comments?post=87083"}],"version-history":[{"count":1,"href":"https:\/\/brandss.com.py\/index\/wp-json\/wp\/v2\/product\/87083\/revisions"}],"predecessor-version":[{"id":87086,"href":"https:\/\/brandss.com.py\/index\/wp-json\/wp\/v2\/product\/87083\/revisions\/87086"}],"wp:featuredmedia":[{"embeddable":true,"href":"https:\/\/brandss.com.py\/index\/wp-json\/wp\/v2\/media\/87084"}],"wp:attachment":[{"href":"https:\/\/brandss.com.py\/index\/wp-json\/wp\/v2\/media?parent=87083"}],"wp:term":[{"taxonomy":"product_brand","embeddable":true,"href":"https:\/\/brandss.com.py\/index\/wp-json\/wp\/v2\/product_brand?post=87083"},{"taxonomy":"product_cat","embeddable":true,"href":"https:\/\/brandss.com.py\/index\/wp-json\/wp\/v2\/product_cat?post=87083"},{"taxonomy":"product_tag","embeddable":true,"href":"https:\/\/brandss.com.py\/index\/wp-json\/wp\/v2\/product_tag?post=87083"}],"curies":[{"name":"wp","href":"https:\/\/api.w.org\/{rel}","templated":true}]}}