{"id":87097,"date":"2025-07-26T13:41:00","date_gmt":"2025-07-26T13:41:00","guid":{"rendered":"https:\/\/brandss.com.py\/index\/?post_type=product&#038;p=87097"},"modified":"2026-03-14T14:12:16","modified_gmt":"2026-03-14T14:12:16","slug":"perfume-femenino-elodie-roy-premier-soir-eden-edp-80ml","status":"publish","type":"product","link":"https:\/\/brandss.com.py\/index\/producto\/perfume-femenino-elodie-roy-premier-soir-eden-edp-80ml\/","title":{"rendered":"PERFUME FEMENINO ELODIE ROY PREMIER SOIR EDEN EDP 80ML"},"content":{"rendered":"<p><img loading=\"lazy\" decoding=\"async\" class=\"\" src=\"https:\/\/www.charmeperfumeria.com.br\/public\/images\/brands\/elodie.jpg\" alt=\"ELODIE ROY BELIZE LOVE EDP FEM 100ML | CHARME ATACADO | CHARME PERFUMERIA |  ATACADO PARAGUAY\" width=\"84\" height=\"84\" \/><\/p>\n<h1>PREMIER SOIR EDEN<\/h1>\n<p>Un homenaje a la feminidad en su m\u00e1xima expresi\u00f3n. Premier Soir Eden de Elodie Roy es una fragancia que invita a la seducci\u00f3n con una combinaci\u00f3n perfecta de frutas frescas, flores delicadas y una base c\u00e1lida y envolvente. Su apertura radiante y jugosa da paso a un coraz\u00f3n floral que se funde con la suavidad de las maderas y el almizcle, dejando una estela rom\u00e1ntica y misteriosa. Ideal para la mujer que busca una fragancia que hable de su elegancia y fuerza interior.<\/p>\n<h3>Notas Olfativas<\/h3>\n<div class=\"card-back-description\">\n<div><strong>Notas de salida:<\/strong>\u00a0Pera, mandarina, frutas rojas.<\/div>\n<div><strong>Notas de coraz\u00f3n:<\/strong>\u00a0Jazm\u00edn, flor de azahar, rosa.<\/div>\n<div><strong>Notas de fondo:<\/strong>\u00a0Almizcle, s\u00e1ndalo, vainilla.<\/div>\n<\/div>\n","protected":false},"excerpt":{"rendered":"<p>PREMIER SOIR EDEN Un homenaje a la feminidad en su m\u00e1xima expresi\u00f3n. Premier Soir Eden de Elodie Roy es una<\/p>\n","protected":false},"featured_media":87099,"comment_status":"open","ping_status":"closed","template":"","meta":{"nf_dc_page":""},"product_brand":[1837],"product_cat":[84],"product_tag":[3141],"class_list":{"0":"post-87097","1":"product","2":"type-product","3":"status-publish","4":"has-post-thumbnail","6":"product_brand-elodie-roy","7":"product_cat-perfumeria","8":"product_tag-3141","10":"first","11":"instock","12":"shipping-taxable","13":"purchasable","14":"product-type-simple"},"_links":{"self":[{"href":"https:\/\/brandss.com.py\/index\/wp-json\/wp\/v2\/product\/87097","targetHints":{"allow":["GET"]}}],"collection":[{"href":"https:\/\/brandss.com.py\/index\/wp-json\/wp\/v2\/product"}],"about":[{"href":"https:\/\/brandss.com.py\/index\/wp-json\/wp\/v2\/types\/product"}],"replies":[{"embeddable":true,"href":"https:\/\/brandss.com.py\/index\/wp-json\/wp\/v2\/comments?post=87097"}],"version-history":[{"count":1,"href":"https:\/\/brandss.com.py\/index\/wp-json\/wp\/v2\/product\/87097\/revisions"}],"predecessor-version":[{"id":87103,"href":"https:\/\/brandss.com.py\/index\/wp-json\/wp\/v2\/product\/87097\/revisions\/87103"}],"wp:featuredmedia":[{"embeddable":true,"href":"https:\/\/brandss.com.py\/index\/wp-json\/wp\/v2\/media\/87099"}],"wp:attachment":[{"href":"https:\/\/brandss.com.py\/index\/wp-json\/wp\/v2\/media?parent=87097"}],"wp:term":[{"taxonomy":"product_brand","embeddable":true,"href":"https:\/\/brandss.com.py\/index\/wp-json\/wp\/v2\/product_brand?post=87097"},{"taxonomy":"product_cat","embeddable":true,"href":"https:\/\/brandss.com.py\/index\/wp-json\/wp\/v2\/product_cat?post=87097"},{"taxonomy":"product_tag","embeddable":true,"href":"https:\/\/brandss.com.py\/index\/wp-json\/wp\/v2\/product_tag?post=87097"}],"curies":[{"name":"wp","href":"https:\/\/api.w.org\/{rel}","templated":true}]}}