{"id":87108,"date":"2025-07-26T14:40:02","date_gmt":"2025-07-26T14:40:02","guid":{"rendered":"https:\/\/brandss.com.py\/index\/?post_type=product&#038;p=87108"},"modified":"2026-03-20T13:58:10","modified_gmt":"2026-03-20T13:58:10","slug":"perfume-femenino-pascal-morabito-perle-royale-edp-1ooml","status":"publish","type":"product","link":"https:\/\/brandss.com.py\/index\/producto\/perfume-femenino-pascal-morabito-perle-royale-edp-1ooml\/","title":{"rendered":"PERFUME FEMENINO PASCAL MORABITO PERLE ROYALE EDP 1OOML"},"content":{"rendered":"<p><img loading=\"lazy\" decoding=\"async\" class=\"\" src=\"https:\/\/parfumspascalmorabito.com\/cdn\/shop\/files\/Parfums_PM_Paris_noir_983e73bd-628a-453c-9b8a-15808ed9f3c1.png?v=1630519274&amp;width=800\" alt=\"Bois &amp; Or \u2013 Pascal Morabito\" width=\"124\" height=\"45\" \/><\/p>\n<h1>PERLE ROYALE<\/h1>\n<div class=\"product-excerpt\" data-content-field=\"excerpt\"><span>Una maravillosa silueta se desvanece voluptuosamente, dejando tras de s\u00ed solo una deliciosa estela soleada, como una afirmaci\u00f3n de feminidad. Una gloriosa fragancia oriental con un toque gourmandise. Combina el iris con la fuerza del pachul\u00ed y la dulzura del jazm\u00edn. Una mezcla de vainilla y pralin\u00e9 concluye esta partitura.<img loading=\"lazy\" decoding=\"async\" class=\"alignleft\" src=\"https:\/\/m.media-amazon.com\/images\/I\/61ff09PUmvL._SL1500_.jpg\" width=\"582\" height=\"582\" \/><\/span><\/div>\n<div data-content-field=\"excerpt\"><\/div>\n<h3 data-content-field=\"excerpt\">Notas Olfativas<\/h3>\n<div data-content-field=\"excerpt\"><\/div>\n<div class=\"product-excerpt\" data-content-field=\"excerpt\">Perle Royale es una fragancia floral frutal que equilibra elegancia y dulzura. Abre con un toque vibrante de flor de azahar, elemi y mandarina, seguido por un coraz\u00f3n envolvente de ciruela, jazm\u00edn e iris. El fondo de pralin\u00e9, patchouli, vainilla y almizcle crea una estela c\u00e1lida y sofisticada. Ideal para mujeres con estilo y presencia. Un perfume perfecto para destacar en ocasiones especiales con gracia y distinci\u00f3n.<\/div>\n<div data-content-field=\"excerpt\"><\/div>\n<div class=\"product-excerpt\" data-content-field=\"excerpt\">\n<div class=\"product-excerpt\" data-content-field=\"excerpt\"><span><strong>Notas de salida:<\/strong> mandarina, elem\u00ed, flor de naranja.<\/span><\/div>\n<div class=\"product-excerpt\" data-content-field=\"excerpt\">\n<span><strong>Notas de coraz\u00f3n:<\/strong> jazm\u00edn, iris, ciruela.<\/span><\/div>\n<div class=\"product-excerpt\" data-content-field=\"excerpt\">\n<span><strong>Notas de fondo:<\/strong> pachul\u00ed, vainilla, pralin\u00e9.<\/span><\/div>\n<\/div>\n","protected":false},"excerpt":{"rendered":"<p>PERLE ROYALE Una maravillosa silueta se desvanece voluptuosamente, dejando tras de s\u00ed solo una deliciosa estela soleada, como una afirmaci\u00f3n<\/p>\n","protected":false},"featured_media":87109,"comment_status":"open","ping_status":"closed","template":"","meta":{"nf_dc_page":""},"product_brand":[],"product_cat":[84],"product_tag":[],"class_list":{"0":"post-87108","1":"product","2":"type-product","3":"status-publish","4":"has-post-thumbnail","6":"product_cat-perfumeria","8":"first","9":"outofstock","10":"shipping-taxable","11":"purchasable","12":"product-type-simple"},"_links":{"self":[{"href":"https:\/\/brandss.com.py\/index\/wp-json\/wp\/v2\/product\/87108","targetHints":{"allow":["GET"]}}],"collection":[{"href":"https:\/\/brandss.com.py\/index\/wp-json\/wp\/v2\/product"}],"about":[{"href":"https:\/\/brandss.com.py\/index\/wp-json\/wp\/v2\/types\/product"}],"replies":[{"embeddable":true,"href":"https:\/\/brandss.com.py\/index\/wp-json\/wp\/v2\/comments?post=87108"}],"version-history":[{"count":1,"href":"https:\/\/brandss.com.py\/index\/wp-json\/wp\/v2\/product\/87108\/revisions"}],"predecessor-version":[{"id":87115,"href":"https:\/\/brandss.com.py\/index\/wp-json\/wp\/v2\/product\/87108\/revisions\/87115"}],"wp:featuredmedia":[{"embeddable":true,"href":"https:\/\/brandss.com.py\/index\/wp-json\/wp\/v2\/media\/87109"}],"wp:attachment":[{"href":"https:\/\/brandss.com.py\/index\/wp-json\/wp\/v2\/media?parent=87108"}],"wp:term":[{"taxonomy":"product_brand","embeddable":true,"href":"https:\/\/brandss.com.py\/index\/wp-json\/wp\/v2\/product_brand?post=87108"},{"taxonomy":"product_cat","embeddable":true,"href":"https:\/\/brandss.com.py\/index\/wp-json\/wp\/v2\/product_cat?post=87108"},{"taxonomy":"product_tag","embeddable":true,"href":"https:\/\/brandss.com.py\/index\/wp-json\/wp\/v2\/product_tag?post=87108"}],"curies":[{"name":"wp","href":"https:\/\/api.w.org\/{rel}","templated":true}]}}