{"id":87122,"date":"2025-07-26T17:40:49","date_gmt":"2025-07-26T17:40:49","guid":{"rendered":"https:\/\/brandss.com.py\/index\/?post_type=product&#038;p=87122"},"modified":"2026-05-06T16:54:10","modified_gmt":"2026-05-06T16:54:10","slug":"perfume-femenino-pascal-morabito-or-boreal-edp-100ml","status":"publish","type":"product","link":"https:\/\/brandss.com.py\/index\/producto\/perfume-femenino-pascal-morabito-or-boreal-edp-100ml\/","title":{"rendered":"PERFUME FEMENINO PASCAL MORABITO OR BOREAL EDP 100ML"},"content":{"rendered":"<p><img loading=\"lazy\" decoding=\"async\" class=\"\" src=\"https:\/\/parfumspascalmorabito.com\/cdn\/shop\/files\/Parfums_PM_Paris_noir_983e73bd-628a-453c-9b8a-15808ed9f3c1.png?v=1630519274&amp;width=800\" alt=\"Bois &amp; Or \u2013 Pascal Morabito\" width=\"113\" height=\"41\" \/><\/p>\n<h1>OR BOREAL<\/h1>\n<p><span class=\"a-list-item\">Aroma femenino perfectamente equilibrado. Hermoso y vers\u00e1til, este perfume es el aroma femenino suave perfecto. <\/span><span class=\"a-list-item\">Una esencia sofisticada y agradable. Las notas superiores florales naturales florecen con bergamota, jazm\u00edn y fresia. La vainilla, el frijol tonka y el heliotropo a\u00f1aden profundidad, mientras que el s\u00e1ndalo, el pachul\u00ed y el almizcle dan sensualidad a esta creaci\u00f3n et\u00e9rea.<\/span><\/p>\n<p><span class=\"a-list-item\"><strong>UNA OBRA DE ARTE.<\/strong><img decoding=\"async\" class=\"alignleft\" src=\"https:\/\/m.media-amazon.com\/images\/I\/716v+sEbArL._SX466_.jpg\" \/> <\/span><\/p>\n<p><span class=\"a-list-item\">La impresionante botella distintiva de esta fragancia dulce y matizada cuenta con un atomizador de niebla fina que dispersa uniformemente el spray en polvo.<\/span><\/p>\n<h3>Notas Olfativas<\/h3>\n<p>Or Boreal de Pascal Morabito es una fragancia de la familia vainilla \u00e1mbar especiado que combina dulzura, elegancia y calidez. Su apertura floral con bergamota, jazm\u00edn y fresia da paso a un coraz\u00f3n cremoso de vainilla, tonka y heliotropo. El fondo de s\u00e1ndalo, patchouli y almizcle envuelve con sofisticaci\u00f3n. Ideal para quienes buscan un aroma envolvente y femenino.<\/p>\n<p><strong>Notas de salida:<\/strong> Bergamota, jazm\u00edn y fresia.<\/p>\n<p><strong>Notas de coraz\u00f3n:<\/strong> Haba tonka, vainilla y heliotropo.<\/p>\n<p><strong>Notas de fondo:<\/strong> S\u00e1ndalo, pachul\u00ed y almizcle<\/p>\n","protected":false},"excerpt":{"rendered":"<p>OR BOREAL Aroma femenino perfectamente equilibrado. Hermoso y vers\u00e1til, este perfume es el aroma femenino suave perfecto. Una esencia sofisticada<\/p>\n","protected":false},"featured_media":87123,"comment_status":"open","ping_status":"closed","template":"","meta":{"nf_dc_page":""},"product_brand":[2041],"product_cat":[84],"product_tag":[3206],"class_list":{"0":"post-87122","1":"product","2":"type-product","3":"status-publish","4":"has-post-thumbnail","6":"product_brand-pascal-morabito","7":"product_cat-perfumeria","8":"product_tag-3206","10":"first","11":"instock","12":"shipping-taxable","13":"purchasable","14":"product-type-simple"},"_links":{"self":[{"href":"https:\/\/brandss.com.py\/index\/wp-json\/wp\/v2\/product\/87122","targetHints":{"allow":["GET"]}}],"collection":[{"href":"https:\/\/brandss.com.py\/index\/wp-json\/wp\/v2\/product"}],"about":[{"href":"https:\/\/brandss.com.py\/index\/wp-json\/wp\/v2\/types\/product"}],"replies":[{"embeddable":true,"href":"https:\/\/brandss.com.py\/index\/wp-json\/wp\/v2\/comments?post=87122"}],"version-history":[{"count":2,"href":"https:\/\/brandss.com.py\/index\/wp-json\/wp\/v2\/product\/87122\/revisions"}],"predecessor-version":[{"id":103391,"href":"https:\/\/brandss.com.py\/index\/wp-json\/wp\/v2\/product\/87122\/revisions\/103391"}],"wp:featuredmedia":[{"embeddable":true,"href":"https:\/\/brandss.com.py\/index\/wp-json\/wp\/v2\/media\/87123"}],"wp:attachment":[{"href":"https:\/\/brandss.com.py\/index\/wp-json\/wp\/v2\/media?parent=87122"}],"wp:term":[{"taxonomy":"product_brand","embeddable":true,"href":"https:\/\/brandss.com.py\/index\/wp-json\/wp\/v2\/product_brand?post=87122"},{"taxonomy":"product_cat","embeddable":true,"href":"https:\/\/brandss.com.py\/index\/wp-json\/wp\/v2\/product_cat?post=87122"},{"taxonomy":"product_tag","embeddable":true,"href":"https:\/\/brandss.com.py\/index\/wp-json\/wp\/v2\/product_tag?post=87122"}],"curies":[{"name":"wp","href":"https:\/\/api.w.org\/{rel}","templated":true}]}}