{"id":87138,"date":"2025-07-26T19:15:23","date_gmt":"2025-07-26T19:15:23","guid":{"rendered":"https:\/\/brandss.com.py\/index\/?post_type=product&#038;p=87138"},"modified":"2025-12-09T17:13:37","modified_gmt":"2025-12-09T17:13:37","slug":"perfume-unisex-miris-sulit-edp-100ml","status":"publish","type":"product","link":"https:\/\/brandss.com.py\/index\/producto\/perfume-unisex-miris-sulit-edp-100ml\/","title":{"rendered":"PERFUME UNISEX MIRIS SULIT EDP 100ML"},"content":{"rendered":"<p><img loading=\"lazy\" decoding=\"async\" class=\"\" src=\"https:\/\/m.media-amazon.com\/images\/S\/stores-image-uploads-na-prod\/6\/AmazonStores\/ATVPDKIKX0DER\/c8cf771b866dcecd96dab8a622a195db.w3300.h1601.jpg\" alt=\"Amazon.com: MIRIS\" width=\"58\" height=\"28\" \/><\/p>\n<h1>SULIT<\/h1>\n<p>Una lujosa fragancia oriental que es seductora y tiene un aroma atractivo. La fragancia est\u00e1 dise\u00f1ada de manera perfecta y meticulosa para adaptarse tanto a hombres como a mujeres. Disfruta de una nueva y distintiva experiencia arom\u00e1tica que cautivar\u00e1 tus sentidos desde el primer toque. La fragancia tambi\u00e9n se caracteriza por la fuerza de su aroma que perdura durante largas horas sin desvanecerse.<\/p>\n<div class=\"elementor-element elementor-element-615c9f5b elementor-widget elementor-widget-woocommerce-product-short-description\" data-id=\"615c9f5b\" data-element_type=\"widget\" data-widget_type=\"woocommerce-product-short-description.default\">\n<div class=\"woocommerce-product-details__short-description\">\n<p>Una experiencia arom\u00e1tica que combina la elegancia con el lujo cotidiano. Miris Sulit est\u00e1 dise\u00f1ado para quienes buscan sofisticaci\u00f3n sin concesiones.<\/p>\n<ul>\n<li>Miris Sulit Eau de Parfume. Concentraci\u00f3n duradera de Eau de Parfum.\u00a0Ideal tanto para el d\u00eda como para la noche.<\/li>\n<li>Un embalaje elegante y sofisticado que refleja la belleza interior.<\/li>\n<li>Un aroma que evoluciona maravillosamente sobre la piel, dejando una estela caracter\u00edstica de confianza y encanto.<\/li>\n<li>Lujo que se siente gratificante: calidad superior a un valor que realmente vale la pena.<\/li>\n<\/ul>\n<\/div>\n<\/div>\n<div class=\"elementor-element elementor-element-5dd7a7b7 elementor-widget-divider--view-line elementor-widget elementor-widget-divider\" data-id=\"5dd7a7b7\" data-element_type=\"widget\" data-widget_type=\"divider.default\">\n<div class=\"elementor-divider\"><\/div>\n<\/div>\n","protected":false},"excerpt":{"rendered":"<p>SULIT Una lujosa fragancia oriental que es seductora y tiene un aroma atractivo. La fragancia est\u00e1 dise\u00f1ada de manera perfecta<\/p>\n","protected":false},"featured_media":87140,"comment_status":"open","ping_status":"closed","template":"","meta":{"nf_dc_page":""},"product_brand":[1445],"product_cat":[84],"product_tag":[1446],"class_list":{"0":"post-87138","1":"product","2":"type-product","3":"status-publish","4":"has-post-thumbnail","6":"product_brand-miris","7":"product_cat-perfumeria","8":"product_tag-1446","10":"first","11":"instock","12":"shipping-taxable","13":"purchasable","14":"product-type-simple"},"_links":{"self":[{"href":"https:\/\/brandss.com.py\/index\/wp-json\/wp\/v2\/product\/87138","targetHints":{"allow":["GET"]}}],"collection":[{"href":"https:\/\/brandss.com.py\/index\/wp-json\/wp\/v2\/product"}],"about":[{"href":"https:\/\/brandss.com.py\/index\/wp-json\/wp\/v2\/types\/product"}],"replies":[{"embeddable":true,"href":"https:\/\/brandss.com.py\/index\/wp-json\/wp\/v2\/comments?post=87138"}],"version-history":[{"count":2,"href":"https:\/\/brandss.com.py\/index\/wp-json\/wp\/v2\/product\/87138\/revisions"}],"predecessor-version":[{"id":87143,"href":"https:\/\/brandss.com.py\/index\/wp-json\/wp\/v2\/product\/87138\/revisions\/87143"}],"wp:featuredmedia":[{"embeddable":true,"href":"https:\/\/brandss.com.py\/index\/wp-json\/wp\/v2\/media\/87140"}],"wp:attachment":[{"href":"https:\/\/brandss.com.py\/index\/wp-json\/wp\/v2\/media?parent=87138"}],"wp:term":[{"taxonomy":"product_brand","embeddable":true,"href":"https:\/\/brandss.com.py\/index\/wp-json\/wp\/v2\/product_brand?post=87138"},{"taxonomy":"product_cat","embeddable":true,"href":"https:\/\/brandss.com.py\/index\/wp-json\/wp\/v2\/product_cat?post=87138"},{"taxonomy":"product_tag","embeddable":true,"href":"https:\/\/brandss.com.py\/index\/wp-json\/wp\/v2\/product_tag?post=87138"}],"curies":[{"name":"wp","href":"https:\/\/api.w.org\/{rel}","templated":true}]}}