{"id":87144,"date":"2025-07-28T11:29:32","date_gmt":"2025-07-28T11:29:32","guid":{"rendered":"https:\/\/brandss.com.py\/index\/?post_type=product&#038;p=87144"},"modified":"2025-12-09T17:14:06","modified_gmt":"2025-12-09T17:14:06","slug":"perfume-unisex-miris-lagon-edp-100ml","status":"publish","type":"product","link":"https:\/\/brandss.com.py\/index\/producto\/perfume-unisex-miris-lagon-edp-100ml\/","title":{"rendered":"PERFUME UNISEX MIRIS LAGON EDP 100ML"},"content":{"rendered":"<p><img loading=\"lazy\" decoding=\"async\" class=\"\" src=\"https:\/\/m.media-amazon.com\/images\/S\/stores-image-uploads-na-prod\/6\/AmazonStores\/ATVPDKIKX0DER\/c8cf771b866dcecd96dab8a622a195db.w3300.h1601.jpg\" alt=\"Amazon.com: MIRIS\" width=\"90\" height=\"44\" \/><\/p>\n<h1>LAGON<\/h1>\n<p><span dir=\"auto\">Descubre la esencia del equilibrio perfecto con la \u00faltima creaci\u00f3n de Miris, Lagom. Creada por la reconocida casa de dise\u00f1o Miris, esta fragancia unisex te invita a explorar un mundo donde la armon\u00eda y la sofisticaci\u00f3n se fusionan a la perfecci\u00f3n. El aroma Lagom es un testimonio del arte de la moderaci\u00f3n, ofreciendo una experiencia olfativa delicada pero profunda, en su punto justo. Ideal para quienes aprecian la sutileza en la intensidad, este Eau de Parfum es una obra maestra de la ingenier\u00eda de fragancias, envuelto en una elegante botella que revela la refinada esencia de su contenido.<\/span><\/p>\n<p><span dir=\"auto\">El nombre \u00abLagom\u00bb, que significa \u00abla cantidad justa\u00bb en sueco, encapsula la esencia de esta fragancia. No es abrumadora, pero s\u00ed inconfundiblemente presente, lo que la hace ideal para cualquier ocasi\u00f3n, ya sea un d\u00eda en la oficina o una salida nocturna. Su versatilidad la convierte en la adici\u00f3n perfecta a las colecciones de fragancias para hombres y mujeres. Con una mezcla \u00fanica de ingredientes, Lagom promete un viaje sensorial a la vez vigorizante y relajante, un hallazgo poco com\u00fan en el mundo de los perfumes.<\/span><\/p>\n<p><span dir=\"auto\">Cada rociado de este Eau de Parfum despliega una sinfon\u00eda de aromas que cautiva los sentidos. El atractivo unisex de Lagom es una fragancia extraordinaria que encarna el esp\u00edritu de la modernidad y el encanto atemporal.<\/span><\/p>\n<p><span dir=\"auto\">Adopta la filosof\u00eda de la dosis justa con Miris Unisex Lagom. Es m\u00e1s que una simple fragancia; es una invitaci\u00f3n a vivir la vida con equilibrio y belleza. Como parte de tu ritual diario o para ocasiones especiales, este perfume realzar\u00e1 tu presencia con un aroma memorable y encantador. Deja que la armoniosa mezcla de Lagom te gu\u00ede cada d\u00eda con confianza y gracia, convirtiendo cada momento en una oportunidad para dejar una huella imborrable.<\/span><\/p>\n<h3>Notas Olfativas<\/h3>\n<p><span dir=\"auto\">Lagon es una elegante fragancia\u00a0<\/span><span dir=\"auto\">oriental-amaderada<\/span>\u00a0<span dir=\"auto\">para hombres y mujeres.<\/span><\/p>\n<ul>\n<li><span dir=\"auto\"><strong>Notas de salida:<\/strong> bergamota.<\/span><\/li>\n<li><span dir=\"auto\"><strong>Notas de coraz\u00f3n:<\/strong> nardos y flor de naranja.<\/span><\/li>\n<li><span dir=\"auto\"><strong>Notas de fondo:<\/strong> s\u00e1ndalo, vainilla y \u00e1mbar.<\/span><\/li>\n<\/ul>\n","protected":false},"excerpt":{"rendered":"<p>LAGON Descubre la esencia del equilibrio perfecto con la \u00faltima creaci\u00f3n de Miris, Lagom. Creada por la reconocida casa de<\/p>\n","protected":false},"featured_media":87145,"comment_status":"open","ping_status":"closed","template":"","meta":{"nf_dc_page":""},"product_brand":[1445],"product_cat":[84],"product_tag":[1447],"class_list":{"0":"post-87144","1":"product","2":"type-product","3":"status-publish","4":"has-post-thumbnail","6":"product_brand-miris","7":"product_cat-perfumeria","8":"product_tag-1447","10":"first","11":"instock","12":"shipping-taxable","13":"purchasable","14":"product-type-simple"},"_links":{"self":[{"href":"https:\/\/brandss.com.py\/index\/wp-json\/wp\/v2\/product\/87144","targetHints":{"allow":["GET"]}}],"collection":[{"href":"https:\/\/brandss.com.py\/index\/wp-json\/wp\/v2\/product"}],"about":[{"href":"https:\/\/brandss.com.py\/index\/wp-json\/wp\/v2\/types\/product"}],"replies":[{"embeddable":true,"href":"https:\/\/brandss.com.py\/index\/wp-json\/wp\/v2\/comments?post=87144"}],"version-history":[{"count":1,"href":"https:\/\/brandss.com.py\/index\/wp-json\/wp\/v2\/product\/87144\/revisions"}],"predecessor-version":[{"id":87149,"href":"https:\/\/brandss.com.py\/index\/wp-json\/wp\/v2\/product\/87144\/revisions\/87149"}],"wp:featuredmedia":[{"embeddable":true,"href":"https:\/\/brandss.com.py\/index\/wp-json\/wp\/v2\/media\/87145"}],"wp:attachment":[{"href":"https:\/\/brandss.com.py\/index\/wp-json\/wp\/v2\/media?parent=87144"}],"wp:term":[{"taxonomy":"product_brand","embeddable":true,"href":"https:\/\/brandss.com.py\/index\/wp-json\/wp\/v2\/product_brand?post=87144"},{"taxonomy":"product_cat","embeddable":true,"href":"https:\/\/brandss.com.py\/index\/wp-json\/wp\/v2\/product_cat?post=87144"},{"taxonomy":"product_tag","embeddable":true,"href":"https:\/\/brandss.com.py\/index\/wp-json\/wp\/v2\/product_tag?post=87144"}],"curies":[{"name":"wp","href":"https:\/\/api.w.org\/{rel}","templated":true}]}}