{"id":87150,"date":"2025-07-28T12:10:21","date_gmt":"2025-07-28T12:10:21","guid":{"rendered":"https:\/\/brandss.com.py\/index\/?post_type=product&#038;p=87150"},"modified":"2025-11-24T12:45:15","modified_gmt":"2025-11-24T12:45:15","slug":"perfume-unisex-miris-estelle-edp-100ml","status":"publish","type":"product","link":"https:\/\/brandss.com.py\/index\/producto\/perfume-unisex-miris-estelle-edp-100ml\/","title":{"rendered":"PERFUME UNISEX MIRIS ESTELLE EDP 100ML"},"content":{"rendered":"<p><img loading=\"lazy\" decoding=\"async\" class=\"\" src=\"https:\/\/m.media-amazon.com\/images\/S\/stores-image-uploads-na-prod\/6\/AmazonStores\/ATVPDKIKX0DER\/c8cf771b866dcecd96dab8a622a195db.w3300.h1601.jpg\" alt=\"Amazon.com: MIRIS\" width=\"105\" height=\"51\" \/><\/p>\n<h1>ESTELLE<\/h1>\n<p><span dir=\"auto\">Es una fragancia lujosa que irradia elegancia y sofisticaci\u00f3n. Ideal para el d\u00eda a d\u00eda o para ocasiones especiales, este perfume ofrece una cautivadora combinaci\u00f3n de aromas que realzan tu encanto natural.<\/span><\/p>\n<p><span dir=\"auto\">Dise\u00f1ado para cautivar e inspirar, este EDP combina una gama de aromas atemporales y contempor\u00e1neos. Ya sea para ir a la oficina o para una aventura nocturna, Estelle ofrece una presencia sutil pero profunda que realza tu encanto natural. Su versatilidad lo convierte en el accesorio perfecto para cualquier ocasi\u00f3n, encarnando la esencia de ambos sexos en una combinaci\u00f3n armoniosa.<\/span><\/p>\n<p><span dir=\"auto\">La belleza de Estelle reside en su capacidad de trascender lo com\u00fan, ofreciendo una fragancia fascinante y familiar. Como catador, tienes la oportunidad \u00fanica de explorar esta obra maestra de la fragancia antes que nadie. Es una invitaci\u00f3n a embarcarte en un viaje sensorial que promete dejar una huella imborrable. Tanto si buscas expresar tu individualidad como un regalo que destaque, Estelle es la personificaci\u00f3n de la sofisticaci\u00f3n y el encanto.<\/span><\/p>\n<p><strong><span dir=\"auto\">Larga duraci\u00f3n:<\/span><\/strong><span dir=\"auto\">\u00a0disfruta de una fragancia que dura todo el d\u00eda.<\/span><\/p>\n<p><strong><span dir=\"auto\">Dise\u00f1o elegante:<\/span><\/strong><span dir=\"auto\">\u00a0cuenta con una botella bellamente dise\u00f1ada que agrega un toque de lujo a su tocador.<\/span><\/p>\n<p><strong><span dir=\"auto\">Vers\u00e1til:<\/span><\/strong><span dir=\"auto\">\u00a0adecuado tanto para uso diurno como nocturno.<\/span><\/p>\n<h3><strong><span dir=\"auto\">Notas Olfativas<\/span><\/strong><\/h3>\n<p><strong><span dir=\"auto\"><br \/>\n<\/span><\/strong><span dir=\"auto\">Sum\u00e9rgete en el arte de la fragancia con Estelle. Este perfume te permitir\u00e1 descubrir una fragancia que desaf\u00eda todas las expectativas, fusionando tradici\u00f3n e innovaci\u00f3n en cada rociado. Deja que Estelle te gu\u00ede en una aventura olfativa tan \u00fanica como t\u00fa. Con su atractivo unisex y su esencia cautivadora, Estelle se convertir\u00e1 en un cl\u00e1sico de la perfumer\u00eda de lujo.<\/span><strong><span dir=\"auto\"><br \/>\n<\/span><\/strong><\/p>\n<ul>\n<li><strong><span dir=\"auto\">Notas de salida:<\/span><\/strong><span dir=\"auto\"> Notas c\u00edtricas y elementos frutales.<\/span><\/li>\n<li><strong><span dir=\"auto\">Notas de Coraz\u00f3n:<\/span><\/strong><span dir=\"auto\"> Jazm\u00edn, rosa y lirio de los valles.<\/span><\/li>\n<li><strong><span dir=\"auto\">Notas de base:<\/span><\/strong><span dir=\"auto\"> S\u00e1ndalo, vainilla y almizcle.<\/span><\/li>\n<\/ul>\n","protected":false},"excerpt":{"rendered":"<p>ESTELLE Es una fragancia lujosa que irradia elegancia y sofisticaci\u00f3n. Ideal para el d\u00eda a d\u00eda o para ocasiones especiales,<\/p>\n","protected":false},"featured_media":87151,"comment_status":"open","ping_status":"closed","template":"","meta":{"nf_dc_page":""},"product_brand":[1445],"product_cat":[84],"product_tag":[1448],"class_list":{"0":"post-87150","1":"product","2":"type-product","3":"status-publish","4":"has-post-thumbnail","6":"product_brand-miris","7":"product_cat-perfumeria","8":"product_tag-1448","10":"first","11":"instock","12":"shipping-taxable","13":"purchasable","14":"product-type-simple"},"_links":{"self":[{"href":"https:\/\/brandss.com.py\/index\/wp-json\/wp\/v2\/product\/87150","targetHints":{"allow":["GET"]}}],"collection":[{"href":"https:\/\/brandss.com.py\/index\/wp-json\/wp\/v2\/product"}],"about":[{"href":"https:\/\/brandss.com.py\/index\/wp-json\/wp\/v2\/types\/product"}],"replies":[{"embeddable":true,"href":"https:\/\/brandss.com.py\/index\/wp-json\/wp\/v2\/comments?post=87150"}],"version-history":[{"count":1,"href":"https:\/\/brandss.com.py\/index\/wp-json\/wp\/v2\/product\/87150\/revisions"}],"predecessor-version":[{"id":87154,"href":"https:\/\/brandss.com.py\/index\/wp-json\/wp\/v2\/product\/87150\/revisions\/87154"}],"wp:featuredmedia":[{"embeddable":true,"href":"https:\/\/brandss.com.py\/index\/wp-json\/wp\/v2\/media\/87151"}],"wp:attachment":[{"href":"https:\/\/brandss.com.py\/index\/wp-json\/wp\/v2\/media?parent=87150"}],"wp:term":[{"taxonomy":"product_brand","embeddable":true,"href":"https:\/\/brandss.com.py\/index\/wp-json\/wp\/v2\/product_brand?post=87150"},{"taxonomy":"product_cat","embeddable":true,"href":"https:\/\/brandss.com.py\/index\/wp-json\/wp\/v2\/product_cat?post=87150"},{"taxonomy":"product_tag","embeddable":true,"href":"https:\/\/brandss.com.py\/index\/wp-json\/wp\/v2\/product_tag?post=87150"}],"curies":[{"name":"wp","href":"https:\/\/api.w.org\/{rel}","templated":true}]}}