{"id":87155,"date":"2025-07-28T12:49:59","date_gmt":"2025-07-28T12:49:59","guid":{"rendered":"https:\/\/brandss.com.py\/index\/?post_type=product&#038;p=87155"},"modified":"2025-12-09T17:14:44","modified_gmt":"2025-12-09T17:14:44","slug":"perfume-masculino-miris-alpas-edp-100ml","status":"publish","type":"product","link":"https:\/\/brandss.com.py\/index\/producto\/perfume-masculino-miris-alpas-edp-100ml\/","title":{"rendered":"PERFUME MASCULINO MIRIS ALPAS EDP 100ML"},"content":{"rendered":"<p><img loading=\"lazy\" decoding=\"async\" class=\"\" src=\"https:\/\/m.media-amazon.com\/images\/S\/stores-image-uploads-na-prod\/6\/AmazonStores\/ATVPDKIKX0DER\/c8cf771b866dcecd96dab8a622a195db.w3300.h1601.jpg\" alt=\"Amazon.com: MIRIS\" width=\"66\" height=\"32\" \/><\/p>\n<h1>ALPAS<\/h1>\n<p>Es una cautivadora fragancia que encarna la sofisticaci\u00f3n moderna y la elegancia atemporal.. Introducida en 2020, esta fragancia contempor\u00e1nea se abre con notas de salida frescas y vigorizantes de bergamota y lim\u00f3n que crean una primera impresi\u00f3n estimulante y en\u00e9rgica.. La composici\u00f3n evoluciona hacia una mezcla armoniosa que representa el compromiso de la marca con la calidad y la artesan\u00eda, haci\u00e9ndola perfecta para quienes aprecian los aromas refinados y distintivos.<\/p>\n<p><span dir=\"auto\">Una fragancia atractiva y sexy, caracterizada por su encantadora mezcla arom\u00e1tica.<\/span><\/p>\n<p><span dir=\"auto\">La fragancia est\u00e1 enriquecida con los mejores ingredientes naturales cuidadosamente seleccionados.<\/span><\/p>\n<p><span dir=\"auto\">A\u00f1ade un toque especial a tu look con esta fragancia \u00fanica.<\/span><\/p>\n<p><span dir=\"auto\">Mejora tus sentimientos de confianza en ti mismo y disfruta de una sensaci\u00f3n de frescura y alegr\u00eda con esta maravillosa fragancia.<\/span><\/p>\n<h3><\/h3>\n<h3>Notas Olfativas<\/h3>\n<p>&nbsp;<\/p>\n<ul class=\"notes cf\">\n<li><span class=\"right\"><strong>Notas de salida:<\/strong> bergamota, lim\u00f3n.<\/span><\/li>\n<li><span class=\"right\"><strong>Notas de coraz\u00f3n:<\/strong> jazm\u00edn, rosa, cedro.\u00a0<\/span><\/li>\n<li><strong>Notas de fondo:<\/strong> Almizcle, \u00e1mbar, vainilla.<\/li>\n<\/ul>\n","protected":false},"excerpt":{"rendered":"<p>ALPAS Es una cautivadora fragancia que encarna la sofisticaci\u00f3n moderna y la elegancia atemporal.. Introducida en 2020, esta fragancia contempor\u00e1nea<\/p>\n","protected":false},"featured_media":87157,"comment_status":"open","ping_status":"closed","template":"","meta":{"nf_dc_page":""},"product_brand":[1445],"product_cat":[84],"product_tag":[1449],"class_list":{"0":"post-87155","1":"product","2":"type-product","3":"status-publish","4":"has-post-thumbnail","6":"product_brand-miris","7":"product_cat-perfumeria","8":"product_tag-1449","10":"first","11":"instock","12":"shipping-taxable","13":"purchasable","14":"product-type-simple"},"_links":{"self":[{"href":"https:\/\/brandss.com.py\/index\/wp-json\/wp\/v2\/product\/87155","targetHints":{"allow":["GET"]}}],"collection":[{"href":"https:\/\/brandss.com.py\/index\/wp-json\/wp\/v2\/product"}],"about":[{"href":"https:\/\/brandss.com.py\/index\/wp-json\/wp\/v2\/types\/product"}],"replies":[{"embeddable":true,"href":"https:\/\/brandss.com.py\/index\/wp-json\/wp\/v2\/comments?post=87155"}],"version-history":[{"count":2,"href":"https:\/\/brandss.com.py\/index\/wp-json\/wp\/v2\/product\/87155\/revisions"}],"predecessor-version":[{"id":87161,"href":"https:\/\/brandss.com.py\/index\/wp-json\/wp\/v2\/product\/87155\/revisions\/87161"}],"wp:featuredmedia":[{"embeddable":true,"href":"https:\/\/brandss.com.py\/index\/wp-json\/wp\/v2\/media\/87157"}],"wp:attachment":[{"href":"https:\/\/brandss.com.py\/index\/wp-json\/wp\/v2\/media?parent=87155"}],"wp:term":[{"taxonomy":"product_brand","embeddable":true,"href":"https:\/\/brandss.com.py\/index\/wp-json\/wp\/v2\/product_brand?post=87155"},{"taxonomy":"product_cat","embeddable":true,"href":"https:\/\/brandss.com.py\/index\/wp-json\/wp\/v2\/product_cat?post=87155"},{"taxonomy":"product_tag","embeddable":true,"href":"https:\/\/brandss.com.py\/index\/wp-json\/wp\/v2\/product_tag?post=87155"}],"curies":[{"name":"wp","href":"https:\/\/api.w.org\/{rel}","templated":true}]}}