{"id":87162,"date":"2025-07-28T14:04:52","date_gmt":"2025-07-28T14:04:52","guid":{"rendered":"https:\/\/brandss.com.py\/index\/?post_type=product&#038;p=87162"},"modified":"2025-12-09T17:15:10","modified_gmt":"2025-12-09T17:15:10","slug":"perfume-masculino-miris-tove-edp-100ml","status":"publish","type":"product","link":"https:\/\/brandss.com.py\/index\/producto\/perfume-masculino-miris-tove-edp-100ml\/","title":{"rendered":"PERFUME MASCULINO MIRIS TOVE EDP 100ML"},"content":{"rendered":"<p><img loading=\"lazy\" decoding=\"async\" class=\"\" src=\"https:\/\/m.media-amazon.com\/images\/S\/stores-image-uploads-na-prod\/6\/AmazonStores\/ATVPDKIKX0DER\/c8cf771b866dcecd96dab8a622a195db.w3300.h1601.jpg\" alt=\"Amazon.com: MIRIS\" width=\"79\" height=\"38\" \/><\/p>\n<h1>TOVE<\/h1>\n<p><span dir=\"auto\">Una fragancia lujosa y distintiva especialmente dise\u00f1ada para hombres que buscan lujo y sofisticaci\u00f3n. <\/span><span dir=\"auto\">La fragancia es rica en maravillosas mezclas arom\u00e1ticas extra\u00eddas de ingredientes naturales con precisi\u00f3n y cuidado. <\/span><span dir=\"auto\">La fragancia te proporciona un aroma masculino muy elegante y atractivo. <\/span><span dir=\"auto\">Te ayuda a aumentar tu confianza en ti mismo y a disfrutar de una sensaci\u00f3n de comodidad y frescura durante todo el d\u00eda.<\/span><\/p>\n<p><span dir=\"auto\">Esta fragancia distintiva es adecuada para todas tus ocasiones para mayor atractivo.<\/span><\/p>\n<h3>Notas Olfativas<\/h3>\n<p><span dir=\"auto\">Un perfume de aroma elegante para hombres. <\/span><\/p>\n<ul class=\"p0\" data-v-625c9aab=\"\" data-v-05085ffe=\"\">\n<li class=\"row\" data-v-625c9aab=\"\" data-v-05085ffe=\"\">\n<div class=\"col-md-2 p0\" data-v-625c9aab=\"\" data-v-05085ffe=\"\"><strong><span dir=\"auto\">Notas de salida:\u00a0 <\/span><\/strong><span dir=\"auto\">Clavo, cardamomo, canela, nuez moscada.<\/span><\/div>\n<\/li>\n<li class=\"row\" data-v-625c9aab=\"\" data-v-05085ffe=\"\">\n<div class=\"col-md-2 p0\" data-v-625c9aab=\"\" data-v-05085ffe=\"\"><strong><span dir=\"auto\">Notas de coraz\u00f3n: <\/span><\/strong><span dir=\"auto\">Geranio, rosa, cedro, cilantro.<\/span><\/div>\n<\/li>\n<li class=\"row\" data-v-625c9aab=\"\" data-v-05085ffe=\"\">\n<div class=\"col-md-2 p0\" data-v-625c9aab=\"\" data-v-05085ffe=\"\"><strong><span dir=\"auto\">Notas de fondo: <\/span><\/strong><span dir=\"auto\">L\u00e1dano, miel, s\u00e1ndalo, incienso.<\/span><\/div>\n<\/li>\n<\/ul>\n","protected":false},"excerpt":{"rendered":"<p>TOVE Una fragancia lujosa y distintiva especialmente dise\u00f1ada para hombres que buscan lujo y sofisticaci\u00f3n. La fragancia es rica en<\/p>\n","protected":false},"featured_media":87163,"comment_status":"open","ping_status":"closed","template":"","meta":{"nf_dc_page":""},"product_brand":[1445],"product_cat":[84],"product_tag":[1450],"class_list":{"0":"post-87162","1":"product","2":"type-product","3":"status-publish","4":"has-post-thumbnail","6":"product_brand-miris","7":"product_cat-perfumeria","8":"product_tag-1450","10":"first","11":"instock","12":"shipping-taxable","13":"purchasable","14":"product-type-simple"},"_links":{"self":[{"href":"https:\/\/brandss.com.py\/index\/wp-json\/wp\/v2\/product\/87162","targetHints":{"allow":["GET"]}}],"collection":[{"href":"https:\/\/brandss.com.py\/index\/wp-json\/wp\/v2\/product"}],"about":[{"href":"https:\/\/brandss.com.py\/index\/wp-json\/wp\/v2\/types\/product"}],"replies":[{"embeddable":true,"href":"https:\/\/brandss.com.py\/index\/wp-json\/wp\/v2\/comments?post=87162"}],"version-history":[{"count":1,"href":"https:\/\/brandss.com.py\/index\/wp-json\/wp\/v2\/product\/87162\/revisions"}],"predecessor-version":[{"id":87167,"href":"https:\/\/brandss.com.py\/index\/wp-json\/wp\/v2\/product\/87162\/revisions\/87167"}],"wp:featuredmedia":[{"embeddable":true,"href":"https:\/\/brandss.com.py\/index\/wp-json\/wp\/v2\/media\/87163"}],"wp:attachment":[{"href":"https:\/\/brandss.com.py\/index\/wp-json\/wp\/v2\/media?parent=87162"}],"wp:term":[{"taxonomy":"product_brand","embeddable":true,"href":"https:\/\/brandss.com.py\/index\/wp-json\/wp\/v2\/product_brand?post=87162"},{"taxonomy":"product_cat","embeddable":true,"href":"https:\/\/brandss.com.py\/index\/wp-json\/wp\/v2\/product_cat?post=87162"},{"taxonomy":"product_tag","embeddable":true,"href":"https:\/\/brandss.com.py\/index\/wp-json\/wp\/v2\/product_tag?post=87162"}],"curies":[{"name":"wp","href":"https:\/\/api.w.org\/{rel}","templated":true}]}}