{"id":87168,"date":"2025-07-28T16:39:43","date_gmt":"2025-07-28T16:39:43","guid":{"rendered":"https:\/\/brandss.com.py\/index\/?post_type=product&#038;p=87168"},"modified":"2025-12-09T17:15:27","modified_gmt":"2025-12-09T17:15:27","slug":"perfume-femenino-miris-romance-for-her-edp-100ml","status":"publish","type":"product","link":"https:\/\/brandss.com.py\/index\/producto\/perfume-femenino-miris-romance-for-her-edp-100ml\/","title":{"rendered":"PERFUME FEMENINO MIRIS ROMANCE FOR HER EDP 100ML"},"content":{"rendered":"<p><img loading=\"lazy\" decoding=\"async\" class=\"\" src=\"https:\/\/m.media-amazon.com\/images\/S\/stores-image-uploads-na-prod\/6\/AmazonStores\/ATVPDKIKX0DER\/c8cf771b866dcecd96dab8a622a195db.w3300.h1601.jpg\" alt=\"Amazon.com: MIRIS\" width=\"101\" height=\"49\" \/><\/p>\n<h1>ROMANCE FOR HER<\/h1>\n<p>Este perfume act\u00faa como una joya brillante y resplandeciente que corona tu feminidad y a\u00f1ade detalles especiales a tu belleza. Una fragancia vivaz y fragante evoca sentimientos y te otorga un atractivo especial que aumenta la fascinaci\u00f3n por tu mirada. Mima tu belleza y expresa tu feminidad con tu aroma distintivo con esta mezcla suave e impresionante. Una sensaci\u00f3n aterciopelada toca suavemente tu piel y estimula tu sensaci\u00f3n de confianza y fuerza hasta el \u00faltimo momento.<\/p>\n<h3>Notas Olfativas<\/h3>\n<ul>\n<li data-start=\"138\" data-end=\"179\">\n<p data-start=\"140\" data-end=\"179\"><span class=\"relative -mx-px my-[-0.2rem] rounded px-px py-[0.2rem] transition-colors duration-100 ease-in-out\"><strong data-start=\"0\" data-end=\"19\" data-is-only-node=\"\">Notas de salida<\/strong>: frambuesa, fresa, cereza, mora, grosella negra, lim\u00f3n y mandarina.<\/span><\/p>\n<\/li>\n<li data-start=\"180\" data-end=\"221\">\n<p data-start=\"182\" data-end=\"221\"><span class=\"relative -mx-px my-[-0.2rem] rounded px-px py-[0.2rem] transition-colors duration-100 ease-in-out\"><strong data-start=\"0\" data-end=\"20\" data-is-only-node=\"\">Notas de coraz\u00f3n<\/strong>: jazm\u00edn y violeta.<\/span><\/p>\n<\/li>\n<li data-start=\"222\" data-end=\"300\">\n<p data-start=\"224\" data-end=\"300\"><span class=\"relative -mx-px my-[-0.2rem] rounded px-px py-[0.2rem] transition-colors duration-100 ease-in-out\"><strong data-start=\"0\" data-end=\"18\" data-is-only-node=\"\">Notas de fondo<\/strong>: \u00e1mbar, musgo de roble, notas amaderadas, almizcle, pachul\u00ed, vainilla y cashmer\u00e1n.<\/span><\/p>\n<\/li>\n<\/ul>\n","protected":false},"excerpt":{"rendered":"<p>ROMANCE FOR HER Este perfume act\u00faa como una joya brillante y resplandeciente que corona tu feminidad y a\u00f1ade detalles especiales<\/p>\n","protected":false},"featured_media":87170,"comment_status":"open","ping_status":"closed","template":"","meta":{"nf_dc_page":""},"product_brand":[1445],"product_cat":[84],"product_tag":[1451],"class_list":{"0":"post-87168","1":"product","2":"type-product","3":"status-publish","4":"has-post-thumbnail","6":"product_brand-miris","7":"product_cat-perfumeria","8":"product_tag-1451","10":"first","11":"instock","12":"shipping-taxable","13":"purchasable","14":"product-type-simple"},"_links":{"self":[{"href":"https:\/\/brandss.com.py\/index\/wp-json\/wp\/v2\/product\/87168","targetHints":{"allow":["GET"]}}],"collection":[{"href":"https:\/\/brandss.com.py\/index\/wp-json\/wp\/v2\/product"}],"about":[{"href":"https:\/\/brandss.com.py\/index\/wp-json\/wp\/v2\/types\/product"}],"replies":[{"embeddable":true,"href":"https:\/\/brandss.com.py\/index\/wp-json\/wp\/v2\/comments?post=87168"}],"version-history":[{"count":1,"href":"https:\/\/brandss.com.py\/index\/wp-json\/wp\/v2\/product\/87168\/revisions"}],"predecessor-version":[{"id":87173,"href":"https:\/\/brandss.com.py\/index\/wp-json\/wp\/v2\/product\/87168\/revisions\/87173"}],"wp:featuredmedia":[{"embeddable":true,"href":"https:\/\/brandss.com.py\/index\/wp-json\/wp\/v2\/media\/87170"}],"wp:attachment":[{"href":"https:\/\/brandss.com.py\/index\/wp-json\/wp\/v2\/media?parent=87168"}],"wp:term":[{"taxonomy":"product_brand","embeddable":true,"href":"https:\/\/brandss.com.py\/index\/wp-json\/wp\/v2\/product_brand?post=87168"},{"taxonomy":"product_cat","embeddable":true,"href":"https:\/\/brandss.com.py\/index\/wp-json\/wp\/v2\/product_cat?post=87168"},{"taxonomy":"product_tag","embeddable":true,"href":"https:\/\/brandss.com.py\/index\/wp-json\/wp\/v2\/product_tag?post=87168"}],"curies":[{"name":"wp","href":"https:\/\/api.w.org\/{rel}","templated":true}]}}