{"id":87174,"date":"2025-07-28T18:24:20","date_gmt":"2025-07-28T18:24:20","guid":{"rendered":"https:\/\/brandss.com.py\/index\/?post_type=product&#038;p=87174"},"modified":"2025-12-09T17:15:51","modified_gmt":"2025-12-09T17:15:51","slug":"perfume-femenino-miris-intense-for-her-edp-100ml","status":"publish","type":"product","link":"https:\/\/brandss.com.py\/index\/producto\/perfume-femenino-miris-intense-for-her-edp-100ml\/","title":{"rendered":"PERFUME FEMENINO MIRIS INTENSE FOR HER EDP 100ML"},"content":{"rendered":"<p><img loading=\"lazy\" decoding=\"async\" class=\"\" src=\"https:\/\/m.media-amazon.com\/images\/S\/stores-image-uploads-na-prod\/6\/AmazonStores\/ATVPDKIKX0DER\/c8cf771b866dcecd96dab8a622a195db.w3300.h1601.jpg\" alt=\"Amazon.com: MIRIS\" width=\"72\" height=\"35\" \/><\/p>\n<h1>INTENSE FOR HER<\/h1>\n<p>Miris Intense de Miris es un cautivador Eau de Parfum que encarna la sofisticaci\u00f3n y el encanto. Lanzada en 2018, esta intensa fragancia se abre con vibrantes notas de bergamota y fresco lim\u00f3n que cautivan los sentidos al instante. Su composici\u00f3n crea una experiencia arom\u00e1tica lujosa y memorable que equilibra a la perfecci\u00f3n la frescura con la profundidad, ideal para quienes aprecian las fragancias refinadas y distintivas.<\/p>\n<h3>Notas Olfativas<\/h3>\n<p>Miris Intense For Her Eau De Parfum no es solo una fragancia, es una expresi\u00f3n de tu confianza interior, elegancia y encanto.<\/p>\n<ul>\n<li data-start=\"117\" data-end=\"158\">\n<p data-start=\"119\" data-end=\"158\"><span class=\"relative -mx-px my-[-0.2rem] rounded px-px py-[0.2rem] transition-colors duration-100 ease-in-out\"><strong data-start=\"0\" data-end=\"19\" data-is-only-node=\"\">Notas de salida:<\/strong> bayas rosadas.<\/span><\/p>\n<\/li>\n<li data-start=\"159\" data-end=\"200\">\n<p data-start=\"161\" data-end=\"200\"><span class=\"relative -mx-px my-[-0.2rem] rounded px-px py-[0.2rem] transition-colors duration-100 ease-in-out\"><strong data-start=\"0\" data-end=\"20\" data-is-only-node=\"\">Notas de coraz\u00f3n:<\/strong> jazm\u00edn, almizcle y pachul\u00ed.<\/span><\/p>\n<\/li>\n<li data-start=\"159\" data-end=\"200\"><strong>Notas de fondo:<\/strong> \u00c1mbar, Musk.<\/li>\n<\/ul>\n","protected":false},"excerpt":{"rendered":"<p>INTENSE FOR HER Miris Intense de Miris es un cautivador Eau de Parfum que encarna la sofisticaci\u00f3n y el encanto.<\/p>\n","protected":false},"featured_media":87175,"comment_status":"open","ping_status":"closed","template":"","meta":{"nf_dc_page":""},"product_brand":[1445],"product_cat":[84],"product_tag":[1452],"class_list":{"0":"post-87174","1":"product","2":"type-product","3":"status-publish","4":"has-post-thumbnail","6":"product_brand-miris","7":"product_cat-perfumeria","8":"product_tag-1452","10":"first","11":"instock","12":"shipping-taxable","13":"purchasable","14":"product-type-simple"},"_links":{"self":[{"href":"https:\/\/brandss.com.py\/index\/wp-json\/wp\/v2\/product\/87174","targetHints":{"allow":["GET"]}}],"collection":[{"href":"https:\/\/brandss.com.py\/index\/wp-json\/wp\/v2\/product"}],"about":[{"href":"https:\/\/brandss.com.py\/index\/wp-json\/wp\/v2\/types\/product"}],"replies":[{"embeddable":true,"href":"https:\/\/brandss.com.py\/index\/wp-json\/wp\/v2\/comments?post=87174"}],"version-history":[{"count":2,"href":"https:\/\/brandss.com.py\/index\/wp-json\/wp\/v2\/product\/87174\/revisions"}],"predecessor-version":[{"id":87179,"href":"https:\/\/brandss.com.py\/index\/wp-json\/wp\/v2\/product\/87174\/revisions\/87179"}],"wp:featuredmedia":[{"embeddable":true,"href":"https:\/\/brandss.com.py\/index\/wp-json\/wp\/v2\/media\/87175"}],"wp:attachment":[{"href":"https:\/\/brandss.com.py\/index\/wp-json\/wp\/v2\/media?parent=87174"}],"wp:term":[{"taxonomy":"product_brand","embeddable":true,"href":"https:\/\/brandss.com.py\/index\/wp-json\/wp\/v2\/product_brand?post=87174"},{"taxonomy":"product_cat","embeddable":true,"href":"https:\/\/brandss.com.py\/index\/wp-json\/wp\/v2\/product_cat?post=87174"},{"taxonomy":"product_tag","embeddable":true,"href":"https:\/\/brandss.com.py\/index\/wp-json\/wp\/v2\/product_tag?post=87174"}],"curies":[{"name":"wp","href":"https:\/\/api.w.org\/{rel}","templated":true}]}}