{"id":87180,"date":"2025-07-28T19:03:37","date_gmt":"2025-07-28T19:03:37","guid":{"rendered":"https:\/\/brandss.com.py\/index\/?post_type=product&#038;p=87180"},"modified":"2025-12-09T17:16:14","modified_gmt":"2025-12-09T17:16:14","slug":"perfume-femenino-miris-constellation-for-her-edp-100ml","status":"publish","type":"product","link":"https:\/\/brandss.com.py\/index\/producto\/perfume-femenino-miris-constellation-for-her-edp-100ml\/","title":{"rendered":"PERFUME FEMENINO MIRIS CONSTELLATION FOR HER EDP 100ML"},"content":{"rendered":"<p><img loading=\"lazy\" decoding=\"async\" class=\"\" src=\"https:\/\/m.media-amazon.com\/images\/S\/stores-image-uploads-na-prod\/6\/AmazonStores\/ATVPDKIKX0DER\/c8cf771b866dcecd96dab8a622a195db.w3300.h1601.jpg\" alt=\"Amazon.com: MIRIS\" width=\"105\" height=\"51\" \/><\/p>\n<h1>CONSTELLATION FOR HER<\/h1>\n<p><span dir=\"auto\">Un s\u00edmbolo de feminidad y belleza glamurosa con un aroma atractivo y delicado. <\/span><span dir=\"auto\">Una mezcla arom\u00e1tica especial que deja una huella encantadora en todas las ocasiones y celebraciones especiales. <\/span><span dir=\"auto\">Expresa tu belleza diferente y disfruta de tu feminidad para ser superior a todas las presentes. <\/span><span dir=\"auto\">Eres la estrella brillante de la fiesta con tu aroma distintivo que captura el aliento y atrae la atenci\u00f3n hacia ti.<\/span><\/p>\n<h3>Notas Olfativas<\/h3>\n<p data-start=\"68\" data-end=\"107\"><span class=\"relative -mx-px my-[-0.2rem] rounded px-px py-[0.2rem] transition-colors duration-100 ease-in-out\">Una fragancia brillante y c\u00e1lida, evocando una sensaci\u00f3n mediterr\u00e1nea, ligera y elegante. Una fragancia perteneciente a la familia floral\u2011oriental, con notas que crean un aroma fresco, femenino.<\/span><\/p>\n<ul data-start=\"108\" data-end=\"269\">\n<li data-start=\"108\" data-end=\"149\">\n<p data-start=\"110\" data-end=\"149\"><span class=\"relative -mx-px my-[-0.2rem] rounded px-px py-[0.2rem] transition-colors duration-100 ease-in-out\"><strong data-start=\"0\" data-end=\"19\" data-is-only-node=\"\">Notas de salida:<\/strong> mandarina.<\/span><\/p>\n<\/li>\n<li data-start=\"150\" data-end=\"191\">\n<p data-start=\"152\" data-end=\"191\"><span class=\"relative -mx-px my-[-0.2rem] rounded px-px py-[0.2rem] transition-colors duration-100 ease-in-out\"><strong data-start=\"0\" data-end=\"20\" data-is-only-node=\"\">Notas de coraz\u00f3n:<\/strong> flor de azahar, n\u00e9roli.<\/span><\/p>\n<\/li>\n<li data-start=\"192\" data-end=\"269\">\n<p data-start=\"194\" data-end=\"269\"><span class=\"relative -mx-px my-[-0.2rem] rounded px-px py-[0.2rem] transition-colors duration-100 ease-in-out\"><strong data-start=\"0\" data-end=\"18\" data-is-only-node=\"\">Notas de fondo:<\/strong> S\u00e1ndalo.<\/span><\/p>\n<\/li>\n<\/ul>\n<p data-start=\"271\" data-end=\"308\">\n","protected":false},"excerpt":{"rendered":"<p>CONSTELLATION FOR HER Un s\u00edmbolo de feminidad y belleza glamurosa con un aroma atractivo y delicado. Una mezcla arom\u00e1tica especial<\/p>\n","protected":false},"featured_media":87181,"comment_status":"open","ping_status":"closed","template":"","meta":{"nf_dc_page":""},"product_brand":[1445],"product_cat":[84],"product_tag":[1453],"class_list":{"0":"post-87180","1":"product","2":"type-product","3":"status-publish","4":"has-post-thumbnail","6":"product_brand-miris","7":"product_cat-perfumeria","8":"product_tag-1453","10":"first","11":"instock","12":"shipping-taxable","13":"purchasable","14":"product-type-simple"},"_links":{"self":[{"href":"https:\/\/brandss.com.py\/index\/wp-json\/wp\/v2\/product\/87180","targetHints":{"allow":["GET"]}}],"collection":[{"href":"https:\/\/brandss.com.py\/index\/wp-json\/wp\/v2\/product"}],"about":[{"href":"https:\/\/brandss.com.py\/index\/wp-json\/wp\/v2\/types\/product"}],"replies":[{"embeddable":true,"href":"https:\/\/brandss.com.py\/index\/wp-json\/wp\/v2\/comments?post=87180"}],"version-history":[{"count":1,"href":"https:\/\/brandss.com.py\/index\/wp-json\/wp\/v2\/product\/87180\/revisions"}],"predecessor-version":[{"id":87183,"href":"https:\/\/brandss.com.py\/index\/wp-json\/wp\/v2\/product\/87180\/revisions\/87183"}],"wp:featuredmedia":[{"embeddable":true,"href":"https:\/\/brandss.com.py\/index\/wp-json\/wp\/v2\/media\/87181"}],"wp:attachment":[{"href":"https:\/\/brandss.com.py\/index\/wp-json\/wp\/v2\/media?parent=87180"}],"wp:term":[{"taxonomy":"product_brand","embeddable":true,"href":"https:\/\/brandss.com.py\/index\/wp-json\/wp\/v2\/product_brand?post=87180"},{"taxonomy":"product_cat","embeddable":true,"href":"https:\/\/brandss.com.py\/index\/wp-json\/wp\/v2\/product_cat?post=87180"},{"taxonomy":"product_tag","embeddable":true,"href":"https:\/\/brandss.com.py\/index\/wp-json\/wp\/v2\/product_tag?post=87180"}],"curies":[{"name":"wp","href":"https:\/\/api.w.org\/{rel}","templated":true}]}}