{"id":87193,"date":"2025-07-29T12:40:29","date_gmt":"2025-07-29T12:40:29","guid":{"rendered":"https:\/\/brandss.com.py\/index\/?post_type=product&#038;p=87193"},"modified":"2026-03-30T19:17:42","modified_gmt":"2026-03-30T19:17:42","slug":"perfume-masculino-boulevard-7-eme-edp-100ml","status":"publish","type":"product","link":"https:\/\/brandss.com.py\/index\/producto\/perfume-masculino-boulevard-7-eme-edp-100ml\/","title":{"rendered":"PERFUME MASCULINO BOULEVARD 7 EME EDP 100ML"},"content":{"rendered":"<p><img loading=\"lazy\" decoding=\"async\" class=\"\" src=\"https:\/\/encrypted-tbn0.gstatic.com\/images?q=tbn:ANd9GcSzaWzwUheB5F5F9wgB0Za2_2uxT6XFmdWDrw&amp;s\" alt=\"boulevard paris - perfumes - luliz - jordan\" width=\"89\" height=\"89\" \/><\/p>\n<h1>7 EME<\/h1>\n<div class=\"elementor-element elementor-element-78e253d elementor-widget elementor-widget-text-editor\" data-id=\"78e253d\" data-element_type=\"widget\" data-widget_type=\"text-editor.default\">\n<div class=\"elementor-widget-container\">\n<div class=\"elementor-text-editor elementor-clearfix\"><span dir=\"auto\">El distrito 7 de Par\u00eds es un barrio impregnado de una serenidad cl\u00e1sica y una atm\u00f3sfera de grandeza. Alberga los Inv\u00e1lidos, con su arquitectura hist\u00f3rica, varias sedes ministeriales, la majestuosa Asamblea Nacional (Parlamento), el Puente Alexandre III, de visita obligada, y, sobre todo, el renombrado Museo Rodin, con sus jardines, s\u00edmbolo del encanto de la capital, repletos de esculturas del artista.<\/span><\/div>\n<\/div>\n<\/div>\n<div class=\"elementor-element elementor-element-800d726 elementor-widget elementor-widget-text-editor\" data-id=\"800d726\" data-element_type=\"widget\" data-widget_type=\"text-editor.default\">\n<div class=\"elementor-widget-container\">\n<div class=\"elementor-text-editor elementor-clearfix\"><span dir=\"auto\">Con 7\u00e8me, Boulevard a\u00f1ade una nota m\u00e1s de distinci\u00f3n a su gama parisina. Esta composici\u00f3n minimalista fusiona dos esencias para restaurar su nobleza, interpretada como una vibrante serenidad. La nota de salida se abre con la bergamota de Calabria, un c\u00edtrico con una frescura elocuente, t\u00f3nica y densa a la vez. Esta, a su vez, da paso al ambrox\u00e1n, que libera los matices de un precioso aroma amaderado con una fuerza delicada. Esta es la fragancia de una persona independiente y realizada, una consistencia inmutable que expresa su poder a trav\u00e9s de la simplicidad.<\/span><\/div>\n<div><\/div>\n<h3>Notas Olfativas<\/h3>\n<div><\/div>\n<div>El perfume 7 \u00c8me de Boulevard es una fragancia masculina con notas profundas y exquisitas.<\/div>\n<div><\/div>\n<div><span dir=\"auto\"><strong>Notas de salida:<\/strong> Bergamota de Calabria, Pimienta.<\/span><br \/>\n<span dir=\"auto\"><strong>Notas de coraz\u00f3n:<\/strong> Ambroxan, Geranio, Lavanda, Vetiver.<\/span><br \/>\n<span dir=\"auto\"><strong>Notas de fondo:<\/strong> Ambroxan, Madera de cedro.<\/span><\/div>\n<\/div>\n<\/div>\n","protected":false},"excerpt":{"rendered":"<p>7 EME El distrito 7 de Par\u00eds es un barrio impregnado de una serenidad cl\u00e1sica y una atm\u00f3sfera de grandeza.<\/p>\n","protected":false},"featured_media":87194,"comment_status":"open","ping_status":"closed","template":"","meta":{"nf_dc_page":""},"product_brand":[],"product_cat":[84],"product_tag":[],"class_list":{"0":"post-87193","1":"product","2":"type-product","3":"status-publish","4":"has-post-thumbnail","6":"product_cat-perfumeria","8":"first","9":"outofstock","10":"shipping-taxable","11":"purchasable","12":"product-type-simple"},"_links":{"self":[{"href":"https:\/\/brandss.com.py\/index\/wp-json\/wp\/v2\/product\/87193","targetHints":{"allow":["GET"]}}],"collection":[{"href":"https:\/\/brandss.com.py\/index\/wp-json\/wp\/v2\/product"}],"about":[{"href":"https:\/\/brandss.com.py\/index\/wp-json\/wp\/v2\/types\/product"}],"replies":[{"embeddable":true,"href":"https:\/\/brandss.com.py\/index\/wp-json\/wp\/v2\/comments?post=87193"}],"version-history":[{"count":1,"href":"https:\/\/brandss.com.py\/index\/wp-json\/wp\/v2\/product\/87193\/revisions"}],"predecessor-version":[{"id":87198,"href":"https:\/\/brandss.com.py\/index\/wp-json\/wp\/v2\/product\/87193\/revisions\/87198"}],"wp:featuredmedia":[{"embeddable":true,"href":"https:\/\/brandss.com.py\/index\/wp-json\/wp\/v2\/media\/87194"}],"wp:attachment":[{"href":"https:\/\/brandss.com.py\/index\/wp-json\/wp\/v2\/media?parent=87193"}],"wp:term":[{"taxonomy":"product_brand","embeddable":true,"href":"https:\/\/brandss.com.py\/index\/wp-json\/wp\/v2\/product_brand?post=87193"},{"taxonomy":"product_cat","embeddable":true,"href":"https:\/\/brandss.com.py\/index\/wp-json\/wp\/v2\/product_cat?post=87193"},{"taxonomy":"product_tag","embeddable":true,"href":"https:\/\/brandss.com.py\/index\/wp-json\/wp\/v2\/product_tag?post=87193"}],"curies":[{"name":"wp","href":"https:\/\/api.w.org\/{rel}","templated":true}]}}