{"id":87199,"date":"2025-07-29T13:33:46","date_gmt":"2025-07-29T13:33:46","guid":{"rendered":"https:\/\/brandss.com.py\/index\/?post_type=product&#038;p=87199"},"modified":"2026-03-30T19:17:42","modified_gmt":"2026-03-30T19:17:42","slug":"perfume-femenino-boulevard-la-seine-edp-100ml","status":"publish","type":"product","link":"https:\/\/brandss.com.py\/index\/producto\/perfume-femenino-boulevard-la-seine-edp-100ml\/","title":{"rendered":"PERFUME FEMENINO BOULEVARD LA SEINE EDP 100ML"},"content":{"rendered":"<p><img loading=\"lazy\" decoding=\"async\" class=\"\" src=\"https:\/\/encrypted-tbn0.gstatic.com\/images?q=tbn:ANd9GcSzaWzwUheB5F5F9wgB0Za2_2uxT6XFmdWDrw&amp;s\" alt=\"boulevard paris - perfumes - luliz - jordan\" width=\"91\" height=\"91\" \/><\/p>\n<h1>LA SEINE<\/h1>\n<div class=\"elementor-element elementor-element-78e253d elementor-widget elementor-widget-text-editor\" data-id=\"78e253d\" data-element_type=\"widget\" data-widget_type=\"text-editor.default\">\n<div class=\"elementor-widget-container\">\n<div class=\"elementor-text-editor elementor-clearfix\">\n<p><span dir=\"auto\">El Sena, un emblem\u00e1tico r\u00edo franc\u00e9s, atraviesa el centro de Par\u00eds, dividiendo la capital entre la margen derecha y la izquierda. Entre sus lugares emblem\u00e1ticos se encuentran la \u00cele de la Cit\u00e9 y la \u00cele Saint-Louis. Sus orillas est\u00e1n repletas de paseos donde se puede observar a los famosos bouquinistas mientras se contempla el paso de las barcazas al atardecer, desde un puente de arquitectura legendaria.<\/span><\/p>\n<\/div>\n<\/div>\n<\/div>\n<div class=\"elementor-element elementor-element-53e7ec5 elementor-widget elementor-widget-text-editor\" data-id=\"53e7ec5\" data-element_type=\"widget\" data-widget_type=\"text-editor.default\">\n<div class=\"elementor-widget-container\">\n<div class=\"elementor-text-editor elementor-clearfix\">\n<p><span dir=\"auto\">Boulevard dise\u00f1\u00f3 La Seine como un elixir de alegr\u00eda de vivir con un toque de audacia. Es una fragancia intensamente femenina, con acentos muy naturales, en una fusi\u00f3n de notas florales y frutales. La composici\u00f3n se abre con las alegres notas de un paseo buc\u00f3lico, con lavanda silvestre envuelta por la en\u00e9rgica y vitam\u00ednica combinaci\u00f3n de mandarina solar y grosella negra verde. Estos aires de felicidad dan paso a un coraz\u00f3n desbordante de feminidad, donde la lavanda se vuelve decididamente m\u00e1s sensual, vestida de opulento jazm\u00edn y los acentos polvorientos y cerosos de la flor de azahar. Los ecos de lavanda se funden en un lecho amaderado y aterciopelado de jazm\u00edn y ambrox\u00e1n, para una estela de sensualidad absoluta y segura. La Seine es una composici\u00f3n impactante, con una personalidad ambiciosa, dirigida a mujeres que viven con pasi\u00f3n.<\/span><\/p>\n<p>&nbsp;<\/p>\n<h3>Notas Olfativas<\/h3>\n<p><span dir=\"auto\">La Seine de Boulevard Paris<\/span><span dir=\"auto\"> es una fragancia totalmente femenina, con toques muy naturales en una combinaci\u00f3n de notas florales y frutales. La Seine es una impresionante composici\u00f3n de personalidades ambiciosas y mujeres decididas y apasionadas.\u00a0<\/span><\/p>\n<p><span dir=\"auto\"><strong>Notas de salida:<\/strong> mandarina, grosella negra, lavanda.<\/span><br \/>\n<span dir=\"auto\"><strong>Notas de coraz\u00f3n:<\/strong> flor de naranja, lavanda, jazm\u00edn.<\/span><br \/>\n<span dir=\"auto\"><strong>Notas de fondo:<\/strong> ambroxan, jazm\u00edn.<\/span><\/p>\n<\/div>\n<\/div>\n<\/div>\n","protected":false},"excerpt":{"rendered":"<p>LA SEINE El Sena, un emblem\u00e1tico r\u00edo franc\u00e9s, atraviesa el centro de Par\u00eds, dividiendo la capital entre la margen derecha<\/p>\n","protected":false},"featured_media":87200,"comment_status":"open","ping_status":"closed","template":"","meta":{"nf_dc_page":""},"product_brand":[],"product_cat":[84],"product_tag":[],"class_list":{"0":"post-87199","1":"product","2":"type-product","3":"status-publish","4":"has-post-thumbnail","6":"product_cat-perfumeria","8":"first","9":"outofstock","10":"shipping-taxable","11":"purchasable","12":"product-type-simple"},"_links":{"self":[{"href":"https:\/\/brandss.com.py\/index\/wp-json\/wp\/v2\/product\/87199","targetHints":{"allow":["GET"]}}],"collection":[{"href":"https:\/\/brandss.com.py\/index\/wp-json\/wp\/v2\/product"}],"about":[{"href":"https:\/\/brandss.com.py\/index\/wp-json\/wp\/v2\/types\/product"}],"replies":[{"embeddable":true,"href":"https:\/\/brandss.com.py\/index\/wp-json\/wp\/v2\/comments?post=87199"}],"version-history":[{"count":1,"href":"https:\/\/brandss.com.py\/index\/wp-json\/wp\/v2\/product\/87199\/revisions"}],"predecessor-version":[{"id":87205,"href":"https:\/\/brandss.com.py\/index\/wp-json\/wp\/v2\/product\/87199\/revisions\/87205"}],"wp:featuredmedia":[{"embeddable":true,"href":"https:\/\/brandss.com.py\/index\/wp-json\/wp\/v2\/media\/87200"}],"wp:attachment":[{"href":"https:\/\/brandss.com.py\/index\/wp-json\/wp\/v2\/media?parent=87199"}],"wp:term":[{"taxonomy":"product_brand","embeddable":true,"href":"https:\/\/brandss.com.py\/index\/wp-json\/wp\/v2\/product_brand?post=87199"},{"taxonomy":"product_cat","embeddable":true,"href":"https:\/\/brandss.com.py\/index\/wp-json\/wp\/v2\/product_cat?post=87199"},{"taxonomy":"product_tag","embeddable":true,"href":"https:\/\/brandss.com.py\/index\/wp-json\/wp\/v2\/product_tag?post=87199"}],"curies":[{"name":"wp","href":"https:\/\/api.w.org\/{rel}","templated":true}]}}