{"id":87206,"date":"2025-07-29T14:06:33","date_gmt":"2025-07-29T14:06:33","guid":{"rendered":"https:\/\/brandss.com.py\/index\/?post_type=product&#038;p=87206"},"modified":"2025-07-29T14:07:26","modified_gmt":"2025-07-29T14:07:26","slug":"spray-fijador-capilar-schwarzkopf-silhouette-super-hold-750ml","status":"publish","type":"product","link":"https:\/\/brandss.com.py\/index\/producto\/spray-fijador-capilar-schwarzkopf-silhouette-super-hold-750ml\/","title":{"rendered":"SPRAY FIJADOR CAPILAR SCHWARZKOPF SILHOUETTE SUPER HOLD 750ML"},"content":{"rendered":"<p><img loading=\"lazy\" decoding=\"async\" class=\"\" src=\"https:\/\/upload.wikimedia.org\/wikipedia\/de\/thumb\/2\/2a\/Schwarzkopf_%28Haarkosmetik%29_logo.svg\/1200px-Schwarzkopf_%28Haarkosmetik%29_logo.svg.png\" alt=\"Datei:Schwarzkopf (Haarkosmetik) logo.svg \u2013 Wikipedia\" width=\"117\" height=\"50\" \/><\/p>\n<h1>SILHOUETTE SUPER HOLD<\/h1>\n<p><em><span dir=\"auto\">Proporciona una fijaci\u00f3n superior al tiempo que mantiene un gran brillo y vitalidad.<\/span><\/em><\/p>\n<p><span dir=\"auto\">La f\u00f3rmula de fijaci\u00f3n ultrafina Silhouette Pure contiene microfijadores para una fijaci\u00f3n ultraduradera, invisible y de larga duraci\u00f3n, sin apelmazar el cabello. Esta laca original microfina garantiza una fijaci\u00f3n ultraduradera, proporcionando una fijaci\u00f3n duradera y soporte para el peinado sin apelmazar el cabello. Proporciona una fijaci\u00f3n ultraduradera para cualquier peinado de larga duraci\u00f3n.<\/span><\/p>\n<h3><span style=\"color: #bd8448\"><span dir=\"auto\">Beneficios clave<\/span><\/span><\/h3>\n<ul class=\"bullet-points\">\n<li><span dir=\"auto\">F\u00d3RMULA CL\u00c1SICA \u2013 fijaci\u00f3n invisible.<\/span><\/li>\n<li><span dir=\"auto\">Proporciona una fijaci\u00f3n superior manteniendo un gran brillo y vitalidad.<\/span><\/li>\n<li><span dir=\"auto\">F\u00f3rmula de fijaci\u00f3n superior con formadores de pel\u00edcula microfinos para una fijaci\u00f3n duradera pero invisible.<\/span><\/li>\n<li><span dir=\"auto\">Fijaci\u00f3n fuerte sin sobrecargar el cabello.<\/span><\/li>\n<li><span dir=\"auto\">Secado r\u00e1pido.<\/span><\/li>\n<li><span dir=\"auto\">Sin pegajosidad.<\/span><\/li>\n<li><span dir=\"auto\">Se quita f\u00e1cilmente con el cepillo.<\/span><\/li>\n<\/ul>\n<p><strong><span dir=\"auto\">Contenido:\u00a0<\/span><\/strong><span dir=\"auto\"> 750 ml.<\/span><\/p>\n<h3><strong><span style=\"color: #bd8448\"><span dir=\"auto\">C\u00f3mo utilizar<\/span><\/span><\/strong><\/h3>\n<ul class=\"bullet-points\">\n<li style=\"list-style-type: none\">\n<ul class=\"bullet-points\">\n<li><span dir=\"auto\">Roc\u00ede directamente sobre el cabello seco a una distancia aproximada de 30 cm. \u00daselo en peque\u00f1as dosis.<\/span><\/li>\n<\/ul>\n<\/li>\n<\/ul>\n","protected":false},"excerpt":{"rendered":"<p>SILHOUETTE SUPER HOLD Proporciona una fijaci\u00f3n superior al tiempo que mantiene un gran brillo y vitalidad. La f\u00f3rmula de fijaci\u00f3n<\/p>\n","protected":false},"featured_media":87207,"comment_status":"open","ping_status":"closed","template":"","meta":{"nf_dc_page":""},"product_brand":[],"product_cat":[85],"product_tag":[],"class_list":{"0":"post-87206","1":"product","2":"type-product","3":"status-publish","4":"has-post-thumbnail","6":"product_cat-cosmeticos","8":"first","9":"instock","10":"shipping-taxable","11":"purchasable","12":"product-type-simple"},"_links":{"self":[{"href":"https:\/\/brandss.com.py\/index\/wp-json\/wp\/v2\/product\/87206","targetHints":{"allow":["GET"]}}],"collection":[{"href":"https:\/\/brandss.com.py\/index\/wp-json\/wp\/v2\/product"}],"about":[{"href":"https:\/\/brandss.com.py\/index\/wp-json\/wp\/v2\/types\/product"}],"replies":[{"embeddable":true,"href":"https:\/\/brandss.com.py\/index\/wp-json\/wp\/v2\/comments?post=87206"}],"version-history":[{"count":1,"href":"https:\/\/brandss.com.py\/index\/wp-json\/wp\/v2\/product\/87206\/revisions"}],"predecessor-version":[{"id":87212,"href":"https:\/\/brandss.com.py\/index\/wp-json\/wp\/v2\/product\/87206\/revisions\/87212"}],"wp:featuredmedia":[{"embeddable":true,"href":"https:\/\/brandss.com.py\/index\/wp-json\/wp\/v2\/media\/87207"}],"wp:attachment":[{"href":"https:\/\/brandss.com.py\/index\/wp-json\/wp\/v2\/media?parent=87206"}],"wp:term":[{"taxonomy":"product_brand","embeddable":true,"href":"https:\/\/brandss.com.py\/index\/wp-json\/wp\/v2\/product_brand?post=87206"},{"taxonomy":"product_cat","embeddable":true,"href":"https:\/\/brandss.com.py\/index\/wp-json\/wp\/v2\/product_cat?post=87206"},{"taxonomy":"product_tag","embeddable":true,"href":"https:\/\/brandss.com.py\/index\/wp-json\/wp\/v2\/product_tag?post=87206"}],"curies":[{"name":"wp","href":"https:\/\/api.w.org\/{rel}","templated":true}]}}