{"id":87228,"date":"2025-07-29T17:14:16","date_gmt":"2025-07-29T17:14:16","guid":{"rendered":"https:\/\/brandss.com.py\/index\/?post_type=product&#038;p=87228"},"modified":"2026-03-14T14:14:37","modified_gmt":"2026-03-14T14:14:37","slug":"perfume-femenino-puccini-paris-donna-gold-edp-100ml","status":"publish","type":"product","link":"https:\/\/brandss.com.py\/index\/producto\/perfume-femenino-puccini-paris-donna-gold-edp-100ml\/","title":{"rendered":"PERFUME FEMENINO PUCCINI PARIS DONNA GOLD EDP 100ML"},"content":{"rendered":"<p><img loading=\"lazy\" decoding=\"async\" class=\"\" src=\"https:\/\/www.fragrantica.es\/mdimg\/dizajneri\/o.3733.jpg\" alt=\"Puccini Paris Fragancias Y Colonias\" width=\"130\" height=\"52\" \/><\/p>\n<h1>DONNA GOLD<\/h1>\n<p>El brillo del oro, capturado en una fragancia. Una creaci\u00f3n de una profundidad poco com\u00fan, donde cada nota cuenta una historia de sofisticaci\u00f3n y encanto. Rica, radiante y atemporal, Donna Gold es m\u00e1s que una fragancia: es una declaraci\u00f3n. Deja que adorne tu presencia como la joyer\u00eda m\u00e1s fina, dejando una impresi\u00f3n inolvidable.<\/p>\n<h3>Notas Olfativas<\/h3>\n<p>El perfume Donna Gold de Puccini Paris es una fragancia de la familia olfativa oriental floral para mujeres.<\/p>\n<ul>\n<li><strong>Notas de salida:<\/strong> Miel, frutas c\u00edtricas y flores de naranja amarga.<\/li>\n<li><strong>Notas de coraz\u00f3n:<\/strong> Nardo, azahar, pera y hierba de lim\u00f3n.<\/li>\n<li><strong>Notas de fondo:<\/strong> Haba tonka, pachul\u00ed, s\u00e1ndalo, madera de \u00e1mbar, vainilla y almizcle blanco.<\/li>\n<\/ul>\n","protected":false},"excerpt":{"rendered":"<p>DONNA GOLD El brillo del oro, capturado en una fragancia. Una creaci\u00f3n de una profundidad poco com\u00fan, donde cada nota<\/p>\n","protected":false},"featured_media":87229,"comment_status":"open","ping_status":"closed","template":"","meta":{"nf_dc_page":""},"product_brand":[1780],"product_cat":[84],"product_tag":[],"class_list":{"0":"post-87228","1":"product","2":"type-product","3":"status-publish","4":"has-post-thumbnail","6":"product_brand-puccini","7":"product_cat-perfumeria","9":"first","10":"outofstock","11":"shipping-taxable","12":"purchasable","13":"product-type-simple"},"_links":{"self":[{"href":"https:\/\/brandss.com.py\/index\/wp-json\/wp\/v2\/product\/87228","targetHints":{"allow":["GET"]}}],"collection":[{"href":"https:\/\/brandss.com.py\/index\/wp-json\/wp\/v2\/product"}],"about":[{"href":"https:\/\/brandss.com.py\/index\/wp-json\/wp\/v2\/types\/product"}],"replies":[{"embeddable":true,"href":"https:\/\/brandss.com.py\/index\/wp-json\/wp\/v2\/comments?post=87228"}],"version-history":[{"count":2,"href":"https:\/\/brandss.com.py\/index\/wp-json\/wp\/v2\/product\/87228\/revisions"}],"predecessor-version":[{"id":87235,"href":"https:\/\/brandss.com.py\/index\/wp-json\/wp\/v2\/product\/87228\/revisions\/87235"}],"wp:featuredmedia":[{"embeddable":true,"href":"https:\/\/brandss.com.py\/index\/wp-json\/wp\/v2\/media\/87229"}],"wp:attachment":[{"href":"https:\/\/brandss.com.py\/index\/wp-json\/wp\/v2\/media?parent=87228"}],"wp:term":[{"taxonomy":"product_brand","embeddable":true,"href":"https:\/\/brandss.com.py\/index\/wp-json\/wp\/v2\/product_brand?post=87228"},{"taxonomy":"product_cat","embeddable":true,"href":"https:\/\/brandss.com.py\/index\/wp-json\/wp\/v2\/product_cat?post=87228"},{"taxonomy":"product_tag","embeddable":true,"href":"https:\/\/brandss.com.py\/index\/wp-json\/wp\/v2\/product_tag?post=87228"}],"curies":[{"name":"wp","href":"https:\/\/api.w.org\/{rel}","templated":true}]}}