{"id":87253,"date":"2025-07-30T11:10:33","date_gmt":"2025-07-30T11:10:33","guid":{"rendered":"https:\/\/brandss.com.py\/index\/?post_type=product&#038;p=87253"},"modified":"2025-12-04T17:18:52","modified_gmt":"2025-12-04T17:18:52","slug":"perfume-unisex-al-wataniah-watani-purple-edp-100ml","status":"publish","type":"product","link":"https:\/\/brandss.com.py\/index\/producto\/perfume-unisex-al-wataniah-watani-purple-edp-100ml\/","title":{"rendered":"PERFUME UNISEX AL WATANIAH WATANI PURPLE EDP 100ML"},"content":{"rendered":"<p><img loading=\"lazy\" decoding=\"async\" class=\"\" src=\"https:\/\/alwataniah.es\/cdn\/shop\/files\/Logo-Al-Wataniah-1.webp?v=1716291507&amp;width=1100\" alt=\"Anwan perfume \u00e1rabe unisex \u2013 Alwataniah\" width=\"114\" height=\"114\" \/><\/p>\n<h1>WATANI PURPLE<\/h1>\n<p>Una fragancia que celebra la vitalidad, la alegr\u00eda y la vida misma. Watani Purple personifica el esp\u00edritu de la positividad.<\/p>\n<blockquote><p>\u00a1El esp\u00edritu de la positividad!<\/p><\/blockquote>\n<p>Deje que sus notas vigorizantes y deliciosas eleven sus sentidos y aporten un toque de alegr\u00eda a su d\u00eda. Ya sea para ocasiones especiales o para llevar a diario, Watani Purple\u00a0es su compa\u00f1ero perfecto para un estallido de felicidad.<\/p>\n<p><strong>Caracter\u00edsticas de la fragancia:<img loading=\"lazy\" decoding=\"async\" class=\"alignleft\" src=\"https:\/\/static.sweetcare.com\/img\/prd\/max\/v-638545873973793369\/al-wataniah-021461ww-2.jpg\" width=\"647\" height=\"647\" \/><\/strong><\/p>\n<ul>\n<li>Fragancia de larga duraci\u00f3n que mantiene su esencia alegre durante todo el d\u00eda;<\/li>\n<li>Mezcla \u00fanica de frutas tropicales, caramelo, notas florales, almizcle y \u00e1mbar;<\/li>\n<li>Elegante dise\u00f1o del frasco que refleja la vivacidad de la fragancia;<\/li>\n<li>Perfecta para ocasiones especiales y para llevar a diario.<\/li>\n<\/ul>\n<p><strong>Notas Olfativas<\/strong><\/p>\n<p>La fragancia se abre con el aroma vibrante y refrescante de las\u00a0frutas tropicales. El coraz\u00f3n revela una deliciosa mezcla de\u00a0caramelo\u00a0y\u00a0notas florales, que a\u00f1aden un toque dulce y rom\u00e1ntico. Por \u00faltimo, la base se asienta en una combinaci\u00f3n c\u00e1lida y reconfortante de\u00a0almizcle dulce\u00a0y\u00a0\u00e1mbar, dejando una impresi\u00f3n duradera de elegancia y calidez.<\/p>\n<p>El perfume Watani de Al Wataniah es una fragancia de la familia olfativa arom\u00e1tica frutal para hombres y mujeres.<\/p>\n<p>&nbsp;<\/p>\n<ul>\n<li><strong>Notas de salida:<\/strong> Tropical, afrutado y refescante.<\/li>\n<li><strong>Notas de coraz\u00f3n:<\/strong> Afrutado, dulce y floral.<\/li>\n<li><strong>Notas de fondo:<\/strong> Almizcle, \u00e1mbar y notas dulces.<\/li>\n<\/ul>\n","protected":false},"excerpt":{"rendered":"<p>WATANI PURPLE Una fragancia que celebra la vitalidad, la alegr\u00eda y la vida misma. Watani Purple personifica el esp\u00edritu de<\/p>\n","protected":false},"featured_media":87254,"comment_status":"open","ping_status":"closed","template":"","meta":{"nf_dc_page":""},"product_brand":[105],"product_cat":[84],"product_tag":[576],"class_list":{"0":"post-87253","1":"product","2":"type-product","3":"status-publish","4":"has-post-thumbnail","6":"product_brand-al-wataniah","7":"product_cat-perfumeria","8":"product_tag-576","10":"first","11":"outofstock","12":"sale","13":"shipping-taxable","14":"purchasable","15":"product-type-simple"},"_links":{"self":[{"href":"https:\/\/brandss.com.py\/index\/wp-json\/wp\/v2\/product\/87253","targetHints":{"allow":["GET"]}}],"collection":[{"href":"https:\/\/brandss.com.py\/index\/wp-json\/wp\/v2\/product"}],"about":[{"href":"https:\/\/brandss.com.py\/index\/wp-json\/wp\/v2\/types\/product"}],"replies":[{"embeddable":true,"href":"https:\/\/brandss.com.py\/index\/wp-json\/wp\/v2\/comments?post=87253"}],"version-history":[{"count":1,"href":"https:\/\/brandss.com.py\/index\/wp-json\/wp\/v2\/product\/87253\/revisions"}],"predecessor-version":[{"id":87259,"href":"https:\/\/brandss.com.py\/index\/wp-json\/wp\/v2\/product\/87253\/revisions\/87259"}],"wp:featuredmedia":[{"embeddable":true,"href":"https:\/\/brandss.com.py\/index\/wp-json\/wp\/v2\/media\/87254"}],"wp:attachment":[{"href":"https:\/\/brandss.com.py\/index\/wp-json\/wp\/v2\/media?parent=87253"}],"wp:term":[{"taxonomy":"product_brand","embeddable":true,"href":"https:\/\/brandss.com.py\/index\/wp-json\/wp\/v2\/product_brand?post=87253"},{"taxonomy":"product_cat","embeddable":true,"href":"https:\/\/brandss.com.py\/index\/wp-json\/wp\/v2\/product_cat?post=87253"},{"taxonomy":"product_tag","embeddable":true,"href":"https:\/\/brandss.com.py\/index\/wp-json\/wp\/v2\/product_tag?post=87253"}],"curies":[{"name":"wp","href":"https:\/\/api.w.org\/{rel}","templated":true}]}}