{"id":87260,"date":"2025-07-30T11:58:47","date_gmt":"2025-07-30T11:58:47","guid":{"rendered":"https:\/\/brandss.com.py\/index\/?post_type=product&#038;p=87260"},"modified":"2026-03-16T17:32:24","modified_gmt":"2026-03-16T17:32:24","slug":"perfume-femenino-al-wataniah-durrat-al-aroos-edp-85ml","status":"publish","type":"product","link":"https:\/\/brandss.com.py\/index\/producto\/perfume-femenino-al-wataniah-durrat-al-aroos-edp-85ml\/","title":{"rendered":"PERFUME FEMENINO AL WATANIAH DURRAT AL AROOS EDP 85ML"},"content":{"rendered":"<p><img loading=\"lazy\" decoding=\"async\" class=\"\" src=\"https:\/\/alwataniah.es\/cdn\/shop\/files\/Logo-Al-Wataniah-1.webp?v=1716291507&amp;width=1100\" alt=\"Anwan perfume \u00e1rabe unisex \u2013 Alwataniah\" width=\"80\" height=\"80\" \/><\/p>\n<h1>DURRAT AL AROOS<\/h1>\n<p>Una sutil mezcla de orqu\u00eddeas de vainilla, haba tonka y notas de almizcle. Estas fragancias sofisticadas se combinan con el audaz aroma de s\u00e1ndalo y \u00e1mbar para agregar un toque seductor. Este perfume es la perla de la novia, una de las creaciones m\u00e1s femeninas de la marca. Redescubre el arte de las fragancias, pero esta vez con un toque m\u00edstico y ex\u00f3tico de Oriente. Originario de los Emiratos \u00c1rabes Unidos, la tierra de la indulgencia y el lujo; estos perfumes destilan la riqueza y el misterio de la cultura \u00e1rabe.<img loading=\"lazy\" decoding=\"async\" class=\"alignleft\" src=\"https:\/\/cdn11.bigcommerce.com\/s-nhruxm7d0j\/images\/stencil\/1280x1280\/products\/128\/402\/Capture__53824.1702629328.jpg?c=1\" width=\"663\" height=\"472\" \/><\/p>\n<p>Los magn\u00edficos aromas se crean combinando las mejores notas francesas con notas orientales de reconocidos perfumistas de todo el mundo, para brindar al consumidor la experiencia m\u00e1s lujosa. Las exclusivas combinaciones son intensas y adictivas, cautivando a quienes se atreven a dejarse seducir por su magia. Al Wataniah dejar\u00e1 una impresi\u00f3n inolvidable; Entrar en este mundo te har\u00e1 sentir como la realeza digna de un palacio propio.<\/p>\n<p>&nbsp;<\/p>\n<h3>Notas Olfativas<\/h3>\n<p>&nbsp;<\/p>\n<p>El perfume Durrat Al Aroos de Al Wataniah es una fragancia de la familia olfativa almizclada oriental para mujeres.<\/p>\n<ul>\n<li><strong>Notas de salida:<\/strong> Almizcle blanco y aceite de cipriol o nagarmotha.<\/li>\n<li><strong>Notas de coraz\u00f3n:<\/strong> Vainilla, cardamomo y azafr\u00e1n.<\/li>\n<li><strong>Notas de fondo:<\/strong> Haba tonka y madera de gaiac.<\/li>\n<\/ul>\n","protected":false},"excerpt":{"rendered":"<p>DURRAT AL AROOS Una sutil mezcla de orqu\u00eddeas de vainilla, haba tonka y notas de almizcle. Estas fragancias sofisticadas se<\/p>\n","protected":false},"featured_media":87261,"comment_status":"open","ping_status":"closed","template":"","meta":{"nf_dc_page":""},"product_brand":[105],"product_cat":[84],"product_tag":[561],"class_list":{"0":"post-87260","1":"product","2":"type-product","3":"status-publish","4":"has-post-thumbnail","6":"product_brand-al-wataniah","7":"product_cat-perfumeria","8":"product_tag-561","10":"first","11":"instock","12":"sale","13":"shipping-taxable","14":"purchasable","15":"product-type-simple"},"_links":{"self":[{"href":"https:\/\/brandss.com.py\/index\/wp-json\/wp\/v2\/product\/87260","targetHints":{"allow":["GET"]}}],"collection":[{"href":"https:\/\/brandss.com.py\/index\/wp-json\/wp\/v2\/product"}],"about":[{"href":"https:\/\/brandss.com.py\/index\/wp-json\/wp\/v2\/types\/product"}],"replies":[{"embeddable":true,"href":"https:\/\/brandss.com.py\/index\/wp-json\/wp\/v2\/comments?post=87260"}],"version-history":[{"count":1,"href":"https:\/\/brandss.com.py\/index\/wp-json\/wp\/v2\/product\/87260\/revisions"}],"predecessor-version":[{"id":87266,"href":"https:\/\/brandss.com.py\/index\/wp-json\/wp\/v2\/product\/87260\/revisions\/87266"}],"wp:featuredmedia":[{"embeddable":true,"href":"https:\/\/brandss.com.py\/index\/wp-json\/wp\/v2\/media\/87261"}],"wp:attachment":[{"href":"https:\/\/brandss.com.py\/index\/wp-json\/wp\/v2\/media?parent=87260"}],"wp:term":[{"taxonomy":"product_brand","embeddable":true,"href":"https:\/\/brandss.com.py\/index\/wp-json\/wp\/v2\/product_brand?post=87260"},{"taxonomy":"product_cat","embeddable":true,"href":"https:\/\/brandss.com.py\/index\/wp-json\/wp\/v2\/product_cat?post=87260"},{"taxonomy":"product_tag","embeddable":true,"href":"https:\/\/brandss.com.py\/index\/wp-json\/wp\/v2\/product_tag?post=87260"}],"curies":[{"name":"wp","href":"https:\/\/api.w.org\/{rel}","templated":true}]}}