{"id":87305,"date":"2025-07-30T16:36:49","date_gmt":"2025-07-30T16:36:49","guid":{"rendered":"https:\/\/brandss.com.py\/index\/?post_type=product&#038;p=87305"},"modified":"2025-07-30T16:38:27","modified_gmt":"2025-07-30T16:38:27","slug":"spray-corporal-masculino-galaxy-plus-concept-heroes-200ml","status":"publish","type":"product","link":"https:\/\/brandss.com.py\/index\/producto\/spray-corporal-masculino-galaxy-plus-concept-heroes-200ml\/","title":{"rendered":"SPRAY CORPORAL MASCULINO GALAXY PLUS CONCEPT HEROES 200ML"},"content":{"rendered":"<p><img loading=\"lazy\" decoding=\"async\" class=\"\" src=\"https:\/\/d8vlg9z1oftyc.cloudfront.net\/bimdistribuidora\/image\/media\/Prancheta46-100jpg-633dba8e76d63.jpg\" alt=\"Galaxy Plus - BIM Distribuidora\" width=\"101\" height=\"39\" \/><\/p>\n<h1>HEROES<\/h1>\n<p data-start=\"0\" data-end=\"255\">El\u00a0Spray Corporal Heroes\u00a0es una fragancia masculina de origen \u00e1rabe, fabricada por la marca Galaxy Plus o Galaxy Concept. Est\u00e1 dise\u00f1ado como una opci\u00f3n vers\u00e1til que puede usarse tanto como perfume corporal como desodorante.<\/p>\n<h3 data-start=\"257\" data-end=\"282\">A qu\u00e9 perfume es dupe<\/h3>\n<p data-start=\"284\" data-end=\"483\">Este perfume es un\u00a0dupe de Versace Eros, una fragancia de dise\u00f1ador reconocida por su perfil fresco, amaderado y levemente dulce. Heroes imita esta composici\u00f3n olfativa a un precio m\u00e1s accesible.<\/p>\n<h3 data-start=\"485\" data-end=\"505\">Notas Olfativas<\/h3>\n<p>El resultado es una fragancia intensa, masculina y moderna, ideal para quienes buscan una alternativa a Versace Eros con buen rendimiento.<\/p>\n<p data-start=\"507\" data-end=\"707\"><strong data-start=\"507\" data-end=\"526\">Notas de salida:<\/strong> menta, manzana verde, lim\u00f3n.<br data-start=\"555\" data-end=\"558\" \/><strong data-start=\"558\" data-end=\"578\">Notas de coraz\u00f3n:<\/strong> haba tonka, ambroxan, geranio.<br data-start=\"609\" data-end=\"612\" \/><strong data-start=\"612\" data-end=\"630\">Notas de fondo:<\/strong> vainilla de Madagascar, cedro (Atlas y Virginia), vetiver, musgo de roble.<\/p>\n","protected":false},"excerpt":{"rendered":"<p>HEROES El\u00a0Spray Corporal Heroes\u00a0es una fragancia masculina de origen \u00e1rabe, fabricada por la marca Galaxy Plus o Galaxy Concept. Est\u00e1<\/p>\n","protected":false},"featured_media":87306,"comment_status":"open","ping_status":"closed","template":"","meta":{"nf_dc_page":""},"product_brand":[],"product_cat":[85],"product_tag":[],"class_list":{"0":"post-87305","1":"product","2":"type-product","3":"status-publish","4":"has-post-thumbnail","6":"product_cat-cosmeticos","8":"first","9":"instock","10":"shipping-taxable","11":"purchasable","12":"product-type-simple"},"_links":{"self":[{"href":"https:\/\/brandss.com.py\/index\/wp-json\/wp\/v2\/product\/87305","targetHints":{"allow":["GET"]}}],"collection":[{"href":"https:\/\/brandss.com.py\/index\/wp-json\/wp\/v2\/product"}],"about":[{"href":"https:\/\/brandss.com.py\/index\/wp-json\/wp\/v2\/types\/product"}],"replies":[{"embeddable":true,"href":"https:\/\/brandss.com.py\/index\/wp-json\/wp\/v2\/comments?post=87305"}],"version-history":[{"count":1,"href":"https:\/\/brandss.com.py\/index\/wp-json\/wp\/v2\/product\/87305\/revisions"}],"predecessor-version":[{"id":87309,"href":"https:\/\/brandss.com.py\/index\/wp-json\/wp\/v2\/product\/87305\/revisions\/87309"}],"wp:featuredmedia":[{"embeddable":true,"href":"https:\/\/brandss.com.py\/index\/wp-json\/wp\/v2\/media\/87306"}],"wp:attachment":[{"href":"https:\/\/brandss.com.py\/index\/wp-json\/wp\/v2\/media?parent=87305"}],"wp:term":[{"taxonomy":"product_brand","embeddable":true,"href":"https:\/\/brandss.com.py\/index\/wp-json\/wp\/v2\/product_brand?post=87305"},{"taxonomy":"product_cat","embeddable":true,"href":"https:\/\/brandss.com.py\/index\/wp-json\/wp\/v2\/product_cat?post=87305"},{"taxonomy":"product_tag","embeddable":true,"href":"https:\/\/brandss.com.py\/index\/wp-json\/wp\/v2\/product_tag?post=87305"}],"curies":[{"name":"wp","href":"https:\/\/api.w.org\/{rel}","templated":true}]}}