{"id":87322,"date":"2025-07-30T17:30:54","date_gmt":"2025-07-30T17:30:54","guid":{"rendered":"https:\/\/brandss.com.py\/index\/?post_type=product&#038;p=87322"},"modified":"2025-07-30T17:31:27","modified_gmt":"2025-07-30T17:31:27","slug":"spray-corporal-masculino-galaxy-plus-concept-100-millions-200ml","status":"publish","type":"product","link":"https:\/\/brandss.com.py\/index\/producto\/spray-corporal-masculino-galaxy-plus-concept-100-millions-200ml\/","title":{"rendered":"SPRAY CORPORAL MASCULINO GALAXY PLUS CONCEPT 100 MILLIONS 200ML"},"content":{"rendered":"<p><img loading=\"lazy\" decoding=\"async\" class=\"\" src=\"https:\/\/d8vlg9z1oftyc.cloudfront.net\/bimdistribuidora\/image\/media\/Prancheta46-100jpg-633dba8e76d63.jpg\" alt=\"Galaxy Plus - BIM Distribuidora\" width=\"98\" height=\"38\" \/><\/p>\n<h1>100 MILLIONS<\/h1>\n<p data-start=\"179\" data-end=\"563\">Galaxy Concept 100 Millions es un body spray corporal masculino de origen \u00e1rabe, dise\u00f1ado para ofrecer una fragancia intensa, envolvente y duradera. Su f\u00f3rmula est\u00e1 inspirada en perfumes de alta gama, ofreciendo una alternativa accesible sin comprometer la calidad del aroma. Se presenta en un envase de 200 ml y est\u00e1 dirigido a hombres que buscan proyectar sofisticaci\u00f3n y presencia.<\/p>\n<p data-start=\"565\" data-end=\"588\"><strong data-start=\"565\" data-end=\"588\">Inspiraci\u00f3n \/ Dupe:<\/strong><\/p>\n<p data-start=\"590\" data-end=\"772\">Este perfume es un dupe del popular\u00a01 Million de Paco Rabanne. Reproduce su estilo olfativo con una mezcla c\u00e1lida, especiada y ligeramente dulce, muy caracter\u00edstica del original.<\/p>\n<h3 data-start=\"774\" data-end=\"804\"><strong data-start=\"774\" data-end=\"804\">Notas Olfativas<\/strong><\/h3>\n<p data-start=\"774\" data-end=\"804\">Este perfume es un dupe del popular\u00a01 Million de Paco Rabanne. Reproduce su estilo olfativo con una mezcla c\u00e1lida, especiada y ligeramente dulce, muy caracter\u00edstica del original.<\/p>\n<ul data-start=\"806\" data-end=\"963\">\n<li data-start=\"806\" data-end=\"860\"><strong data-start=\"808\" data-end=\"828\">Notas de salida:<\/strong> pomelo, menta, mandarina roja.<\/li>\n<li data-start=\"861\" data-end=\"909\"><strong data-start=\"863\" data-end=\"884\">Notas de coraz\u00f3n:<\/strong> rosa, canela, especias.<\/li>\n<li data-start=\"910\" data-end=\"963\"><strong data-start=\"912\" data-end=\"931\">Notas de fondo:<\/strong> cuero, \u00e1mbar, maderas blancas.<\/li>\n<\/ul>\n","protected":false},"excerpt":{"rendered":"<p>100 MILLIONS Galaxy Concept 100 Millions es un body spray corporal masculino de origen \u00e1rabe, dise\u00f1ado para ofrecer una fragancia<\/p>\n","protected":false},"featured_media":87323,"comment_status":"open","ping_status":"closed","template":"","meta":{"nf_dc_page":""},"product_brand":[],"product_cat":[85],"product_tag":[],"class_list":{"0":"post-87322","1":"product","2":"type-product","3":"status-publish","4":"has-post-thumbnail","6":"product_cat-cosmeticos","8":"first","9":"instock","10":"shipping-taxable","11":"purchasable","12":"product-type-simple"},"_links":{"self":[{"href":"https:\/\/brandss.com.py\/index\/wp-json\/wp\/v2\/product\/87322","targetHints":{"allow":["GET"]}}],"collection":[{"href":"https:\/\/brandss.com.py\/index\/wp-json\/wp\/v2\/product"}],"about":[{"href":"https:\/\/brandss.com.py\/index\/wp-json\/wp\/v2\/types\/product"}],"replies":[{"embeddable":true,"href":"https:\/\/brandss.com.py\/index\/wp-json\/wp\/v2\/comments?post=87322"}],"version-history":[{"count":1,"href":"https:\/\/brandss.com.py\/index\/wp-json\/wp\/v2\/product\/87322\/revisions"}],"predecessor-version":[{"id":87326,"href":"https:\/\/brandss.com.py\/index\/wp-json\/wp\/v2\/product\/87322\/revisions\/87326"}],"wp:featuredmedia":[{"embeddable":true,"href":"https:\/\/brandss.com.py\/index\/wp-json\/wp\/v2\/media\/87323"}],"wp:attachment":[{"href":"https:\/\/brandss.com.py\/index\/wp-json\/wp\/v2\/media?parent=87322"}],"wp:term":[{"taxonomy":"product_brand","embeddable":true,"href":"https:\/\/brandss.com.py\/index\/wp-json\/wp\/v2\/product_brand?post=87322"},{"taxonomy":"product_cat","embeddable":true,"href":"https:\/\/brandss.com.py\/index\/wp-json\/wp\/v2\/product_cat?post=87322"},{"taxonomy":"product_tag","embeddable":true,"href":"https:\/\/brandss.com.py\/index\/wp-json\/wp\/v2\/product_tag?post=87322"}],"curies":[{"name":"wp","href":"https:\/\/api.w.org\/{rel}","templated":true}]}}