{"id":87327,"date":"2025-07-30T18:12:45","date_gmt":"2025-07-30T18:12:45","guid":{"rendered":"https:\/\/brandss.com.py\/index\/?post_type=product&#038;p=87327"},"modified":"2025-12-09T12:08:51","modified_gmt":"2025-12-09T12:08:51","slug":"perfume-unisex-lattafa-musamam-edp-100ml","status":"publish","type":"product","link":"https:\/\/brandss.com.py\/index\/producto\/perfume-unisex-lattafa-musamam-edp-100ml\/","title":{"rendered":"PERFUME UNISEX LATTAFA MUSAMAM EDP 100ML"},"content":{"rendered":"<p><img loading=\"lazy\" decoding=\"async\" class=\"\" src=\"https:\/\/myscentjourney.s3.us-east-2.amazonaws.com\/2022\/02\/14\/29KIascent_j_marca_1644871114_202.png\" alt=\"MSJ::LATTAFA\" width=\"75\" height=\"89\" \/><\/p>\n<h1>MUSAMAN<\/h1>\n<p>Es una fragancia que irradia sofisticaci\u00f3n y encanto. Elaborado con una meticulosa selecci\u00f3n de notas, este perfume ofrece una experiencia olfativa cautivadora y memorable.<\/p>\n<p>Esta exquisita fragancia encarna la sofisticaci\u00f3n y el encanto, dise\u00f1ada para quienes aprecian las cosas buenas de la vida. Musamam captura la esencia de la opulencia, convirti\u00e9ndola en la fragancia emblem\u00e1tica perfecta para ocasiones especiales o para la elegancia del d\u00eda a d\u00eda.<\/p>\n<p><img loading=\"lazy\" decoding=\"async\" class=\"alignleft\" src=\"https:\/\/www.myperfumeshop.co.nz\/cdn\/shop\/files\/lattafa-musamam-edp-perfume-cologne-578438.jpg?v=1722513633&amp;width=1000\" width=\"614\" height=\"614\" \/><\/p>\n<h3>Notas Olfativas<\/h3>\n<p>&nbsp;<\/p>\n<p><span dir=\"auto\">Musamam<\/span><span dir=\"auto\">\u00a0se inicia con una explosi\u00f3n de c\u00edtricos vibrantes y especias ex\u00f3ticas, que despierta tu esp\u00edritu con su aroma vigorizante. A medida que la fragancia evoluciona, emerge un bouquet de ricas notas florales y amaderadas que te envuelven en lujo y elegancia. La c\u00e1lida base de \u00e1mbar y almizcle deja una estela encantadora, haci\u00e9ndote inolvidable dondequiera que vayas.<\/span><\/p>\n<p class=\"western\">El perfume Musamam<span dir=\"ltr\" lang=\"es-MX\">\u00a0<\/span>de Lattafa es una fragancia de la familia olfativa\u00a0<span dir=\"ltr\" lang=\"es-MX\">arom\u00e1tica amaderada<\/span>\u00a0para mujeres\u00a0<span dir=\"ltr\" lang=\"es-MX\">y hombres<\/span>. Con una concentraci\u00f3n del tipo Parfum, ofrece una intensidad arom\u00e1tica excepcional y una duraci\u00f3n prolongada en la piel. Sus notas est\u00e1n compuestas por los siguientes ingredientes.<\/p>\n<p>&nbsp;<\/p>\n<p>&nbsp;<\/p>\n<p>&nbsp;<\/p>\n<ul>\n<li><strong>Notas de salida:<\/strong>\u00a0Azafr\u00e1n,\u00a0<span dir=\"ltr\" lang=\"es-MX\">m<\/span>andarina\u00a0<span dir=\"ltr\" lang=\"es-MX\">i<\/span>taliana y\u00a0<span dir=\"ltr\" lang=\"es-MX\">l<\/span>avanda.<\/li>\n<li><strong>Nota de coraz\u00f3n:<\/strong>\u00a0Amberwood ,<span dir=\"ltr\" lang=\"es-MX\">c<\/span>edro de Virginia y\u00a0<span dir=\"ltr\" lang=\"es-MX\">g<\/span>eranio.<\/li>\n<li><strong>Notas de fondo:<\/strong>\u00a0Akigalawood,\u00a0<span dir=\"ltr\" lang=\"es-MX\">i<\/span>ncienso y\u00a0<span dir=\"ltr\" lang=\"es-MX\">c<\/span>uero.<\/li>\n<\/ul>\n","protected":false},"excerpt":{"rendered":"<p>MUSAMAN Es una fragancia que irradia sofisticaci\u00f3n y encanto. Elaborado con una meticulosa selecci\u00f3n de notas, este perfume ofrece una<\/p>\n","protected":false},"featured_media":87328,"comment_status":"open","ping_status":"closed","template":"","meta":{"nf_dc_page":""},"product_brand":[109],"product_cat":[84],"product_tag":[662],"class_list":{"0":"post-87327","1":"product","2":"type-product","3":"status-publish","4":"has-post-thumbnail","6":"product_brand-lattafa","7":"product_cat-perfumeria","8":"product_tag-662","10":"first","11":"instock","12":"shipping-taxable","13":"purchasable","14":"product-type-simple"},"_links":{"self":[{"href":"https:\/\/brandss.com.py\/index\/wp-json\/wp\/v2\/product\/87327","targetHints":{"allow":["GET"]}}],"collection":[{"href":"https:\/\/brandss.com.py\/index\/wp-json\/wp\/v2\/product"}],"about":[{"href":"https:\/\/brandss.com.py\/index\/wp-json\/wp\/v2\/types\/product"}],"replies":[{"embeddable":true,"href":"https:\/\/brandss.com.py\/index\/wp-json\/wp\/v2\/comments?post=87327"}],"version-history":[{"count":1,"href":"https:\/\/brandss.com.py\/index\/wp-json\/wp\/v2\/product\/87327\/revisions"}],"predecessor-version":[{"id":87334,"href":"https:\/\/brandss.com.py\/index\/wp-json\/wp\/v2\/product\/87327\/revisions\/87334"}],"wp:featuredmedia":[{"embeddable":true,"href":"https:\/\/brandss.com.py\/index\/wp-json\/wp\/v2\/media\/87328"}],"wp:attachment":[{"href":"https:\/\/brandss.com.py\/index\/wp-json\/wp\/v2\/media?parent=87327"}],"wp:term":[{"taxonomy":"product_brand","embeddable":true,"href":"https:\/\/brandss.com.py\/index\/wp-json\/wp\/v2\/product_brand?post=87327"},{"taxonomy":"product_cat","embeddable":true,"href":"https:\/\/brandss.com.py\/index\/wp-json\/wp\/v2\/product_cat?post=87327"},{"taxonomy":"product_tag","embeddable":true,"href":"https:\/\/brandss.com.py\/index\/wp-json\/wp\/v2\/product_tag?post=87327"}],"curies":[{"name":"wp","href":"https:\/\/api.w.org\/{rel}","templated":true}]}}